{"id":428,"date":"2025-07-19T22:11:14","date_gmt":"2025-07-19T21:11:14","guid":{"rendered":"https:\/\/espirita.store\/?post_type=product&#038;p=428"},"modified":"2025-08-29T21:38:37","modified_gmt":"2025-08-29T20:38:37","slug":"tequila-herradura-silver","status":"publish","type":"product","link":"https:\/\/espirita.store\/?product=tequila-herradura-silver","title":{"rendered":"Tequila Herradura\u00ae Silver"},"content":{"rendered":"<p>750\u202fml<\/p>\n<p data-start=\"279\" data-end=\"466\">Tequila 100% agave azul, de sabor fresco y suave, elaborado con m\u00e9todos tradicionales y destilaci\u00f3n doble. Ideal para c\u00f3cteles o para disfrutar puro con hielo.<\/p>\n<p data-start=\"468\" data-end=\"710\"><br data-start=\"493\" data-end=\"496\" \/><strong data-start=\"496\" data-end=\"505\">Pa\u00eds:<\/strong> M\u00e9xico<br data-start=\"512\" data-end=\"515\" \/><strong data-start=\"515\" data-end=\"530\">Destiler\u00eda:<\/strong> Casa Herradura, Jalisco<br data-start=\"554\" data-end=\"557\" \/><strong data-start=\"557\" data-end=\"566\">Tipo:<\/strong> Tequila blanco (100% agave azul)<br data-start=\"599\" data-end=\"602\" \/><strong data-start=\"602\" data-end=\"612\">Sabor:<\/strong> Agave fresco, notas herbales, c\u00edtricos suaves y final limpio<br data-start=\"673\" data-end=\"676\" \/><strong data-start=\"676\" data-end=\"702\">Graduaci\u00f3n alcoh\u00f3lica:<\/strong> 40% ABV<\/p>\n<p data-start=\"468\" data-end=\"710\"><strong data-start=\"712\" data-end=\"726\">Maridajes:<\/strong><br data-start=\"726\" data-end=\"729\" \/>C\u00f3cteles como margarita, paloma, ceviches, mariscos y botanas ligeras.<\/p>\n","protected":false},"excerpt":{"rendered":"<p>750\u202fml Tequila 100% agave azul, de sabor fresco y suave, elaborado con m\u00e9todos tradicionales y destilaci\u00f3n doble. Ideal para c\u00f3cteles o para disfrutar puro con hielo. Pa\u00eds: M\u00e9xicoDestiler\u00eda: Casa Herradura, JaliscoTipo: Tequila blanco (100% agave azul)Sabor: Agave fresco, notas herbales, c\u00edtricos suaves y final limpioGraduaci\u00f3n alcoh\u00f3lica: 40% ABV Maridajes:C\u00f3cteles como margarita, paloma, ceviches, mariscos y [&hellip;]<\/p>\n","protected":false},"featured_media":429,"comment_status":"open","ping_status":"closed","template":"","meta":[],"product_brand":[],"product_cat":[57],"product_tag":[],"class_list":{"0":"post-428","1":"product","2":"type-product","3":"status-publish","4":"has-post-thumbnail","6":"product_cat-tequila","8":"first","9":"instock","10":"shipping-taxable","11":"purchasable","12":"product-type-simple"},"_links":{"self":[{"href":"https:\/\/espirita.store\/index.php?rest_route=\/wp\/v2\/product\/428","targetHints":{"allow":["GET"]}}],"collection":[{"href":"https:\/\/espirita.store\/index.php?rest_route=\/wp\/v2\/product"}],"about":[{"href":"https:\/\/espirita.store\/index.php?rest_route=\/wp\/v2\/types\/product"}],"replies":[{"embeddable":true,"href":"https:\/\/espirita.store\/index.php?rest_route=%2Fwp%2Fv2%2Fcomments&post=428"}],"wp:featuredmedia":[{"embeddable":true,"href":"https:\/\/espirita.store\/index.php?rest_route=\/wp\/v2\/media\/429"}],"wp:attachment":[{"href":"https:\/\/espirita.store\/index.php?rest_route=%2Fwp%2Fv2%2Fmedia&parent=428"}],"wp:term":[{"taxonomy":"product_brand","embeddable":true,"href":"https:\/\/espirita.store\/index.php?rest_route=%2Fwp%2Fv2%2Fproduct_brand&post=428"},{"taxonomy":"product_cat","embeddable":true,"href":"https:\/\/espirita.store\/index.php?rest_route=%2Fwp%2Fv2%2Fproduct_cat&post=428"},{"taxonomy":"product_tag","embeddable":true,"href":"https:\/\/espirita.store\/index.php?rest_route=%2Fwp%2Fv2%2Fproduct_tag&post=428"}],"curies":[{"name":"wp","href":"https:\/\/api.w.org\/{rel}","templated":true}]}}