{"id":422,"date":"2025-07-19T21:50:25","date_gmt":"2025-07-19T20:50:25","guid":{"rendered":"https:\/\/espirita.store\/?post_type=product&#038;p=422"},"modified":"2025-08-13T23:26:59","modified_gmt":"2025-08-13T22:26:59","slug":"mezcal-senorio-abogado-con-gusano","status":"publish","type":"product","link":"https:\/\/espirita.store\/?product=mezcal-senorio-abogado-con-gusano","title":{"rendered":"Mezcal Se\u00f1or\u00edo Abogado con Gusano"},"content":{"rendered":"<p style=\"text-align: center\">750 ml<\/p>\n<p style=\"text-align: center\" data-start=\"325\" data-end=\"602\">Mezcal artesanal elaborado en Oaxaca con agave espad\u00edn, incluye el tradicional gusano en la botella. Presenta un sabor ahumado intenso y notas terrosas, con un perfil robusto y complejo. Ideal para quienes buscan una experiencia aut\u00e9ntica de mezcal.<\/p>\n<p style=\"text-align: center\" data-start=\"604\" data-end=\"837\"><br data-start=\"629\" data-end=\"632\" \/><strong data-start=\"632\" data-end=\"641\">Pa\u00eds:<\/strong> M\u00e9xico<br data-start=\"648\" data-end=\"651\" \/><strong data-start=\"651\" data-end=\"662\">Regi\u00f3n:<\/strong> Oaxaca<br data-start=\"669\" data-end=\"672\" \/><strong data-start=\"672\" data-end=\"681\">Tipo:<\/strong> Mezcal artesanal con gusano (Agave espad\u00edn)<br data-start=\"725\" data-end=\"728\" \/><strong data-start=\"728\" data-end=\"738\">Sabor:<\/strong> Ahumado, terroso, notas herbales, ligeramente dulce y mineral<br data-start=\"800\" data-end=\"803\" \/><strong data-start=\"803\" data-end=\"829\">Graduaci\u00f3n alcoh\u00f3lica:<\/strong> 40% ABV<\/p>\n<p style=\"text-align: center\" data-start=\"839\" data-end=\"940\"><strong data-start=\"839\" data-end=\"853\">Maridajes:<\/strong><br data-start=\"853\" data-end=\"856\" \/>Carnes asadas, quesos maduros, chiles en nogada, chocolate amargo o para tomar solo.<\/p>\n","protected":false},"excerpt":{"rendered":"<p>750 ml Mezcal artesanal elaborado en Oaxaca con agave espad\u00edn, incluye el tradicional gusano en la botella. Presenta un sabor ahumado intenso y notas terrosas, con un perfil robusto y complejo. Ideal para quienes buscan una experiencia aut\u00e9ntica de mezcal. Pa\u00eds: M\u00e9xicoRegi\u00f3n: OaxacaTipo: Mezcal artesanal con gusano (Agave espad\u00edn)Sabor: Ahumado, terroso, notas herbales, ligeramente dulce [&hellip;]<\/p>\n","protected":false},"featured_media":724,"comment_status":"open","ping_status":"closed","template":"","meta":[],"product_brand":[],"product_cat":[53],"product_tag":[],"class_list":{"0":"post-422","1":"product","2":"type-product","3":"status-publish","4":"has-post-thumbnail","6":"product_cat-mezcal","8":"first","9":"instock","10":"shipping-taxable","11":"purchasable","12":"product-type-simple"},"_links":{"self":[{"href":"https:\/\/espirita.store\/index.php?rest_route=\/wp\/v2\/product\/422","targetHints":{"allow":["GET"]}}],"collection":[{"href":"https:\/\/espirita.store\/index.php?rest_route=\/wp\/v2\/product"}],"about":[{"href":"https:\/\/espirita.store\/index.php?rest_route=\/wp\/v2\/types\/product"}],"replies":[{"embeddable":true,"href":"https:\/\/espirita.store\/index.php?rest_route=%2Fwp%2Fv2%2Fcomments&post=422"}],"wp:featuredmedia":[{"embeddable":true,"href":"https:\/\/espirita.store\/index.php?rest_route=\/wp\/v2\/media\/724"}],"wp:attachment":[{"href":"https:\/\/espirita.store\/index.php?rest_route=%2Fwp%2Fv2%2Fmedia&parent=422"}],"wp:term":[{"taxonomy":"product_brand","embeddable":true,"href":"https:\/\/espirita.store\/index.php?rest_route=%2Fwp%2Fv2%2Fproduct_brand&post=422"},{"taxonomy":"product_cat","embeddable":true,"href":"https:\/\/espirita.store\/index.php?rest_route=%2Fwp%2Fv2%2Fproduct_cat&post=422"},{"taxonomy":"product_tag","embeddable":true,"href":"https:\/\/espirita.store\/index.php?rest_route=%2Fwp%2Fv2%2Fproduct_tag&post=422"}],"curies":[{"name":"wp","href":"https:\/\/api.w.org\/{rel}","templated":true}]}}