{"id":415,"date":"2025-07-19T21:37:38","date_gmt":"2025-07-19T20:37:38","guid":{"rendered":"https:\/\/espirita.store\/?post_type=product&#038;p=415"},"modified":"2025-08-29T21:40:06","modified_gmt":"2025-08-29T20:40:06","slug":"tequila-don-julio-reposado","status":"publish","type":"product","link":"https:\/\/espirita.store\/?product=tequila-don-julio-reposado","title":{"rendered":"Tequila Don Julio\u00ae Reposado"},"content":{"rendered":"<p data-start=\"243\" data-end=\"361\">750\u202fml<\/p>\n<p data-start=\"303\" data-end=\"536\">Tequila 100% agave azul, reposado en barricas de roble blanco durante 8 meses. Destaca por su suavidad, aroma floral y sabor equilibrado entre agave y madera, ideal para disfrutar solo o en c\u00f3cteles finos.<\/p>\n<p data-start=\"538\" data-end=\"806\"><br data-start=\"563\" data-end=\"566\" \/><strong data-start=\"566\" data-end=\"575\">Pa\u00eds:<\/strong> M\u00e9xico<br data-start=\"582\" data-end=\"585\" \/><strong data-start=\"585\" data-end=\"600\">Destiler\u00eda:<\/strong> Casa Don Julio, Jalisco<br data-start=\"624\" data-end=\"627\" \/><strong data-start=\"627\" data-end=\"636\">Tipo:<\/strong> Tequila reposado (100% agave azul)<br data-start=\"671\" data-end=\"674\" \/><strong data-start=\"674\" data-end=\"684\">Sabor:<\/strong> Agave cocido, vainilla, caramelo, especias suaves y notas amaderadas<br data-start=\"753\" data-end=\"756\" \/><strong data-start=\"756\" data-end=\"782\">Graduaci\u00f3n alcoh\u00f3lica:<\/strong> 38\u201340% ABV<\/p>\n<p data-start=\"538\" data-end=\"806\"><strong data-start=\"808\" data-end=\"822\">Maridajes:<\/strong><br data-start=\"822\" data-end=\"825\" \/>Carnes a la parrilla, quesos maduros, guacamole, postres con chocolate o para degustar en las rocas.<\/p>\n","protected":false},"excerpt":{"rendered":"<p>750\u202fml Tequila 100% agave azul, reposado en barricas de roble blanco durante 8 meses. Destaca por su suavidad, aroma floral y sabor equilibrado entre agave y madera, ideal para disfrutar solo o en c\u00f3cteles finos. Pa\u00eds: M\u00e9xicoDestiler\u00eda: Casa Don Julio, JaliscoTipo: Tequila reposado (100% agave azul)Sabor: Agave cocido, vainilla, caramelo, especias suaves y notas amaderadasGraduaci\u00f3n [&hellip;]<\/p>\n","protected":false},"featured_media":416,"comment_status":"open","ping_status":"closed","template":"","meta":[],"product_brand":[],"product_cat":[57],"product_tag":[],"class_list":{"0":"post-415","1":"product","2":"type-product","3":"status-publish","4":"has-post-thumbnail","6":"product_cat-tequila","8":"first","9":"instock","10":"shipping-taxable","11":"purchasable","12":"product-type-simple"},"_links":{"self":[{"href":"https:\/\/espirita.store\/index.php?rest_route=\/wp\/v2\/product\/415","targetHints":{"allow":["GET"]}}],"collection":[{"href":"https:\/\/espirita.store\/index.php?rest_route=\/wp\/v2\/product"}],"about":[{"href":"https:\/\/espirita.store\/index.php?rest_route=\/wp\/v2\/types\/product"}],"replies":[{"embeddable":true,"href":"https:\/\/espirita.store\/index.php?rest_route=%2Fwp%2Fv2%2Fcomments&post=415"}],"wp:featuredmedia":[{"embeddable":true,"href":"https:\/\/espirita.store\/index.php?rest_route=\/wp\/v2\/media\/416"}],"wp:attachment":[{"href":"https:\/\/espirita.store\/index.php?rest_route=%2Fwp%2Fv2%2Fmedia&parent=415"}],"wp:term":[{"taxonomy":"product_brand","embeddable":true,"href":"https:\/\/espirita.store\/index.php?rest_route=%2Fwp%2Fv2%2Fproduct_brand&post=415"},{"taxonomy":"product_cat","embeddable":true,"href":"https:\/\/espirita.store\/index.php?rest_route=%2Fwp%2Fv2%2Fproduct_cat&post=415"},{"taxonomy":"product_tag","embeddable":true,"href":"https:\/\/espirita.store\/index.php?rest_route=%2Fwp%2Fv2%2Fproduct_tag&post=415"}],"curies":[{"name":"wp","href":"https:\/\/api.w.org\/{rel}","templated":true}]}}