{"id":413,"date":"2025-07-19T21:24:47","date_gmt":"2025-07-19T20:24:47","guid":{"rendered":"https:\/\/espirita.store\/?post_type=product&#038;p=413"},"modified":"2025-09-05T20:47:27","modified_gmt":"2025-09-05T19:47:27","slug":"413","status":"publish","type":"product","link":"https:\/\/espirita.store\/?product=413","title":{"rendered":"Absolut\u00ae Citron"},"content":{"rendered":"<p style=\"text-align: center\" data-start=\"299\" data-end=\"495\">1 litro (1000\u202fml)<\/p>\n<p style=\"text-align: center\" data-start=\"299\" data-end=\"495\">Vodka sueco infusionado con sabores naturales de lim\u00f3n y lima. Fresco, c\u00edtrico y suave, es ideal para c\u00f3cteles como el cosmopolitan o para tragos refrescantes con soda.<\/p>\n<p style=\"text-align: center\" data-start=\"497\" data-end=\"740\"><br data-start=\"522\" data-end=\"525\" \/><strong data-start=\"525\" data-end=\"534\">Pa\u00eds:<\/strong> Suecia<br data-start=\"541\" data-end=\"544\" \/><strong data-start=\"544\" data-end=\"559\">Destiler\u00eda:<\/strong> The Absolut Company (\u00c5hus)<br data-start=\"586\" data-end=\"589\" \/><strong data-start=\"589\" data-end=\"598\">Tipo:<\/strong> Vodka saborizado (lim\u00f3n)<br data-start=\"623\" data-end=\"626\" \/><strong data-start=\"626\" data-end=\"636\">Sabor:<\/strong> Lim\u00f3n natural, lima, notas frescas y ligeramente dulces<br data-start=\"692\" data-end=\"695\" \/><strong data-start=\"695\" data-end=\"721\">Graduaci\u00f3n alcoh\u00f3lica:<\/strong> 40% ABV (80 Proof)<\/p>\n<p style=\"text-align: center\" data-start=\"742\" data-end=\"843\"><strong data-start=\"742\" data-end=\"756\">Maridajes:<\/strong><br data-start=\"756\" data-end=\"759\" \/>C\u00f3cteles c\u00edtricos, mariscos, ceviches, frutas tropicales o bebidas con soda y hielo.<\/p>\n","protected":false},"excerpt":{"rendered":"<p>1 litro (1000\u202fml) Vodka sueco infusionado con sabores naturales de lim\u00f3n y lima. Fresco, c\u00edtrico y suave, es ideal para c\u00f3cteles como el cosmopolitan o para tragos refrescantes con soda. Pa\u00eds: SueciaDestiler\u00eda: The Absolut Company (\u00c5hus)Tipo: Vodka saborizado (lim\u00f3n)Sabor: Lim\u00f3n natural, lima, notas frescas y ligeramente dulcesGraduaci\u00f3n alcoh\u00f3lica: 40% ABV (80 Proof) Maridajes:C\u00f3cteles c\u00edtricos, mariscos, [&hellip;]<\/p>\n","protected":false},"featured_media":955,"comment_status":"open","ping_status":"closed","template":"","meta":[],"product_brand":[],"product_cat":[40],"product_tag":[],"class_list":{"0":"post-413","1":"product","2":"type-product","3":"status-publish","4":"has-post-thumbnail","6":"product_cat-vodka","8":"first","9":"instock","10":"shipping-taxable","11":"purchasable","12":"product-type-simple"},"_links":{"self":[{"href":"https:\/\/espirita.store\/index.php?rest_route=\/wp\/v2\/product\/413","targetHints":{"allow":["GET"]}}],"collection":[{"href":"https:\/\/espirita.store\/index.php?rest_route=\/wp\/v2\/product"}],"about":[{"href":"https:\/\/espirita.store\/index.php?rest_route=\/wp\/v2\/types\/product"}],"replies":[{"embeddable":true,"href":"https:\/\/espirita.store\/index.php?rest_route=%2Fwp%2Fv2%2Fcomments&post=413"}],"wp:featuredmedia":[{"embeddable":true,"href":"https:\/\/espirita.store\/index.php?rest_route=\/wp\/v2\/media\/955"}],"wp:attachment":[{"href":"https:\/\/espirita.store\/index.php?rest_route=%2Fwp%2Fv2%2Fmedia&parent=413"}],"wp:term":[{"taxonomy":"product_brand","embeddable":true,"href":"https:\/\/espirita.store\/index.php?rest_route=%2Fwp%2Fv2%2Fproduct_brand&post=413"},{"taxonomy":"product_cat","embeddable":true,"href":"https:\/\/espirita.store\/index.php?rest_route=%2Fwp%2Fv2%2Fproduct_cat&post=413"},{"taxonomy":"product_tag","embeddable":true,"href":"https:\/\/espirita.store\/index.php?rest_route=%2Fwp%2Fv2%2Fproduct_tag&post=413"}],"curies":[{"name":"wp","href":"https:\/\/api.w.org\/{rel}","templated":true}]}}