{"id":412,"date":"2025-07-19T21:23:08","date_gmt":"2025-07-19T20:23:08","guid":{"rendered":"https:\/\/espirita.store\/?post_type=product&#038;p=412"},"modified":"2025-08-13T23:31:08","modified_gmt":"2025-08-13T22:31:08","slug":"skyy-vodka","status":"publish","type":"product","link":"https:\/\/espirita.store\/?product=skyy-vodka","title":{"rendered":"SKYY\u00ae Vodka"},"content":{"rendered":"<p style=\"text-align: center\">1 litro (1000\u202fml)<\/p>\n<p style=\"text-align: center\" data-start=\"288\" data-end=\"504\">Vodka estadounidense ultra puro, destilado cuatro veces y filtrado tres, con agua enriquecida con minerales del Pac\u00edfico. De sabor suave y perfil neutro, es ideal para cocteler\u00eda vers\u00e1til.<\/p>\n<p style=\"text-align: center\" data-start=\"506\" data-end=\"744\"><br data-start=\"531\" data-end=\"534\" \/><strong data-start=\"534\" data-end=\"543\">Pa\u00eds:<\/strong> Estados Unidos<br data-start=\"558\" data-end=\"561\" \/><strong data-start=\"561\" data-end=\"576\">Destiler\u00eda:<\/strong> SKYY Spirits (California)<br data-start=\"602\" data-end=\"605\" \/><strong data-start=\"605\" data-end=\"614\">Tipo:<\/strong> Vodka puro<br data-start=\"625\" data-end=\"628\" \/><strong data-start=\"628\" data-end=\"638\">Sabor:<\/strong> Limpio, suave, con un toque de mineralidad y final fresco<br data-start=\"696\" data-end=\"699\" \/><strong data-start=\"699\" data-end=\"725\">Graduaci\u00f3n alcoh\u00f3lica:<\/strong> 40% ABV (80 Proof)<\/p>\n<p style=\"text-align: center\" data-start=\"746\" data-end=\"858\"><strong data-start=\"746\" data-end=\"760\">Maridajes:<\/strong><br data-start=\"760\" data-end=\"763\" \/>C\u00f3cteles como martini, screwdriver, vodka tonic, ceviches, encurtidos, sushi o botanas saladas.<\/p>\n","protected":false},"excerpt":{"rendered":"<p>1 litro (1000\u202fml) Vodka estadounidense ultra puro, destilado cuatro veces y filtrado tres, con agua enriquecida con minerales del Pac\u00edfico. De sabor suave y perfil neutro, es ideal para cocteler\u00eda vers\u00e1til. Pa\u00eds: Estados UnidosDestiler\u00eda: SKYY Spirits (California)Tipo: Vodka puroSabor: Limpio, suave, con un toque de mineralidad y final frescoGraduaci\u00f3n alcoh\u00f3lica: 40% ABV (80 Proof) Maridajes:C\u00f3cteles [&hellip;]<\/p>\n","protected":false},"featured_media":726,"comment_status":"open","ping_status":"closed","template":"","meta":[],"product_brand":[],"product_cat":[40],"product_tag":[],"class_list":{"0":"post-412","1":"product","2":"type-product","3":"status-publish","4":"has-post-thumbnail","6":"product_cat-vodka","8":"first","9":"instock","10":"shipping-taxable","11":"purchasable","12":"product-type-simple"},"_links":{"self":[{"href":"https:\/\/espirita.store\/index.php?rest_route=\/wp\/v2\/product\/412","targetHints":{"allow":["GET"]}}],"collection":[{"href":"https:\/\/espirita.store\/index.php?rest_route=\/wp\/v2\/product"}],"about":[{"href":"https:\/\/espirita.store\/index.php?rest_route=\/wp\/v2\/types\/product"}],"replies":[{"embeddable":true,"href":"https:\/\/espirita.store\/index.php?rest_route=%2Fwp%2Fv2%2Fcomments&post=412"}],"wp:featuredmedia":[{"embeddable":true,"href":"https:\/\/espirita.store\/index.php?rest_route=\/wp\/v2\/media\/726"}],"wp:attachment":[{"href":"https:\/\/espirita.store\/index.php?rest_route=%2Fwp%2Fv2%2Fmedia&parent=412"}],"wp:term":[{"taxonomy":"product_brand","embeddable":true,"href":"https:\/\/espirita.store\/index.php?rest_route=%2Fwp%2Fv2%2Fproduct_brand&post=412"},{"taxonomy":"product_cat","embeddable":true,"href":"https:\/\/espirita.store\/index.php?rest_route=%2Fwp%2Fv2%2Fproduct_cat&post=412"},{"taxonomy":"product_tag","embeddable":true,"href":"https:\/\/espirita.store\/index.php?rest_route=%2Fwp%2Fv2%2Fproduct_tag&post=412"}],"curies":[{"name":"wp","href":"https:\/\/api.w.org\/{rel}","templated":true}]}}