{"id":411,"date":"2025-07-19T21:21:10","date_gmt":"2025-07-19T20:21:10","guid":{"rendered":"https:\/\/espirita.store\/?post_type=product&#038;p=411"},"modified":"2025-09-05T21:10:59","modified_gmt":"2025-09-05T20:10:59","slug":"absolut-vodka","status":"publish","type":"product","link":"https:\/\/espirita.store\/?product=absolut-vodka","title":{"rendered":"Absolut\u00ae Vodka"},"content":{"rendered":"<p style=\"text-align: center\">1 litro (1000\u202fml)<\/p>\n<p style=\"text-align: center\" data-start=\"296\" data-end=\"522\">Vodka premium sueco, elaborado exclusivamente con trigo de invierno y agua pura de pozo profundo. Destacado por su pureza, suavidad y sabor neutro, ideal para cocteler\u00eda o para tomar solo bien fr\u00edo.<\/p>\n<p style=\"text-align: center\" data-start=\"524\" data-end=\"768\"><br data-start=\"549\" data-end=\"552\" \/><strong data-start=\"552\" data-end=\"561\">Pa\u00eds:<\/strong> Suecia<br data-start=\"568\" data-end=\"571\" \/><strong data-start=\"571\" data-end=\"586\">Destiler\u00eda:<\/strong> Absolut (The Absolut Company, \u00c5hus)<br data-start=\"622\" data-end=\"625\" \/><strong data-start=\"625\" data-end=\"634\">Tipo:<\/strong> Vodka puro<br data-start=\"645\" data-end=\"648\" \/><strong data-start=\"648\" data-end=\"658\">Sabor:<\/strong> Suave, limpio, con ligeras notas de cereal y un final redondo<br data-start=\"720\" data-end=\"723\" \/><strong data-start=\"723\" data-end=\"749\">Graduaci\u00f3n alcoh\u00f3lica:<\/strong> 40% ABV (80 Proof)<\/p>\n<p style=\"text-align: center\" data-start=\"770\" data-end=\"914\"><strong data-start=\"770\" data-end=\"784\">Maridajes:<\/strong><br data-start=\"784\" data-end=\"787\" \/>C\u00f3cteles cl\u00e1sicos (como cosmopolitan, bloody mary, vodka tonic), botanas saladas, encurtidos, mariscos o para shots bien fr\u00edos.<\/p>\n","protected":false},"excerpt":{"rendered":"<p>1 litro (1000\u202fml) Vodka premium sueco, elaborado exclusivamente con trigo de invierno y agua pura de pozo profundo. Destacado por su pureza, suavidad y sabor neutro, ideal para cocteler\u00eda o para tomar solo bien fr\u00edo. Pa\u00eds: SueciaDestiler\u00eda: Absolut (The Absolut Company, \u00c5hus)Tipo: Vodka puroSabor: Suave, limpio, con ligeras notas de cereal y un final redondoGraduaci\u00f3n [&hellip;]<\/p>\n","protected":false},"featured_media":961,"comment_status":"open","ping_status":"closed","template":"","meta":[],"product_brand":[],"product_cat":[40],"product_tag":[],"class_list":{"0":"post-411","1":"product","2":"type-product","3":"status-publish","4":"has-post-thumbnail","6":"product_cat-vodka","8":"first","9":"instock","10":"shipping-taxable","11":"purchasable","12":"product-type-simple"},"_links":{"self":[{"href":"https:\/\/espirita.store\/index.php?rest_route=\/wp\/v2\/product\/411","targetHints":{"allow":["GET"]}}],"collection":[{"href":"https:\/\/espirita.store\/index.php?rest_route=\/wp\/v2\/product"}],"about":[{"href":"https:\/\/espirita.store\/index.php?rest_route=\/wp\/v2\/types\/product"}],"replies":[{"embeddable":true,"href":"https:\/\/espirita.store\/index.php?rest_route=%2Fwp%2Fv2%2Fcomments&post=411"}],"wp:featuredmedia":[{"embeddable":true,"href":"https:\/\/espirita.store\/index.php?rest_route=\/wp\/v2\/media\/961"}],"wp:attachment":[{"href":"https:\/\/espirita.store\/index.php?rest_route=%2Fwp%2Fv2%2Fmedia&parent=411"}],"wp:term":[{"taxonomy":"product_brand","embeddable":true,"href":"https:\/\/espirita.store\/index.php?rest_route=%2Fwp%2Fv2%2Fproduct_brand&post=411"},{"taxonomy":"product_cat","embeddable":true,"href":"https:\/\/espirita.store\/index.php?rest_route=%2Fwp%2Fv2%2Fproduct_cat&post=411"},{"taxonomy":"product_tag","embeddable":true,"href":"https:\/\/espirita.store\/index.php?rest_route=%2Fwp%2Fv2%2Fproduct_tag&post=411"}],"curies":[{"name":"wp","href":"https:\/\/api.w.org\/{rel}","templated":true}]}}