{"id":410,"date":"2025-07-19T21:18:35","date_gmt":"2025-07-19T20:18:35","guid":{"rendered":"https:\/\/espirita.store\/?post_type=product&#038;p=410"},"modified":"2025-08-29T21:40:36","modified_gmt":"2025-08-29T20:40:36","slug":"tequila-1800-blanco","status":"publish","type":"product","link":"https:\/\/espirita.store\/?product=tequila-1800-blanco","title":{"rendered":"Tequila 1800\u00ae Blanco"},"content":{"rendered":"<p style=\"text-align: center\" data-start=\"333\" data-end=\"534\">Tequila 100% agave azul sin a\u00f1ejamiento, ideal para cocteler\u00eda o para disfrutar su sabor puro y fresco. Destilado cuidadosamente para ofrecer una expresi\u00f3n limpia del agave.<\/p>\n<p style=\"text-align: center\" data-start=\"536\" data-end=\"811\"><br data-start=\"561\" data-end=\"564\" \/><strong data-start=\"564\" data-end=\"573\">Pa\u00eds:<\/strong> M\u00e9xico<br data-start=\"580\" data-end=\"583\" \/><strong data-start=\"583\" data-end=\"598\">Destiler\u00eda:<\/strong> Casa Cuervo (Tequila Jes\u00fas Mar\u00eda, Jalisco)<br data-start=\"641\" data-end=\"644\" \/><strong data-start=\"644\" data-end=\"653\">Tipo:<\/strong> Tequila blanco (100% agave azul)<br data-start=\"686\" data-end=\"689\" \/><strong data-start=\"689\" data-end=\"699\">Sabor:<\/strong> Agave cocido, c\u00edtricos, pimienta blanca, notas herbales frescas<br data-start=\"763\" data-end=\"766\" \/><strong data-start=\"766\" data-end=\"792\">Graduaci\u00f3n alcoh\u00f3lica:<\/strong> 40% ABV (80 Proof)<\/p>\n<p style=\"text-align: center\" data-start=\"813\" data-end=\"913\"><strong data-start=\"813\" data-end=\"827\">Maridajes:<\/strong><br data-start=\"827\" data-end=\"830\" \/>Ceviches, aguachiles, tacos de pescado, frutas c\u00edtricas, o en margaritas y palomas.<\/p>\n","protected":false},"excerpt":{"rendered":"<p>Tequila 100% agave azul sin a\u00f1ejamiento, ideal para cocteler\u00eda o para disfrutar su sabor puro y fresco. Destilado cuidadosamente para ofrecer una expresi\u00f3n limpia del agave. Pa\u00eds: M\u00e9xicoDestiler\u00eda: Casa Cuervo (Tequila Jes\u00fas Mar\u00eda, Jalisco)Tipo: Tequila blanco (100% agave azul)Sabor: Agave cocido, c\u00edtricos, pimienta blanca, notas herbales frescasGraduaci\u00f3n alcoh\u00f3lica: 40% ABV (80 Proof) Maridajes:Ceviches, aguachiles, tacos [&hellip;]<\/p>\n","protected":false},"featured_media":727,"comment_status":"open","ping_status":"closed","template":"","meta":[],"product_brand":[],"product_cat":[57],"product_tag":[],"class_list":{"0":"post-410","1":"product","2":"type-product","3":"status-publish","4":"has-post-thumbnail","6":"product_cat-tequila","8":"first","9":"instock","10":"shipping-taxable","11":"purchasable","12":"product-type-simple"},"_links":{"self":[{"href":"https:\/\/espirita.store\/index.php?rest_route=\/wp\/v2\/product\/410","targetHints":{"allow":["GET"]}}],"collection":[{"href":"https:\/\/espirita.store\/index.php?rest_route=\/wp\/v2\/product"}],"about":[{"href":"https:\/\/espirita.store\/index.php?rest_route=\/wp\/v2\/types\/product"}],"replies":[{"embeddable":true,"href":"https:\/\/espirita.store\/index.php?rest_route=%2Fwp%2Fv2%2Fcomments&post=410"}],"wp:featuredmedia":[{"embeddable":true,"href":"https:\/\/espirita.store\/index.php?rest_route=\/wp\/v2\/media\/727"}],"wp:attachment":[{"href":"https:\/\/espirita.store\/index.php?rest_route=%2Fwp%2Fv2%2Fmedia&parent=410"}],"wp:term":[{"taxonomy":"product_brand","embeddable":true,"href":"https:\/\/espirita.store\/index.php?rest_route=%2Fwp%2Fv2%2Fproduct_brand&post=410"},{"taxonomy":"product_cat","embeddable":true,"href":"https:\/\/espirita.store\/index.php?rest_route=%2Fwp%2Fv2%2Fproduct_cat&post=410"},{"taxonomy":"product_tag","embeddable":true,"href":"https:\/\/espirita.store\/index.php?rest_route=%2Fwp%2Fv2%2Fproduct_tag&post=410"}],"curies":[{"name":"wp","href":"https:\/\/api.w.org\/{rel}","templated":true}]}}