{"id":409,"date":"2025-07-19T21:16:05","date_gmt":"2025-07-19T20:16:05","guid":{"rendered":"https:\/\/espirita.store\/?post_type=product&#038;p=409"},"modified":"2025-08-29T21:40:50","modified_gmt":"2025-08-29T20:40:50","slug":"tequila-1800-reposado","status":"publish","type":"product","link":"https:\/\/espirita.store\/?product=tequila-1800-reposado","title":{"rendered":"Tequila 1800\u00ae Reposado"},"content":{"rendered":"<p style=\"text-align: center\" data-start=\"326\" data-end=\"566\">750\u202fml<br data-start=\"351\" data-end=\"354\" \/>Tequila 100% agave azul, reposado durante al menos 6 meses en barricas de roble americano y franc\u00e9s. Equilibra perfectamente la suavidad del agave con notas de madera, ideal para tomar solo o en c\u00f3cteles premium.<\/p>\n<p style=\"text-align: center\" data-start=\"568\" data-end=\"852\"><br data-start=\"593\" data-end=\"596\" \/><strong data-start=\"596\" data-end=\"605\">Pa\u00eds:<\/strong> M\u00e9xico<br data-start=\"612\" data-end=\"615\" \/><strong data-start=\"615\" data-end=\"630\">Destiler\u00eda:<\/strong> Casa Cuervo (Tequila Jes\u00fas Mar\u00eda, Jalisco)<br data-start=\"673\" data-end=\"676\" \/><strong data-start=\"676\" data-end=\"685\">Tipo:<\/strong> Tequila reposado (100% agave azul)<br data-start=\"720\" data-end=\"723\" \/><strong data-start=\"723\" data-end=\"733\">Sabor:<\/strong> Caramelo, vainilla, especias suaves, agave cocido y un toque amaderado<br data-start=\"804\" data-end=\"807\" \/><strong data-start=\"807\" data-end=\"833\">Graduaci\u00f3n alcoh\u00f3lica:<\/strong> 40% ABV (80 Proof)<\/p>\n<p style=\"text-align: center\" data-start=\"854\" data-end=\"960\"><strong data-start=\"854\" data-end=\"868\">Maridajes:<\/strong><br data-start=\"868\" data-end=\"871\" \/>Carnes a la parrilla, tacos de birria, quesos semimaduros, postres con canela o c\u00edtricos.<\/p>\n","protected":false},"excerpt":{"rendered":"<p>750\u202fmlTequila 100% agave azul, reposado durante al menos 6 meses en barricas de roble americano y franc\u00e9s. Equilibra perfectamente la suavidad del agave con notas de madera, ideal para tomar solo o en c\u00f3cteles premium. Pa\u00eds: M\u00e9xicoDestiler\u00eda: Casa Cuervo (Tequila Jes\u00fas Mar\u00eda, Jalisco)Tipo: Tequila reposado (100% agave azul)Sabor: Caramelo, vainilla, especias suaves, agave cocido y [&hellip;]<\/p>\n","protected":false},"featured_media":728,"comment_status":"open","ping_status":"closed","template":"","meta":[],"product_brand":[],"product_cat":[57],"product_tag":[],"class_list":{"0":"post-409","1":"product","2":"type-product","3":"status-publish","4":"has-post-thumbnail","6":"product_cat-tequila","8":"first","9":"instock","10":"shipping-taxable","11":"purchasable","12":"product-type-simple"},"_links":{"self":[{"href":"https:\/\/espirita.store\/index.php?rest_route=\/wp\/v2\/product\/409","targetHints":{"allow":["GET"]}}],"collection":[{"href":"https:\/\/espirita.store\/index.php?rest_route=\/wp\/v2\/product"}],"about":[{"href":"https:\/\/espirita.store\/index.php?rest_route=\/wp\/v2\/types\/product"}],"replies":[{"embeddable":true,"href":"https:\/\/espirita.store\/index.php?rest_route=%2Fwp%2Fv2%2Fcomments&post=409"}],"wp:featuredmedia":[{"embeddable":true,"href":"https:\/\/espirita.store\/index.php?rest_route=\/wp\/v2\/media\/728"}],"wp:attachment":[{"href":"https:\/\/espirita.store\/index.php?rest_route=%2Fwp%2Fv2%2Fmedia&parent=409"}],"wp:term":[{"taxonomy":"product_brand","embeddable":true,"href":"https:\/\/espirita.store\/index.php?rest_route=%2Fwp%2Fv2%2Fproduct_brand&post=409"},{"taxonomy":"product_cat","embeddable":true,"href":"https:\/\/espirita.store\/index.php?rest_route=%2Fwp%2Fv2%2Fproduct_cat&post=409"},{"taxonomy":"product_tag","embeddable":true,"href":"https:\/\/espirita.store\/index.php?rest_route=%2Fwp%2Fv2%2Fproduct_tag&post=409"}],"curies":[{"name":"wp","href":"https:\/\/api.w.org\/{rel}","templated":true}]}}