{"id":408,"date":"2025-07-19T21:10:51","date_gmt":"2025-07-19T20:10:51","guid":{"rendered":"https:\/\/espirita.store\/?post_type=product&#038;p=408"},"modified":"2025-08-29T21:42:02","modified_gmt":"2025-08-29T20:42:02","slug":"tequila-1800-anejo","status":"publish","type":"product","link":"https:\/\/espirita.store\/?product=tequila-1800-anejo","title":{"rendered":"Tequila 1800 A\u00f1ejo"},"content":{"rendered":"<p style=\"text-align: center\" data-start=\"261\" data-end=\"464\">750\u202fml<\/p>\n<p style=\"text-align: center\" data-start=\"261\" data-end=\"464\">Tequila 100% agave azul, a\u00f1ejado durante al menos 14 meses en barricas de roble franc\u00e9s y americano. Su sabor es profundo, suave y complejo, ideal para tomar solo o con hielo.<\/p>\n<p style=\"text-align: center\" data-start=\"466\" data-end=\"740\"><br data-start=\"491\" data-end=\"494\" \/><strong data-start=\"494\" data-end=\"503\">Pa\u00eds:<\/strong> M\u00e9xico<br data-start=\"510\" data-end=\"513\" \/><strong data-start=\"513\" data-end=\"528\">Destiler\u00eda:<\/strong> Casa Cuervo (Tequila Centinela, Jalisco)<br data-start=\"569\" data-end=\"572\" \/><strong data-start=\"572\" data-end=\"581\">Tipo:<\/strong> Tequila a\u00f1ejo (100% agave azul)<br data-start=\"613\" data-end=\"616\" \/><strong data-start=\"616\" data-end=\"626\">Sabor:<\/strong> Caramelo, vainilla, roble tostado, especias suaves y agave cocido<br data-start=\"692\" data-end=\"695\" \/><strong data-start=\"695\" data-end=\"721\">Graduaci\u00f3n alcoh\u00f3lica:<\/strong> 40% ABV (80 Proof)<\/p>\n<p style=\"text-align: center\" data-start=\"742\" data-end=\"864\"><strong data-start=\"742\" data-end=\"756\">Maridajes:<\/strong><br data-start=\"756\" data-end=\"759\" \/>Cortes de carne, quesos maduros, chocolate oscuro, puros, o simplemente solo para degustar en vaso corto.<\/p>\n","protected":false},"excerpt":{"rendered":"<p>750\u202fml Tequila 100% agave azul, a\u00f1ejado durante al menos 14 meses en barricas de roble franc\u00e9s y americano. Su sabor es profundo, suave y complejo, ideal para tomar solo o con hielo. Pa\u00eds: M\u00e9xicoDestiler\u00eda: Casa Cuervo (Tequila Centinela, Jalisco)Tipo: Tequila a\u00f1ejo (100% agave azul)Sabor: Caramelo, vainilla, roble tostado, especias suaves y agave cocidoGraduaci\u00f3n alcoh\u00f3lica: 40% [&hellip;]<\/p>\n","protected":false},"featured_media":729,"comment_status":"open","ping_status":"closed","template":"","meta":[],"product_brand":[],"product_cat":[57],"product_tag":[],"class_list":{"0":"post-408","1":"product","2":"type-product","3":"status-publish","4":"has-post-thumbnail","6":"product_cat-tequila","8":"first","9":"instock","10":"shipping-taxable","11":"purchasable","12":"product-type-simple"},"_links":{"self":[{"href":"https:\/\/espirita.store\/index.php?rest_route=\/wp\/v2\/product\/408","targetHints":{"allow":["GET"]}}],"collection":[{"href":"https:\/\/espirita.store\/index.php?rest_route=\/wp\/v2\/product"}],"about":[{"href":"https:\/\/espirita.store\/index.php?rest_route=\/wp\/v2\/types\/product"}],"replies":[{"embeddable":true,"href":"https:\/\/espirita.store\/index.php?rest_route=%2Fwp%2Fv2%2Fcomments&post=408"}],"wp:featuredmedia":[{"embeddable":true,"href":"https:\/\/espirita.store\/index.php?rest_route=\/wp\/v2\/media\/729"}],"wp:attachment":[{"href":"https:\/\/espirita.store\/index.php?rest_route=%2Fwp%2Fv2%2Fmedia&parent=408"}],"wp:term":[{"taxonomy":"product_brand","embeddable":true,"href":"https:\/\/espirita.store\/index.php?rest_route=%2Fwp%2Fv2%2Fproduct_brand&post=408"},{"taxonomy":"product_cat","embeddable":true,"href":"https:\/\/espirita.store\/index.php?rest_route=%2Fwp%2Fv2%2Fproduct_cat&post=408"},{"taxonomy":"product_tag","embeddable":true,"href":"https:\/\/espirita.store\/index.php?rest_route=%2Fwp%2Fv2%2Fproduct_tag&post=408"}],"curies":[{"name":"wp","href":"https:\/\/api.w.org\/{rel}","templated":true}]}}