{"id":407,"date":"2025-07-19T21:07:16","date_gmt":"2025-07-19T20:07:16","guid":{"rendered":"https:\/\/espirita.store\/?post_type=product&#038;p=407"},"modified":"2025-09-04T21:26:13","modified_gmt":"2025-09-04T20:26:13","slug":"rumchata-pineapple-cream","status":"publish","type":"product","link":"https:\/\/espirita.store\/?product=rumchata-pineapple-cream","title":{"rendered":"RumChata\u00ae Pineapple Cream"},"content":{"rendered":"<p style=\"text-align: center\">750\u202fml<\/p>\n<p style=\"text-align: center\" data-start=\"328\" data-end=\"533\">Licor cremoso a base de ron caribe\u00f1o, crema real y sabor natural a pi\u00f1a tropical. Dulce, suave y refrescante, ideal para tomar solo con hielo, en postres o en c\u00f3cteles frutales.<\/p>\n<p style=\"text-align: center\" data-start=\"535\" data-end=\"760\"><br data-start=\"560\" data-end=\"563\" \/><strong data-start=\"563\" data-end=\"572\">Pa\u00eds:<\/strong> Estados Unidos<br data-start=\"587\" data-end=\"590\" \/><strong data-start=\"590\" data-end=\"600\">Marca:<\/strong> RumChata<br data-start=\"609\" data-end=\"612\" \/><strong data-start=\"612\" data-end=\"621\">Tipo:<\/strong> Licor de ron con crema y sabor a pi\u00f1a<br data-start=\"659\" data-end=\"662\" \/><strong data-start=\"662\" data-end=\"672\">Sabor:<\/strong> Pi\u00f1a madura, crema dulce, vainilla y ron ligero<br data-start=\"720\" data-end=\"723\" \/><strong data-start=\"723\" data-end=\"749\">Graduaci\u00f3n alcoh\u00f3lica:<\/strong> 13.75% ABV<\/p>\n<p style=\"text-align: center\" data-start=\"762\" data-end=\"867\"><strong data-start=\"762\" data-end=\"776\">Maridajes:<\/strong><br data-start=\"776\" data-end=\"779\" \/>Postres frutales, helado de coco, c\u00f3cteles tropicales, reposter\u00eda o como digestivo fr\u00edo.<\/p>\n","protected":false},"excerpt":{"rendered":"<p>750\u202fml Licor cremoso a base de ron caribe\u00f1o, crema real y sabor natural a pi\u00f1a tropical. Dulce, suave y refrescante, ideal para tomar solo con hielo, en postres o en c\u00f3cteles frutales. Pa\u00eds: Estados UnidosMarca: RumChataTipo: Licor de ron con crema y sabor a pi\u00f1aSabor: Pi\u00f1a madura, crema dulce, vainilla y ron ligeroGraduaci\u00f3n alcoh\u00f3lica: 13.75% [&hellip;]<\/p>\n","protected":false},"featured_media":730,"comment_status":"open","ping_status":"closed","template":"","meta":[],"product_brand":[],"product_cat":[41],"product_tag":[],"class_list":{"0":"post-407","1":"product","2":"type-product","3":"status-publish","4":"has-post-thumbnail","6":"product_cat-licor-saborizado","8":"first","9":"instock","10":"shipping-taxable","11":"purchasable","12":"product-type-simple"},"_links":{"self":[{"href":"https:\/\/espirita.store\/index.php?rest_route=\/wp\/v2\/product\/407","targetHints":{"allow":["GET"]}}],"collection":[{"href":"https:\/\/espirita.store\/index.php?rest_route=\/wp\/v2\/product"}],"about":[{"href":"https:\/\/espirita.store\/index.php?rest_route=\/wp\/v2\/types\/product"}],"replies":[{"embeddable":true,"href":"https:\/\/espirita.store\/index.php?rest_route=%2Fwp%2Fv2%2Fcomments&post=407"}],"wp:featuredmedia":[{"embeddable":true,"href":"https:\/\/espirita.store\/index.php?rest_route=\/wp\/v2\/media\/730"}],"wp:attachment":[{"href":"https:\/\/espirita.store\/index.php?rest_route=%2Fwp%2Fv2%2Fmedia&parent=407"}],"wp:term":[{"taxonomy":"product_brand","embeddable":true,"href":"https:\/\/espirita.store\/index.php?rest_route=%2Fwp%2Fv2%2Fproduct_brand&post=407"},{"taxonomy":"product_cat","embeddable":true,"href":"https:\/\/espirita.store\/index.php?rest_route=%2Fwp%2Fv2%2Fproduct_cat&post=407"},{"taxonomy":"product_tag","embeddable":true,"href":"https:\/\/espirita.store\/index.php?rest_route=%2Fwp%2Fv2%2Fproduct_tag&post=407"}],"curies":[{"name":"wp","href":"https:\/\/api.w.org\/{rel}","templated":true}]}}