{"id":405,"date":"2025-07-18T20:06:42","date_gmt":"2025-07-18T19:06:42","guid":{"rendered":"https:\/\/espirita.store\/?post_type=product&#038;p=405"},"modified":"2025-08-29T21:42:35","modified_gmt":"2025-08-29T20:42:35","slug":"405","status":"publish","type":"product","link":"https:\/\/espirita.store\/?product=405","title":{"rendered":"Jose Cuervo\u00ae Especial Reposado"},"content":{"rendered":"<p style=\"text-align: center\">1 litro (1000\u202fm )<\/p>\n<p style=\"text-align: center\" data-start=\"348\" data-end=\"598\">Tequila reposado elaborado con una mezcla de agave azul y otros az\u00facares (mixto), reposado en barricas de roble americano por al menos dos meses. Es uno de los tequilas m\u00e1s populares a nivel mundial, ideal para cocteler\u00eda.<\/p>\n<p style=\"text-align: center\" data-start=\"600\" data-end=\"858\"><br data-start=\"625\" data-end=\"628\" \/><strong data-start=\"628\" data-end=\"637\">Pa\u00eds:<\/strong> M\u00e9xico<br data-start=\"644\" data-end=\"647\" \/><strong data-start=\"647\" data-end=\"662\">Destiler\u00eda:<\/strong> Jose Cuervo (Casa Cuervo, Jalisco)<br data-start=\"697\" data-end=\"700\" \/><strong data-start=\"700\" data-end=\"709\">Tipo:<\/strong> Tequila reposado mixto<br data-start=\"732\" data-end=\"735\" \/><strong data-start=\"735\" data-end=\"745\">Sabor:<\/strong> Vainilla, roble suave, caramelo, especias ligeras y agave cocido<br data-start=\"810\" data-end=\"813\" \/><strong data-start=\"813\" data-end=\"839\">Graduaci\u00f3n alcoh\u00f3lica:<\/strong> 40% ABV (80 Proof)<\/p>\n<p style=\"text-align: center\" data-start=\"860\" data-end=\"970\"><strong data-start=\"860\" data-end=\"874\">Maridajes:<\/strong><br data-start=\"874\" data-end=\"877\" \/>Tacos al pastor, alitas picantes, botanas mexicanas, margaritas y tragos largos con c\u00edtricos.<\/p>\n","protected":false},"excerpt":{"rendered":"<p>1 litro (1000\u202fm ) Tequila reposado elaborado con una mezcla de agave azul y otros az\u00facares (mixto), reposado en barricas de roble americano por al menos dos meses. Es uno de los tequilas m\u00e1s populares a nivel mundial, ideal para cocteler\u00eda. Pa\u00eds: M\u00e9xicoDestiler\u00eda: Jose Cuervo (Casa Cuervo, Jalisco)Tipo: Tequila reposado mixtoSabor: Vainilla, roble suave, caramelo, [&hellip;]<\/p>\n","protected":false},"featured_media":732,"comment_status":"open","ping_status":"closed","template":"","meta":[],"product_brand":[],"product_cat":[57],"product_tag":[],"class_list":{"0":"post-405","1":"product","2":"type-product","3":"status-publish","4":"has-post-thumbnail","6":"product_cat-tequila","8":"first","9":"instock","10":"shipping-taxable","11":"purchasable","12":"product-type-simple"},"_links":{"self":[{"href":"https:\/\/espirita.store\/index.php?rest_route=\/wp\/v2\/product\/405","targetHints":{"allow":["GET"]}}],"collection":[{"href":"https:\/\/espirita.store\/index.php?rest_route=\/wp\/v2\/product"}],"about":[{"href":"https:\/\/espirita.store\/index.php?rest_route=\/wp\/v2\/types\/product"}],"replies":[{"embeddable":true,"href":"https:\/\/espirita.store\/index.php?rest_route=%2Fwp%2Fv2%2Fcomments&post=405"}],"wp:featuredmedia":[{"embeddable":true,"href":"https:\/\/espirita.store\/index.php?rest_route=\/wp\/v2\/media\/732"}],"wp:attachment":[{"href":"https:\/\/espirita.store\/index.php?rest_route=%2Fwp%2Fv2%2Fmedia&parent=405"}],"wp:term":[{"taxonomy":"product_brand","embeddable":true,"href":"https:\/\/espirita.store\/index.php?rest_route=%2Fwp%2Fv2%2Fproduct_brand&post=405"},{"taxonomy":"product_cat","embeddable":true,"href":"https:\/\/espirita.store\/index.php?rest_route=%2Fwp%2Fv2%2Fproduct_cat&post=405"},{"taxonomy":"product_tag","embeddable":true,"href":"https:\/\/espirita.store\/index.php?rest_route=%2Fwp%2Fv2%2Fproduct_tag&post=405"}],"curies":[{"name":"wp","href":"https:\/\/api.w.org\/{rel}","templated":true}]}}