{"id":404,"date":"2025-07-18T19:39:35","date_gmt":"2025-07-18T18:39:35","guid":{"rendered":"https:\/\/espirita.store\/?post_type=product&#038;p=404"},"modified":"2025-08-29T21:42:49","modified_gmt":"2025-08-29T20:42:49","slug":"don-ramon-anejo-cristalino","status":"publish","type":"product","link":"https:\/\/espirita.store\/?product=don-ramon-anejo-cristalino","title":{"rendered":"Don Ram\u00f3n\u00ae A\u00f1ejo Cristalino"},"content":{"rendered":"<p style=\"text-align: center\">750\u202fml<\/p>\n<article class=\"text-token-text-primary w-full\" dir=\"auto\" data-testid=\"conversation-turn-88\" data-scroll-anchor=\"true\">\n<div class=\"text-base my-auto mx-auto pb-10 [--thread-content-margin:--spacing(4)] @[37rem]:[--thread-content-margin:--spacing(6)] @[72rem]:[--thread-content-margin:--spacing(16)] px-(--thread-content-margin)\">\n<div class=\"[--thread-content-max-width:32rem] @[34rem]:[--thread-content-max-width:40rem] @[64rem]:[--thread-content-max-width:48rem] mx-auto flex max-w-(--thread-content-max-width) flex-1 text-base gap-4 md:gap-5 lg:gap-6 group\/turn-messages focus-visible:outline-hidden\">\n<div class=\"group\/conversation-turn relative flex w-full min-w-0 flex-col agent-turn\">\n<div class=\"relative flex-col gap-1 md:gap-3\">\n<div class=\"flex max-w-full flex-col grow\">\n<div class=\"min-h-8 text-message relative flex w-full flex-col items-end gap-2 text-start break-words whitespace-normal [.text-message+&amp;]:mt-5\" dir=\"auto\" data-message-author-role=\"assistant\" data-message-id=\"deb833c1-a623-434a-b110-7f6c76052883\" data-message-model-slug=\"gpt-4o\">\n<div class=\"flex w-full flex-col gap-1 empty:hidden first:pt-[3px]\">\n<div class=\"markdown prose dark:prose-invert w-full break-words dark\">\n<p style=\"text-align: center\" data-start=\"366\" data-end=\"641\">Tequila premium 100% agave azul, a\u00f1ejado y posteriormente filtrado para obtener su claridad caracter\u00edstica. Combina la suavidad y complejidad del a\u00f1ejamiento con una apariencia limpia y brillante. Ideal para quienes buscan elegancia y sabor suave.<\/p>\n<p style=\"text-align: center\" data-start=\"643\" data-end=\"920\"><br data-start=\"668\" data-end=\"671\" \/><strong data-start=\"671\" data-end=\"680\">Pa\u00eds:<\/strong> M\u00e9xico<br data-start=\"687\" data-end=\"690\" \/><strong data-start=\"690\" data-end=\"705\">Destiler\u00eda:<\/strong> Casa Don Ram\u00f3n, Jalisco<br data-start=\"729\" data-end=\"732\" \/><strong data-start=\"732\" data-end=\"741\">Tipo:<\/strong> Tequila a\u00f1ejo cristalino (100% agave azul)<br data-start=\"784\" data-end=\"787\" \/><strong data-start=\"787\" data-end=\"797\">Sabor:<\/strong> Agave cocido, vainilla, madera ligera, frutas secas y un toque de especias<br data-start=\"872\" data-end=\"875\" \/><strong data-start=\"875\" data-end=\"901\">Graduaci\u00f3n alcoh\u00f3lica:<\/strong> 40% ABV (80 Proof)<\/p>\n<p style=\"text-align: center\" data-start=\"922\" data-end=\"1047\"><strong data-start=\"922\" data-end=\"936\">Maridajes:<\/strong><br data-start=\"936\" data-end=\"939\" \/>Cortes finos de carne, chocolate amargo, postres cremosos, quesos a\u00f1ejos o para degustar solo en vaso corto.<\/p>\n<\/div>\n<\/div>\n<\/div>\n<\/div>\n<\/div>\n<\/div>\n<\/div>\n<\/div>\n<\/article>\n<div class=\"pointer-events-none h-px w-px\" aria-hidden=\"true\" data-edge=\"true\"><\/div>\n","protected":false},"excerpt":{"rendered":"<p>750\u202fml Tequila premium 100% agave azul, a\u00f1ejado y posteriormente filtrado para obtener su claridad caracter\u00edstica. Combina la suavidad y complejidad del a\u00f1ejamiento con una apariencia limpia y brillante. Ideal para quienes buscan elegancia y sabor suave. Pa\u00eds: M\u00e9xicoDestiler\u00eda: Casa Don Ram\u00f3n, JaliscoTipo: Tequila a\u00f1ejo cristalino (100% agave azul)Sabor: Agave cocido, vainilla, madera ligera, frutas secas [&hellip;]<\/p>\n","protected":false},"featured_media":731,"comment_status":"open","ping_status":"closed","template":"","meta":[],"product_brand":[],"product_cat":[57],"product_tag":[],"class_list":{"0":"post-404","1":"product","2":"type-product","3":"status-publish","4":"has-post-thumbnail","6":"product_cat-tequila","8":"first","9":"instock","10":"shipping-taxable","11":"purchasable","12":"product-type-simple"},"_links":{"self":[{"href":"https:\/\/espirita.store\/index.php?rest_route=\/wp\/v2\/product\/404","targetHints":{"allow":["GET"]}}],"collection":[{"href":"https:\/\/espirita.store\/index.php?rest_route=\/wp\/v2\/product"}],"about":[{"href":"https:\/\/espirita.store\/index.php?rest_route=\/wp\/v2\/types\/product"}],"replies":[{"embeddable":true,"href":"https:\/\/espirita.store\/index.php?rest_route=%2Fwp%2Fv2%2Fcomments&post=404"}],"wp:featuredmedia":[{"embeddable":true,"href":"https:\/\/espirita.store\/index.php?rest_route=\/wp\/v2\/media\/731"}],"wp:attachment":[{"href":"https:\/\/espirita.store\/index.php?rest_route=%2Fwp%2Fv2%2Fmedia&parent=404"}],"wp:term":[{"taxonomy":"product_brand","embeddable":true,"href":"https:\/\/espirita.store\/index.php?rest_route=%2Fwp%2Fv2%2Fproduct_brand&post=404"},{"taxonomy":"product_cat","embeddable":true,"href":"https:\/\/espirita.store\/index.php?rest_route=%2Fwp%2Fv2%2Fproduct_cat&post=404"},{"taxonomy":"product_tag","embeddable":true,"href":"https:\/\/espirita.store\/index.php?rest_route=%2Fwp%2Fv2%2Fproduct_tag&post=404"}],"curies":[{"name":"wp","href":"https:\/\/api.w.org\/{rel}","templated":true}]}}