{"id":403,"date":"2025-07-18T19:35:34","date_gmt":"2025-07-18T18:35:34","guid":{"rendered":"https:\/\/espirita.store\/?post_type=product&#038;p=403"},"modified":"2025-08-29T21:43:17","modified_gmt":"2025-08-29T20:43:17","slug":"don-julio-blanco","status":"publish","type":"product","link":"https:\/\/espirita.store\/?product=don-julio-blanco","title":{"rendered":"Don Julio\u00ae Blanco"},"content":{"rendered":"<p style=\"text-align: center\">750\u202fml<\/p>\n<p style=\"text-align: center\" data-start=\"306\" data-end=\"531\">Tequila 100% agave azul sin a\u00f1ejamiento, reconocido por su suavidad, frescura y sabor limpio. Es la base de toda la l\u00ednea Don Julio y uno de los favoritos para c\u00f3cteles premium o para tomarse solo.<\/p>\n<p style=\"text-align: center\" data-start=\"533\" data-end=\"803\"><br data-start=\"558\" data-end=\"561\" \/><strong data-start=\"561\" data-end=\"570\">Pa\u00eds:<\/strong> M\u00e9xico<br data-start=\"577\" data-end=\"580\" \/><strong data-start=\"580\" data-end=\"595\">Destiler\u00eda:<\/strong> Tequila Don Julio, Jalisco<br data-start=\"622\" data-end=\"625\" \/><strong data-start=\"625\" data-end=\"634\">Tipo:<\/strong> Tequila blanco (100% agave azul)<br data-start=\"667\" data-end=\"670\" \/><strong data-start=\"670\" data-end=\"680\">Sabor:<\/strong> Agave cocido, lima, toronja, pimienta blanca, con un final limpio y herbal<br data-start=\"755\" data-end=\"758\" \/><strong data-start=\"758\" data-end=\"784\">Graduaci\u00f3n alcoh\u00f3lica:<\/strong> 40% ABV (80 Proof)<\/p>\n<p style=\"text-align: center\" data-start=\"805\" data-end=\"914\"><strong data-start=\"805\" data-end=\"819\">Maridajes:<\/strong><br data-start=\"819\" data-end=\"822\" \/>Tacos de pescado, mariscos, ceviches, guacamole, frutas c\u00edtricas, o en margaritas y palomas.<\/p>\n","protected":false},"excerpt":{"rendered":"<p>750\u202fml Tequila 100% agave azul sin a\u00f1ejamiento, reconocido por su suavidad, frescura y sabor limpio. Es la base de toda la l\u00ednea Don Julio y uno de los favoritos para c\u00f3cteles premium o para tomarse solo. Pa\u00eds: M\u00e9xicoDestiler\u00eda: Tequila Don Julio, JaliscoTipo: Tequila blanco (100% agave azul)Sabor: Agave cocido, lima, toronja, pimienta blanca, con un [&hellip;]<\/p>\n","protected":false},"featured_media":733,"comment_status":"open","ping_status":"closed","template":"","meta":[],"product_brand":[],"product_cat":[57],"product_tag":[],"class_list":{"0":"post-403","1":"product","2":"type-product","3":"status-publish","4":"has-post-thumbnail","6":"product_cat-tequila","8":"first","9":"instock","10":"shipping-taxable","11":"purchasable","12":"product-type-simple"},"_links":{"self":[{"href":"https:\/\/espirita.store\/index.php?rest_route=\/wp\/v2\/product\/403","targetHints":{"allow":["GET"]}}],"collection":[{"href":"https:\/\/espirita.store\/index.php?rest_route=\/wp\/v2\/product"}],"about":[{"href":"https:\/\/espirita.store\/index.php?rest_route=\/wp\/v2\/types\/product"}],"replies":[{"embeddable":true,"href":"https:\/\/espirita.store\/index.php?rest_route=%2Fwp%2Fv2%2Fcomments&post=403"}],"wp:featuredmedia":[{"embeddable":true,"href":"https:\/\/espirita.store\/index.php?rest_route=\/wp\/v2\/media\/733"}],"wp:attachment":[{"href":"https:\/\/espirita.store\/index.php?rest_route=%2Fwp%2Fv2%2Fmedia&parent=403"}],"wp:term":[{"taxonomy":"product_brand","embeddable":true,"href":"https:\/\/espirita.store\/index.php?rest_route=%2Fwp%2Fv2%2Fproduct_brand&post=403"},{"taxonomy":"product_cat","embeddable":true,"href":"https:\/\/espirita.store\/index.php?rest_route=%2Fwp%2Fv2%2Fproduct_cat&post=403"},{"taxonomy":"product_tag","embeddable":true,"href":"https:\/\/espirita.store\/index.php?rest_route=%2Fwp%2Fv2%2Fproduct_tag&post=403"}],"curies":[{"name":"wp","href":"https:\/\/api.w.org\/{rel}","templated":true}]}}