{"id":402,"date":"2025-07-18T00:22:06","date_gmt":"2025-07-17T23:22:06","guid":{"rendered":"https:\/\/espirita.store\/?post_type=product&#038;p=402"},"modified":"2025-08-29T21:43:31","modified_gmt":"2025-08-29T20:43:31","slug":"patron-silver","status":"publish","type":"product","link":"https:\/\/espirita.store\/?product=patron-silver","title":{"rendered":"Patr\u00f3n\u00ae Silver"},"content":{"rendered":"<p style=\"text-align: center\">750\u202fml<\/p>\n<p style=\"text-align: center\" data-start=\"310\" data-end=\"539\">Tequila 100% agave azul, sin a\u00f1ejamiento, conocido por su pureza, frescura y suavidad. Es uno de los tequilas blancos premium m\u00e1s reconocidos a nivel mundial, ideal para c\u00f3cteles o para disfrutar solo.<\/p>\n<p style=\"text-align: center\" data-start=\"541\" data-end=\"790\"><strong data-start=\"541\" data-end=\"566\">Detalle del producto:<\/strong><br data-start=\"566\" data-end=\"569\" \/><strong data-start=\"569\" data-end=\"578\">Pa\u00eds:<\/strong> M\u00e9xico<br data-start=\"585\" data-end=\"588\" \/><strong data-start=\"588\" data-end=\"603\">Destiler\u00eda:<\/strong> Hacienda Patr\u00f3n, Jalisco<br data-start=\"628\" data-end=\"631\" \/><strong data-start=\"631\" data-end=\"640\">Tipo:<\/strong> Tequila blanco (100% agave azul)<br data-start=\"673\" data-end=\"676\" \/><strong data-start=\"676\" data-end=\"686\">Sabor:<\/strong> Agave fresco, c\u00edtricos, pimienta blanca, hierbas suaves<br data-start=\"742\" data-end=\"745\" \/><strong data-start=\"745\" data-end=\"771\">Graduaci\u00f3n alcoh\u00f3lica:<\/strong> 40% ABV (80 Proof)<\/p>\n<p style=\"text-align: center\" data-start=\"792\" data-end=\"927\"><strong data-start=\"792\" data-end=\"806\">Maridajes:<\/strong><br data-start=\"806\" data-end=\"809\" \/>Ceviches, mariscos, tacos al pastor, frutas c\u00edtricas, o en c\u00f3cteles cl\u00e1sicos<\/p>\n<p style=\"text-align: center\" data-start=\"792\" data-end=\"927\">como margaritas, palomas o tequila tonic.<\/p>\n","protected":false},"excerpt":{"rendered":"<p>750\u202fml Tequila 100% agave azul, sin a\u00f1ejamiento, conocido por su pureza, frescura y suavidad. Es uno de los tequilas blancos premium m\u00e1s reconocidos a nivel mundial, ideal para c\u00f3cteles o para disfrutar solo. Detalle del producto:Pa\u00eds: M\u00e9xicoDestiler\u00eda: Hacienda Patr\u00f3n, JaliscoTipo: Tequila blanco (100% agave azul)Sabor: Agave fresco, c\u00edtricos, pimienta blanca, hierbas suavesGraduaci\u00f3n alcoh\u00f3lica: 40% ABV [&hellip;]<\/p>\n","protected":false},"featured_media":457,"comment_status":"open","ping_status":"closed","template":"","meta":[],"product_brand":[],"product_cat":[57],"product_tag":[],"class_list":{"0":"post-402","1":"product","2":"type-product","3":"status-publish","4":"has-post-thumbnail","6":"product_cat-tequila","8":"first","9":"instock","10":"shipping-taxable","11":"purchasable","12":"product-type-simple"},"_links":{"self":[{"href":"https:\/\/espirita.store\/index.php?rest_route=\/wp\/v2\/product\/402","targetHints":{"allow":["GET"]}}],"collection":[{"href":"https:\/\/espirita.store\/index.php?rest_route=\/wp\/v2\/product"}],"about":[{"href":"https:\/\/espirita.store\/index.php?rest_route=\/wp\/v2\/types\/product"}],"replies":[{"embeddable":true,"href":"https:\/\/espirita.store\/index.php?rest_route=%2Fwp%2Fv2%2Fcomments&post=402"}],"wp:featuredmedia":[{"embeddable":true,"href":"https:\/\/espirita.store\/index.php?rest_route=\/wp\/v2\/media\/457"}],"wp:attachment":[{"href":"https:\/\/espirita.store\/index.php?rest_route=%2Fwp%2Fv2%2Fmedia&parent=402"}],"wp:term":[{"taxonomy":"product_brand","embeddable":true,"href":"https:\/\/espirita.store\/index.php?rest_route=%2Fwp%2Fv2%2Fproduct_brand&post=402"},{"taxonomy":"product_cat","embeddable":true,"href":"https:\/\/espirita.store\/index.php?rest_route=%2Fwp%2Fv2%2Fproduct_cat&post=402"},{"taxonomy":"product_tag","embeddable":true,"href":"https:\/\/espirita.store\/index.php?rest_route=%2Fwp%2Fv2%2Fproduct_tag&post=402"}],"curies":[{"name":"wp","href":"https:\/\/api.w.org\/{rel}","templated":true}]}}