{"id":400,"date":"2025-07-18T00:11:47","date_gmt":"2025-07-17T23:11:47","guid":{"rendered":"https:\/\/espirita.store\/?post_type=product&#038;p=400"},"modified":"2025-09-04T07:11:43","modified_gmt":"2025-09-04T06:11:43","slug":"jim-beam-apple","status":"publish","type":"product","link":"https:\/\/espirita.store\/?product=jim-beam-apple","title":{"rendered":"Jim Beam\u00ae Apple"},"content":{"rendered":"<p style=\"text-align: center\" data-start=\"267\" data-end=\"299\">750\u202fml<\/p>\n<p style=\"text-align: center\" data-start=\"409\" data-end=\"603\">Licor que mezcla el cl\u00e1sico bourbon Jim Beam con un sabor refrescante a manzana verde. Dulce, frutal y suave, ideal para shots fr\u00edos o mezclas simples y refrescantes.<\/p>\n<p style=\"text-align: center\" data-start=\"605\" data-end=\"888\"><br data-start=\"630\" data-end=\"633\" \/><strong data-start=\"633\" data-end=\"642\">Pa\u00eds:<\/strong> Estados Unidos<br data-start=\"657\" data-end=\"660\" \/><strong data-start=\"660\" data-end=\"675\">Destiler\u00eda:<\/strong> Jim Beam Distillery (Kentucky)<br data-start=\"706\" data-end=\"709\" \/><strong data-start=\"709\" data-end=\"718\">Tipo:<\/strong> Bourbon whiskey saborizado con manzana verde<br data-start=\"763\" data-end=\"766\" \/><strong data-start=\"766\" data-end=\"776\">Sabor:<\/strong> Manzana verde crujiente, caramelo, vainilla y un toque de roble<br data-start=\"840\" data-end=\"843\" \/><strong data-start=\"843\" data-end=\"869\">Graduaci\u00f3n alcoh\u00f3lica:<\/strong> 35% ABV (70 Proof)<\/p>\n<p style=\"text-align: center\" data-start=\"890\" data-end=\"1024\"><strong data-start=\"890\" data-end=\"904\">Maridajes:<\/strong><br data-start=\"904\" data-end=\"907\" \/>Coca-Cola (para el cl\u00e1sico &#8220;Apple &amp; Cola&#8221;), ginger ale, postres de manzana, carnes glaseadas o simplemente con hielo.<\/p>\n","protected":false},"excerpt":{"rendered":"<p>750\u202fml Licor que mezcla el cl\u00e1sico bourbon Jim Beam con un sabor refrescante a manzana verde. Dulce, frutal y suave, ideal para shots fr\u00edos o mezclas simples y refrescantes. Pa\u00eds: Estados UnidosDestiler\u00eda: Jim Beam Distillery (Kentucky)Tipo: Bourbon whiskey saborizado con manzana verdeSabor: Manzana verde crujiente, caramelo, vainilla y un toque de robleGraduaci\u00f3n alcoh\u00f3lica: 35% ABV [&hellip;]<\/p>\n","protected":false},"featured_media":902,"comment_status":"open","ping_status":"closed","template":"","meta":[],"product_brand":[],"product_cat":[48],"product_tag":[],"class_list":{"0":"post-400","1":"product","2":"type-product","3":"status-publish","4":"has-post-thumbnail","6":"product_cat-whiskey","8":"first","9":"instock","10":"shipping-taxable","11":"purchasable","12":"product-type-simple"},"_links":{"self":[{"href":"https:\/\/espirita.store\/index.php?rest_route=\/wp\/v2\/product\/400","targetHints":{"allow":["GET"]}}],"collection":[{"href":"https:\/\/espirita.store\/index.php?rest_route=\/wp\/v2\/product"}],"about":[{"href":"https:\/\/espirita.store\/index.php?rest_route=\/wp\/v2\/types\/product"}],"replies":[{"embeddable":true,"href":"https:\/\/espirita.store\/index.php?rest_route=%2Fwp%2Fv2%2Fcomments&post=400"}],"wp:featuredmedia":[{"embeddable":true,"href":"https:\/\/espirita.store\/index.php?rest_route=\/wp\/v2\/media\/902"}],"wp:attachment":[{"href":"https:\/\/espirita.store\/index.php?rest_route=%2Fwp%2Fv2%2Fmedia&parent=400"}],"wp:term":[{"taxonomy":"product_brand","embeddable":true,"href":"https:\/\/espirita.store\/index.php?rest_route=%2Fwp%2Fv2%2Fproduct_brand&post=400"},{"taxonomy":"product_cat","embeddable":true,"href":"https:\/\/espirita.store\/index.php?rest_route=%2Fwp%2Fv2%2Fproduct_cat&post=400"},{"taxonomy":"product_tag","embeddable":true,"href":"https:\/\/espirita.store\/index.php?rest_route=%2Fwp%2Fv2%2Fproduct_tag&post=400"}],"curies":[{"name":"wp","href":"https:\/\/api.w.org\/{rel}","templated":true}]}}