{"id":395,"date":"2025-07-16T06:47:43","date_gmt":"2025-07-16T05:47:43","guid":{"rendered":"https:\/\/espirita.store\/?post_type=product&#038;p=395"},"modified":"2025-08-29T21:44:15","modified_gmt":"2025-08-29T20:44:15","slug":"tequila-patron-anejo","status":"publish","type":"product","link":"https:\/\/espirita.store\/?product=tequila-patron-anejo","title":{"rendered":"Tequila Patr\u00f3n A\u00f1ejo"},"content":{"rendered":"<p style=\"text-align: center\">750\u202fml<\/p>\n<p style=\"text-align: center\" data-start=\"301\" data-end=\"499\">Tequila 100% agave azul, envejecido en barricas de roble durante m\u00e1s de 12 meses. Ofrece una experiencia suave y compleja, ideal para degustar solo o en c\u00f3cteles premium.<\/p>\n<p style=\"text-align: center\" data-start=\"501\" data-end=\"765\"><br data-start=\"526\" data-end=\"529\" \/><strong data-start=\"529\" data-end=\"538\">Pa\u00eds:<\/strong> M\u00e9xico<br data-start=\"545\" data-end=\"548\" \/><strong data-start=\"548\" data-end=\"563\">Destiler\u00eda:<\/strong> Hacienda Patr\u00f3n, Jalisco<br data-start=\"588\" data-end=\"591\" \/><strong data-start=\"591\" data-end=\"600\">Tipo:<\/strong> Tequila a\u00f1ejo (100% agave azul)<br data-start=\"632\" data-end=\"635\" \/><strong data-start=\"635\" data-end=\"645\">Sabor:<\/strong> Vainilla, miel, caramelo, roble tostado, especias suaves y agave cocido<br data-start=\"717\" data-end=\"720\" \/><strong data-start=\"720\" data-end=\"746\">Graduaci\u00f3n alcoh\u00f3lica:<\/strong> 40% ABV (80 Proof)<\/p>\n<p style=\"text-align: center\" data-start=\"767\" data-end=\"893\"><strong data-start=\"767\" data-end=\"781\">Maridajes:<\/strong><br data-start=\"781\" data-end=\"784\" \/>Carnes a la parrilla, chocolate amargo, quesos maduros, puros o solo en vaso corto para disfrutar lentamente.<\/p>\n","protected":false},"excerpt":{"rendered":"<p>750\u202fml Tequila 100% agave azul, envejecido en barricas de roble durante m\u00e1s de 12 meses. Ofrece una experiencia suave y compleja, ideal para degustar solo o en c\u00f3cteles premium. Pa\u00eds: M\u00e9xicoDestiler\u00eda: Hacienda Patr\u00f3n, JaliscoTipo: Tequila a\u00f1ejo (100% agave azul)Sabor: Vainilla, miel, caramelo, roble tostado, especias suaves y agave cocidoGraduaci\u00f3n alcoh\u00f3lica: 40% ABV (80 Proof) Maridajes:Carnes [&hellip;]<\/p>\n","protected":false},"featured_media":737,"comment_status":"open","ping_status":"closed","template":"","meta":[],"product_brand":[],"product_cat":[57],"product_tag":[],"class_list":{"0":"post-395","1":"product","2":"type-product","3":"status-publish","4":"has-post-thumbnail","6":"product_cat-tequila","8":"first","9":"instock","10":"shipping-taxable","11":"purchasable","12":"product-type-simple"},"_links":{"self":[{"href":"https:\/\/espirita.store\/index.php?rest_route=\/wp\/v2\/product\/395","targetHints":{"allow":["GET"]}}],"collection":[{"href":"https:\/\/espirita.store\/index.php?rest_route=\/wp\/v2\/product"}],"about":[{"href":"https:\/\/espirita.store\/index.php?rest_route=\/wp\/v2\/types\/product"}],"replies":[{"embeddable":true,"href":"https:\/\/espirita.store\/index.php?rest_route=%2Fwp%2Fv2%2Fcomments&post=395"}],"wp:featuredmedia":[{"embeddable":true,"href":"https:\/\/espirita.store\/index.php?rest_route=\/wp\/v2\/media\/737"}],"wp:attachment":[{"href":"https:\/\/espirita.store\/index.php?rest_route=%2Fwp%2Fv2%2Fmedia&parent=395"}],"wp:term":[{"taxonomy":"product_brand","embeddable":true,"href":"https:\/\/espirita.store\/index.php?rest_route=%2Fwp%2Fv2%2Fproduct_brand&post=395"},{"taxonomy":"product_cat","embeddable":true,"href":"https:\/\/espirita.store\/index.php?rest_route=%2Fwp%2Fv2%2Fproduct_cat&post=395"},{"taxonomy":"product_tag","embeddable":true,"href":"https:\/\/espirita.store\/index.php?rest_route=%2Fwp%2Fv2%2Fproduct_tag&post=395"}],"curies":[{"name":"wp","href":"https:\/\/api.w.org\/{rel}","templated":true}]}}