{"id":394,"date":"2025-07-16T06:41:37","date_gmt":"2025-07-16T05:41:37","guid":{"rendered":"https:\/\/espirita.store\/?post_type=product&#038;p=394"},"modified":"2025-09-05T21:22:24","modified_gmt":"2025-09-05T20:22:24","slug":"jim-beam-peach-bourbon","status":"publish","type":"product","link":"https:\/\/espirita.store\/?product=jim-beam-peach-bourbon","title":{"rendered":"Jim Beam\u00ae Peach Bourbon"},"content":{"rendered":"<p style=\"text-align: center\">750\u202fml<\/p>\n<p style=\"text-align: center\" data-start=\"309\" data-end=\"517\">Licor que combina el cl\u00e1sico bourbon de Kentucky de Jim Beam con sabor natural a durazno. Suave, dulce y muy vers\u00e1til, ideal para c\u00f3cteles refrescantes o para tomar solo con hielo.<\/p>\n<p style=\"text-align: center\" data-start=\"519\" data-end=\"803\"><br data-start=\"544\" data-end=\"547\" \/><strong data-start=\"547\" data-end=\"556\">Pa\u00eds:<\/strong> Estados Unidos<br data-start=\"571\" data-end=\"574\" \/><strong data-start=\"574\" data-end=\"589\">Destiler\u00eda:<\/strong> Jim Beam Distillery (Kentucky)<br data-start=\"620\" data-end=\"623\" \/><strong data-start=\"623\" data-end=\"632\">Tipo:<\/strong> Bourbon whiskey saborizado con durazno<br data-start=\"671\" data-end=\"674\" \/><strong data-start=\"674\" data-end=\"684\">Sabor:<\/strong> Durazno maduro, caramelo, vainilla, roble suave y un toque especiado<br data-start=\"753\" data-end=\"756\" \/><strong data-start=\"756\" data-end=\"782\">Graduaci\u00f3n alcoh\u00f3lica:<\/strong> 32.5% ABV (65 Proof)<\/p>\n<p style=\"text-align: center\" data-start=\"805\" data-end=\"920\"><strong data-start=\"805\" data-end=\"819\">Maridajes:<\/strong><br data-start=\"819\" data-end=\"822\" \/>T\u00e9 helado, limonadas, postres con fruta, carnes a la barbacoa, o como base para c\u00f3cteles frutales.<\/p>\n","protected":false},"excerpt":{"rendered":"<p>750\u202fml Licor que combina el cl\u00e1sico bourbon de Kentucky de Jim Beam con sabor natural a durazno. Suave, dulce y muy vers\u00e1til, ideal para c\u00f3cteles refrescantes o para tomar solo con hielo. Pa\u00eds: Estados UnidosDestiler\u00eda: Jim Beam Distillery (Kentucky)Tipo: Bourbon whiskey saborizado con duraznoSabor: Durazno maduro, caramelo, vainilla, roble suave y un toque especiadoGraduaci\u00f3n alcoh\u00f3lica: [&hellip;]<\/p>\n","protected":false},"featured_media":968,"comment_status":"open","ping_status":"closed","template":"","meta":[],"product_brand":[],"product_cat":[48],"product_tag":[],"class_list":{"0":"post-394","1":"product","2":"type-product","3":"status-publish","4":"has-post-thumbnail","6":"product_cat-whiskey","8":"first","9":"instock","10":"shipping-taxable","11":"purchasable","12":"product-type-simple"},"_links":{"self":[{"href":"https:\/\/espirita.store\/index.php?rest_route=\/wp\/v2\/product\/394","targetHints":{"allow":["GET"]}}],"collection":[{"href":"https:\/\/espirita.store\/index.php?rest_route=\/wp\/v2\/product"}],"about":[{"href":"https:\/\/espirita.store\/index.php?rest_route=\/wp\/v2\/types\/product"}],"replies":[{"embeddable":true,"href":"https:\/\/espirita.store\/index.php?rest_route=%2Fwp%2Fv2%2Fcomments&post=394"}],"wp:featuredmedia":[{"embeddable":true,"href":"https:\/\/espirita.store\/index.php?rest_route=\/wp\/v2\/media\/968"}],"wp:attachment":[{"href":"https:\/\/espirita.store\/index.php?rest_route=%2Fwp%2Fv2%2Fmedia&parent=394"}],"wp:term":[{"taxonomy":"product_brand","embeddable":true,"href":"https:\/\/espirita.store\/index.php?rest_route=%2Fwp%2Fv2%2Fproduct_brand&post=394"},{"taxonomy":"product_cat","embeddable":true,"href":"https:\/\/espirita.store\/index.php?rest_route=%2Fwp%2Fv2%2Fproduct_cat&post=394"},{"taxonomy":"product_tag","embeddable":true,"href":"https:\/\/espirita.store\/index.php?rest_route=%2Fwp%2Fv2%2Fproduct_tag&post=394"}],"curies":[{"name":"wp","href":"https:\/\/api.w.org\/{rel}","templated":true}]}}