{"id":391,"date":"2025-07-16T06:36:11","date_gmt":"2025-07-16T05:36:11","guid":{"rendered":"https:\/\/espirita.store\/?post_type=product&#038;p=391"},"modified":"2025-10-18T00:18:57","modified_gmt":"2025-10-17T23:18:57","slug":"buchanans-deluxe-12-years","status":"publish","type":"product","link":"https:\/\/espirita.store\/?product=buchanans-deluxe-12-years","title":{"rendered":"Buchanan\u2019s\u00ae Deluxe 12 Years"},"content":{"rendered":"<p style=\"text-align: center\">1 litro (1000\u202fml)<\/p>\n<p style=\"text-align: center\" data-start=\"318\" data-end=\"547\">Whisky escoc\u00e9s blended envejecido 12 a\u00f1os, de perfil suave, elegante y balanceado. Es uno de los whiskies m\u00e1s reconocidos en Latinoam\u00e9rica, ideal para tomar solo, con hielo o mezclado con agua mineral.<\/p>\n<p style=\"text-align: center\" data-start=\"549\" data-end=\"805\"><br data-start=\"574\" data-end=\"577\" \/><strong data-start=\"577\" data-end=\"586\">Pa\u00eds:<\/strong> Escocia<br data-start=\"594\" data-end=\"597\" \/><strong data-start=\"597\" data-end=\"612\">Destiler\u00eda:<\/strong> Buchanan\u2019s (Diageo)<br data-start=\"632\" data-end=\"635\" \/><strong data-start=\"635\" data-end=\"644\">Tipo:<\/strong> Blended Scotch Whisky (12 a\u00f1os)<br data-start=\"676\" data-end=\"679\" \/><strong data-start=\"679\" data-end=\"689\">Sabor:<\/strong> Frutas secas, miel, roble suave, vainilla y un toque de humo ligero<br data-start=\"757\" data-end=\"760\" \/><strong data-start=\"760\" data-end=\"786\">Graduaci\u00f3n alcoh\u00f3lica:<\/strong> 40% ABV (80 Proof)<\/p>\n<p style=\"text-align: center\" data-start=\"807\" data-end=\"938\"><strong data-start=\"807\" data-end=\"821\">Maridajes:<\/strong><br data-start=\"821\" data-end=\"824\" \/>Carnes al horno, jam\u00f3n ahumado, quesos maduros, nueces, o en un trago largo con agua mineral con gas o ginger ale.<\/p>\n","protected":false},"excerpt":{"rendered":"<p>1 litro (1000\u202fml) Whisky escoc\u00e9s blended envejecido 12 a\u00f1os, de perfil suave, elegante y balanceado. Es uno de los whiskies m\u00e1s reconocidos en Latinoam\u00e9rica, ideal para tomar solo, con hielo o mezclado con agua mineral. Pa\u00eds: EscociaDestiler\u00eda: Buchanan\u2019s (Diageo)Tipo: Blended Scotch Whisky (12 a\u00f1os)Sabor: Frutas secas, miel, roble suave, vainilla y un toque de humo [&hellip;]<\/p>\n","protected":false},"featured_media":397,"comment_status":"open","ping_status":"closed","template":"","meta":[],"product_brand":[],"product_cat":[48],"product_tag":[],"class_list":{"0":"post-391","1":"product","2":"type-product","3":"status-publish","4":"has-post-thumbnail","6":"product_cat-whiskey","8":"first","9":"instock","10":"shipping-taxable","11":"purchasable","12":"product-type-simple"},"_links":{"self":[{"href":"https:\/\/espirita.store\/index.php?rest_route=\/wp\/v2\/product\/391","targetHints":{"allow":["GET"]}}],"collection":[{"href":"https:\/\/espirita.store\/index.php?rest_route=\/wp\/v2\/product"}],"about":[{"href":"https:\/\/espirita.store\/index.php?rest_route=\/wp\/v2\/types\/product"}],"replies":[{"embeddable":true,"href":"https:\/\/espirita.store\/index.php?rest_route=%2Fwp%2Fv2%2Fcomments&post=391"}],"wp:featuredmedia":[{"embeddable":true,"href":"https:\/\/espirita.store\/index.php?rest_route=\/wp\/v2\/media\/397"}],"wp:attachment":[{"href":"https:\/\/espirita.store\/index.php?rest_route=%2Fwp%2Fv2%2Fmedia&parent=391"}],"wp:term":[{"taxonomy":"product_brand","embeddable":true,"href":"https:\/\/espirita.store\/index.php?rest_route=%2Fwp%2Fv2%2Fproduct_brand&post=391"},{"taxonomy":"product_cat","embeddable":true,"href":"https:\/\/espirita.store\/index.php?rest_route=%2Fwp%2Fv2%2Fproduct_cat&post=391"},{"taxonomy":"product_tag","embeddable":true,"href":"https:\/\/espirita.store\/index.php?rest_route=%2Fwp%2Fv2%2Fproduct_tag&post=391"}],"curies":[{"name":"wp","href":"https:\/\/api.w.org\/{rel}","templated":true}]}}