{"id":389,"date":"2025-07-16T06:32:16","date_gmt":"2025-07-16T05:32:16","guid":{"rendered":"https:\/\/espirita.store\/?post_type=product&#038;p=389"},"modified":"2025-09-01T21:20:13","modified_gmt":"2025-09-01T20:20:13","slug":"389","status":"publish","type":"product","link":"https:\/\/espirita.store\/?product=389","title":{"rendered":"Crown Royal\u00ae Regal Apple"},"content":{"rendered":"<p style=\"text-align: center\">750\u202fml<\/p>\n<p style=\"text-align: center\" data-start=\"316\" data-end=\"555\">Licor suave y afrutado elaborado a partir del cl\u00e1sico whisky canadiense Crown Royal, infusionado con sabor natural a manzana verde. Dulce, equilibrado y muy arom\u00e1tico, ideal para tomar solo, en shots o mezclado.<\/p>\n<p style=\"text-align: center\" data-start=\"316\" data-end=\"555\"><strong data-start=\"585\" data-end=\"594\">Pa\u00eds:<\/strong> Canad\u00e1<br data-start=\"601\" data-end=\"604\" \/><strong data-start=\"604\" data-end=\"619\">Destiler\u00eda:<\/strong> Crown Royal<br data-start=\"631\" data-end=\"634\" \/><strong data-start=\"634\" data-end=\"643\">Tipo:<\/strong> Whisky canadiense saborizado con manzana<br data-start=\"684\" data-end=\"687\" \/><strong data-start=\"687\" data-end=\"697\">Sabor:<\/strong> Manzana verde fresca, caramelo suave, especias ligeras y un final sedoso<br data-start=\"770\" data-end=\"773\" \/><strong data-start=\"773\" data-end=\"799\">Graduaci\u00f3n alcoh\u00f3lica:<\/strong> 35% ABV (70 Proof)<\/p>\n<p style=\"text-align: center\" data-start=\"820\" data-end=\"955\"><strong data-start=\"820\" data-end=\"834\">Maridajes:<\/strong><br data-start=\"834\" data-end=\"837\" \/>Postres con manzana o caramelo, carnes ahumadas, queso cheddar, o en c\u00f3cteles como el \u201cApple Mule\u201d o \u201cApple &amp; Ginger\u201d.<\/p>\n","protected":false},"excerpt":{"rendered":"<p>750\u202fml Licor suave y afrutado elaborado a partir del cl\u00e1sico whisky canadiense Crown Royal, infusionado con sabor natural a manzana verde. Dulce, equilibrado y muy arom\u00e1tico, ideal para tomar solo, en shots o mezclado. Pa\u00eds: Canad\u00e1Destiler\u00eda: Crown RoyalTipo: Whisky canadiense saborizado con manzanaSabor: Manzana verde fresca, caramelo suave, especias ligeras y un final sedosoGraduaci\u00f3n alcoh\u00f3lica: [&hellip;]<\/p>\n","protected":false},"featured_media":399,"comment_status":"open","ping_status":"closed","template":"","meta":[],"product_brand":[],"product_cat":[48],"product_tag":[],"class_list":{"0":"post-389","1":"product","2":"type-product","3":"status-publish","4":"has-post-thumbnail","6":"product_cat-whiskey","8":"first","9":"instock","10":"shipping-taxable","11":"purchasable","12":"product-type-simple"},"_links":{"self":[{"href":"https:\/\/espirita.store\/index.php?rest_route=\/wp\/v2\/product\/389","targetHints":{"allow":["GET"]}}],"collection":[{"href":"https:\/\/espirita.store\/index.php?rest_route=\/wp\/v2\/product"}],"about":[{"href":"https:\/\/espirita.store\/index.php?rest_route=\/wp\/v2\/types\/product"}],"replies":[{"embeddable":true,"href":"https:\/\/espirita.store\/index.php?rest_route=%2Fwp%2Fv2%2Fcomments&post=389"}],"wp:featuredmedia":[{"embeddable":true,"href":"https:\/\/espirita.store\/index.php?rest_route=\/wp\/v2\/media\/399"}],"wp:attachment":[{"href":"https:\/\/espirita.store\/index.php?rest_route=%2Fwp%2Fv2%2Fmedia&parent=389"}],"wp:term":[{"taxonomy":"product_brand","embeddable":true,"href":"https:\/\/espirita.store\/index.php?rest_route=%2Fwp%2Fv2%2Fproduct_brand&post=389"},{"taxonomy":"product_cat","embeddable":true,"href":"https:\/\/espirita.store\/index.php?rest_route=%2Fwp%2Fv2%2Fproduct_cat&post=389"},{"taxonomy":"product_tag","embeddable":true,"href":"https:\/\/espirita.store\/index.php?rest_route=%2Fwp%2Fv2%2Fproduct_tag&post=389"}],"curies":[{"name":"wp","href":"https:\/\/api.w.org\/{rel}","templated":true}]}}