{"id":388,"date":"2025-07-16T06:29:10","date_gmt":"2025-07-16T05:29:10","guid":{"rendered":"https:\/\/espirita.store\/?post_type=product&#038;p=388"},"modified":"2025-09-01T21:20:22","modified_gmt":"2025-09-01T20:20:22","slug":"ensign-red-pineapple","status":"publish","type":"product","link":"https:\/\/espirita.store\/?product=ensign-red-pineapple","title":{"rendered":"Ensign Red Pineapple"},"content":{"rendered":"<p style=\"text-align: center\">750 ml<\/p>\n<p style=\"text-align: center\" data-start=\"380\" data-end=\"574\">Whisky saborizado con esencia natural de pi\u00f1a, ofreciendo un perfil dulce y afrutado con un toque tropical. Ideal para consumir solo, en shots o en c\u00f3cteles frutales.<\/p>\n<p style=\"text-align: center\" data-start=\"380\" data-end=\"574\"><strong data-start=\"604\" data-end=\"613\">Pa\u00eds:<\/strong> (Por favor confirma si tienes el pa\u00eds de origen)<br data-start=\"662\" data-end=\"665\" \/><strong data-start=\"665\" data-end=\"675\">Marca:<\/strong> Ensign<br data-start=\"682\" data-end=\"685\" \/><strong data-start=\"685\" data-end=\"694\">Tipo:<\/strong> Whisky saborizado con pi\u00f1a<br data-start=\"721\" data-end=\"724\" \/><strong data-start=\"724\" data-end=\"734\">Sabor:<\/strong> Dulce, pi\u00f1a fresca, toques de caramelo y especias suaves<br data-start=\"791\" data-end=\"794\" \/><strong data-start=\"794\" data-end=\"820\">Graduaci\u00f3n alcoh\u00f3lica:<\/strong> (Si tienes el dato, por favor dime)<\/p>\n<p style=\"text-align: center\" data-start=\"858\" data-end=\"965\"><strong data-start=\"858\" data-end=\"872\">Maridajes:<\/strong><br data-start=\"872\" data-end=\"875\" \/>C\u00f3cteles tropicales, postres de frutas, snacks dulces o como bebida refrescante en verano.<\/p>\n","protected":false},"excerpt":{"rendered":"<p>750 ml Whisky saborizado con esencia natural de pi\u00f1a, ofreciendo un perfil dulce y afrutado con un toque tropical. Ideal para consumir solo, en shots o en c\u00f3cteles frutales. Pa\u00eds: (Por favor confirma si tienes el pa\u00eds de origen)Marca: EnsignTipo: Whisky saborizado con pi\u00f1aSabor: Dulce, pi\u00f1a fresca, toques de caramelo y especias suavesGraduaci\u00f3n alcoh\u00f3lica: (Si [&hellip;]<\/p>\n","protected":false},"featured_media":513,"comment_status":"open","ping_status":"closed","template":"","meta":[],"product_brand":[],"product_cat":[48],"product_tag":[],"class_list":{"0":"post-388","1":"product","2":"type-product","3":"status-publish","4":"has-post-thumbnail","6":"product_cat-whiskey","8":"first","9":"instock","10":"shipping-taxable","11":"purchasable","12":"product-type-simple"},"_links":{"self":[{"href":"https:\/\/espirita.store\/index.php?rest_route=\/wp\/v2\/product\/388","targetHints":{"allow":["GET"]}}],"collection":[{"href":"https:\/\/espirita.store\/index.php?rest_route=\/wp\/v2\/product"}],"about":[{"href":"https:\/\/espirita.store\/index.php?rest_route=\/wp\/v2\/types\/product"}],"replies":[{"embeddable":true,"href":"https:\/\/espirita.store\/index.php?rest_route=%2Fwp%2Fv2%2Fcomments&post=388"}],"wp:featuredmedia":[{"embeddable":true,"href":"https:\/\/espirita.store\/index.php?rest_route=\/wp\/v2\/media\/513"}],"wp:attachment":[{"href":"https:\/\/espirita.store\/index.php?rest_route=%2Fwp%2Fv2%2Fmedia&parent=388"}],"wp:term":[{"taxonomy":"product_brand","embeddable":true,"href":"https:\/\/espirita.store\/index.php?rest_route=%2Fwp%2Fv2%2Fproduct_brand&post=388"},{"taxonomy":"product_cat","embeddable":true,"href":"https:\/\/espirita.store\/index.php?rest_route=%2Fwp%2Fv2%2Fproduct_cat&post=388"},{"taxonomy":"product_tag","embeddable":true,"href":"https:\/\/espirita.store\/index.php?rest_route=%2Fwp%2Fv2%2Fproduct_tag&post=388"}],"curies":[{"name":"wp","href":"https:\/\/api.w.org\/{rel}","templated":true}]}}