{"id":386,"date":"2025-07-16T06:21:30","date_gmt":"2025-07-16T05:21:30","guid":{"rendered":"https:\/\/espirita.store\/?post_type=product&#038;p=386"},"modified":"2025-09-01T21:20:38","modified_gmt":"2025-09-01T20:20:38","slug":"johnnie-walker-red-label","status":"publish","type":"product","link":"https:\/\/espirita.store\/?product=johnnie-walker-red-label","title":{"rendered":"Johnnie Walker\u00ae Red Label"},"content":{"rendered":"<p style=\"text-align: center\">1 litro (1000\u202fml)<\/p>\n<p style=\"text-align: center\"><strong data-start=\"374\" data-end=\"399\">Productos destacados:<\/strong><br data-start=\"399\" data-end=\"402\" \/>El whisky escoc\u00e9s blended m\u00e1s vendido del mundo. Con un perfil vibrante, especiado y ligeramente ahumado, es ideal para mezclar en c\u00f3cteles o con soda.<\/p>\n<p style=\"text-align: center\" data-start=\"585\" data-end=\"604\"><strong data-start=\"585\" data-end=\"594\">Pa\u00eds:<\/strong> Escocia<\/p>\n<p style=\"text-align: center\" data-start=\"607\" data-end=\"648\"><strong data-start=\"607\" data-end=\"622\">Destiler\u00eda:<\/strong> Johnnie Walker (Diageo)<\/p>\n<p style=\"text-align: center\" data-start=\"651\" data-end=\"688\"><strong data-start=\"651\" data-end=\"660\">Tipo:<\/strong> <strong data-start=\"661\" data-end=\"686\">Blended Scotch Whisky<\/strong><\/p>\n<p style=\"text-align: center\" data-start=\"691\" data-end=\"763\"><strong data-start=\"691\" data-end=\"701\">Sabor:<\/strong> Especias, pimienta negra, frutas secas, un toque de ahumado<\/p>\n<p style=\"text-align: center\" data-start=\"766\" data-end=\"811\"><strong data-start=\"766\" data-end=\"792\">Graduaci\u00f3n alcoh\u00f3lica:<\/strong> 40% ABV (80 Proof)<\/p>\n<p style=\"text-align: center\"><strong data-start=\"813\" data-end=\"827\">Maridajes:<\/strong><br data-start=\"827\" data-end=\"830\" \/>Carnes rojas, comida ahumada o picante, quesos curados. Muy utilizado en mezclas como <strong data-start=\"916\" data-end=\"941\">Whisky con Ginger Ale<\/strong>, <strong data-start=\"943\" data-end=\"955\">Highball<\/strong> o simplemente con hielo.<\/p>\n","protected":false},"excerpt":{"rendered":"<p>1 litro (1000\u202fml) Productos destacados:El whisky escoc\u00e9s blended m\u00e1s vendido del mundo. Con un perfil vibrante, especiado y ligeramente ahumado, es ideal para mezclar en c\u00f3cteles o con soda. Pa\u00eds: Escocia Destiler\u00eda: Johnnie Walker (Diageo) Tipo: Blended Scotch Whisky Sabor: Especias, pimienta negra, frutas secas, un toque de ahumado Graduaci\u00f3n alcoh\u00f3lica: 40% ABV (80 Proof) [&hellip;]<\/p>\n","protected":false},"featured_media":739,"comment_status":"open","ping_status":"closed","template":"","meta":[],"product_brand":[],"product_cat":[48],"product_tag":[],"class_list":{"0":"post-386","1":"product","2":"type-product","3":"status-publish","4":"has-post-thumbnail","6":"product_cat-whiskey","8":"first","9":"instock","10":"shipping-taxable","11":"purchasable","12":"product-type-simple"},"_links":{"self":[{"href":"https:\/\/espirita.store\/index.php?rest_route=\/wp\/v2\/product\/386","targetHints":{"allow":["GET"]}}],"collection":[{"href":"https:\/\/espirita.store\/index.php?rest_route=\/wp\/v2\/product"}],"about":[{"href":"https:\/\/espirita.store\/index.php?rest_route=\/wp\/v2\/types\/product"}],"replies":[{"embeddable":true,"href":"https:\/\/espirita.store\/index.php?rest_route=%2Fwp%2Fv2%2Fcomments&post=386"}],"wp:featuredmedia":[{"embeddable":true,"href":"https:\/\/espirita.store\/index.php?rest_route=\/wp\/v2\/media\/739"}],"wp:attachment":[{"href":"https:\/\/espirita.store\/index.php?rest_route=%2Fwp%2Fv2%2Fmedia&parent=386"}],"wp:term":[{"taxonomy":"product_brand","embeddable":true,"href":"https:\/\/espirita.store\/index.php?rest_route=%2Fwp%2Fv2%2Fproduct_brand&post=386"},{"taxonomy":"product_cat","embeddable":true,"href":"https:\/\/espirita.store\/index.php?rest_route=%2Fwp%2Fv2%2Fproduct_cat&post=386"},{"taxonomy":"product_tag","embeddable":true,"href":"https:\/\/espirita.store\/index.php?rest_route=%2Fwp%2Fv2%2Fproduct_tag&post=386"}],"curies":[{"name":"wp","href":"https:\/\/api.w.org\/{rel}","templated":true}]}}