{"id":385,"date":"2025-07-16T06:19:00","date_gmt":"2025-07-16T05:19:00","guid":{"rendered":"https:\/\/espirita.store\/?post_type=product&#038;p=385"},"modified":"2025-08-14T22:48:57","modified_gmt":"2025-08-14T21:48:57","slug":"jack-daniels-tennessee-honey","status":"publish","type":"product","link":"https:\/\/espirita.store\/?product=jack-daniels-tennessee-honey","title":{"rendered":"Jack Daniel&#8217;s\u00ae Tennessee Honey"},"content":{"rendered":"<p style=\"text-align: center\">750\u202fml<\/p>\n<p style=\"text-align: center\">Una mezcla suave y dulce del cl\u00e1sico Jack Daniel\u2019s Tennessee Whiskey con licor de miel natural. Ideal para tomar solo, en c\u00f3cteles o shots fr\u00edos.<\/p>\n<p style=\"text-align: center\" data-start=\"517\" data-end=\"543\"><strong data-start=\"517\" data-end=\"526\">Pa\u00eds:<\/strong> Estados Unidos<\/p>\n<p style=\"text-align: center\" data-start=\"546\" data-end=\"610\"><strong data-start=\"546\" data-end=\"561\">Destiler\u00eda:<\/strong> Jack Daniel\u2019s Distillery, Lynchburg, Tennessee<\/p>\n<p style=\"text-align: center\" data-start=\"613\" data-end=\"656\"><strong data-start=\"613\" data-end=\"622\">Tipo:<\/strong> <strong data-start=\"623\" data-end=\"654\">Whiskey saborizado con miel<\/strong><\/p>\n<p style=\"text-align: center\" data-start=\"659\" data-end=\"725\"><strong data-start=\"659\" data-end=\"669\">Sabor:<\/strong> Miel, vainilla, caramelo, con un fondo suave de roble<\/p>\n<p style=\"text-align: center\" data-start=\"728\" data-end=\"773\"><strong data-start=\"728\" data-end=\"754\">Graduaci\u00f3n alcoh\u00f3lica:<\/strong> 35% ABV (70 Proof)<\/p>\n<p style=\"text-align: center\"><strong data-start=\"775\" data-end=\"789\">Maridajes:<\/strong><br data-start=\"789\" data-end=\"792\" \/>Postres con nuez, galletas de avena, carnes glaseadas, o c\u00f3cteles como Honey Lemonade.<\/p>\n","protected":false},"excerpt":{"rendered":"<p>750\u202fml Una mezcla suave y dulce del cl\u00e1sico Jack Daniel\u2019s Tennessee Whiskey con licor de miel natural. Ideal para tomar solo, en c\u00f3cteles o shots fr\u00edos. Pa\u00eds: Estados Unidos Destiler\u00eda: Jack Daniel\u2019s Distillery, Lynchburg, Tennessee Tipo: Whiskey saborizado con miel Sabor: Miel, vainilla, caramelo, con un fondo suave de roble Graduaci\u00f3n alcoh\u00f3lica: 35% ABV (70 [&hellip;]<\/p>\n","protected":false},"featured_media":740,"comment_status":"open","ping_status":"closed","template":"","meta":[],"product_brand":[],"product_cat":[48],"product_tag":[],"class_list":{"0":"post-385","1":"product","2":"type-product","3":"status-publish","4":"has-post-thumbnail","6":"product_cat-whiskey","8":"first","9":"instock","10":"shipping-taxable","11":"purchasable","12":"product-type-simple"},"_links":{"self":[{"href":"https:\/\/espirita.store\/index.php?rest_route=\/wp\/v2\/product\/385","targetHints":{"allow":["GET"]}}],"collection":[{"href":"https:\/\/espirita.store\/index.php?rest_route=\/wp\/v2\/product"}],"about":[{"href":"https:\/\/espirita.store\/index.php?rest_route=\/wp\/v2\/types\/product"}],"replies":[{"embeddable":true,"href":"https:\/\/espirita.store\/index.php?rest_route=%2Fwp%2Fv2%2Fcomments&post=385"}],"wp:featuredmedia":[{"embeddable":true,"href":"https:\/\/espirita.store\/index.php?rest_route=\/wp\/v2\/media\/740"}],"wp:attachment":[{"href":"https:\/\/espirita.store\/index.php?rest_route=%2Fwp%2Fv2%2Fmedia&parent=385"}],"wp:term":[{"taxonomy":"product_brand","embeddable":true,"href":"https:\/\/espirita.store\/index.php?rest_route=%2Fwp%2Fv2%2Fproduct_brand&post=385"},{"taxonomy":"product_cat","embeddable":true,"href":"https:\/\/espirita.store\/index.php?rest_route=%2Fwp%2Fv2%2Fproduct_cat&post=385"},{"taxonomy":"product_tag","embeddable":true,"href":"https:\/\/espirita.store\/index.php?rest_route=%2Fwp%2Fv2%2Fproduct_tag&post=385"}],"curies":[{"name":"wp","href":"https:\/\/api.w.org\/{rel}","templated":true}]}}