{"id":383,"date":"2025-07-16T06:01:24","date_gmt":"2025-07-16T05:01:24","guid":{"rendered":"https:\/\/espirita.store\/?post_type=product&#038;p=383"},"modified":"2025-08-14T22:49:56","modified_gmt":"2025-08-14T21:49:56","slug":"jack-daniels-old-no-7-black-label","status":"publish","type":"product","link":"https:\/\/espirita.store\/?product=jack-daniels-old-no-7-black-label","title":{"rendered":"Jack Daniel&#8217;s Old No. 7 \u2013 Black Label"},"content":{"rendered":"<p style=\"text-align: center\">1 litro (1000\u202fml)<\/p>\n<p style=\"text-align: center\">El ic\u00f3nico Tennessee Whiskey conocido en todo el mundo por su sabor suave, su proceso de filtraci\u00f3n por carb\u00f3n de arce (\u201cLincoln County Process\u201d) y su distintiva etiqueta negra. Es un cl\u00e1sico vers\u00e1til para beber solo, con hielo o en c\u00f3cteles.<\/p>\n<p style=\"text-align: center\" data-start=\"587\" data-end=\"613\"><strong data-start=\"587\" data-end=\"596\">Pa\u00eds:<\/strong> Estados Unidos<\/p>\n<p style=\"text-align: center\" data-start=\"616\" data-end=\"680\"><strong data-start=\"616\" data-end=\"631\">Destiler\u00eda:<\/strong> Jack Daniel\u2019s Distillery, Lynchburg, Tennessee<\/p>\n<p style=\"text-align: center\" data-start=\"683\" data-end=\"761\"><strong data-start=\"683\" data-end=\"692\">Tipo:<\/strong> Tennessee Whiskey (similar al bourbon, pero con filtrado especial)<\/p>\n<p style=\"text-align: center\" data-start=\"764\" data-end=\"833\"><strong data-start=\"764\" data-end=\"774\">Sabor:<\/strong> Vainilla, caramelo, roble tostado y un toque de especias<\/p>\n<p style=\"text-align: center\" data-start=\"836\" data-end=\"881\"><strong data-start=\"836\" data-end=\"862\">Graduaci\u00f3n alcoh\u00f3lica:<\/strong> 40% ABV (80 Proof)<\/p>\n<p style=\"text-align: center\"><strong data-start=\"883\" data-end=\"897\">Maridajes:<\/strong><br data-start=\"897\" data-end=\"900\" \/>Carnes ahumadas, hamburguesas, costillas BBQ, chocolate amargo, frutos secos. Tambi\u00e9n es ideal para c\u00f3cteles como el <strong data-start=\"1017\" data-end=\"1033\">Whiskey Sour<\/strong>, <strong data-start=\"1035\" data-end=\"1052\">Old Fashioned<\/strong>, <strong data-start=\"1054\" data-end=\"1069\">Jack &amp; Coke<\/strong>, o <strong data-start=\"1073\" data-end=\"1095\">Lynchburg Lemonade<\/strong>.<\/p>\n","protected":false},"excerpt":{"rendered":"<p>1 litro (1000\u202fml) El ic\u00f3nico Tennessee Whiskey conocido en todo el mundo por su sabor suave, su proceso de filtraci\u00f3n por carb\u00f3n de arce (\u201cLincoln County Process\u201d) y su distintiva etiqueta negra. Es un cl\u00e1sico vers\u00e1til para beber solo, con hielo o en c\u00f3cteles. Pa\u00eds: Estados Unidos Destiler\u00eda: Jack Daniel\u2019s Distillery, Lynchburg, Tennessee Tipo: Tennessee [&hellip;]<\/p>\n","protected":false},"featured_media":741,"comment_status":"open","ping_status":"closed","template":"","meta":[],"product_brand":[],"product_cat":[48],"product_tag":[],"class_list":{"0":"post-383","1":"product","2":"type-product","3":"status-publish","4":"has-post-thumbnail","6":"product_cat-whiskey","8":"first","9":"instock","10":"shipping-taxable","11":"purchasable","12":"product-type-simple"},"_links":{"self":[{"href":"https:\/\/espirita.store\/index.php?rest_route=\/wp\/v2\/product\/383","targetHints":{"allow":["GET"]}}],"collection":[{"href":"https:\/\/espirita.store\/index.php?rest_route=\/wp\/v2\/product"}],"about":[{"href":"https:\/\/espirita.store\/index.php?rest_route=\/wp\/v2\/types\/product"}],"replies":[{"embeddable":true,"href":"https:\/\/espirita.store\/index.php?rest_route=%2Fwp%2Fv2%2Fcomments&post=383"}],"wp:featuredmedia":[{"embeddable":true,"href":"https:\/\/espirita.store\/index.php?rest_route=\/wp\/v2\/media\/741"}],"wp:attachment":[{"href":"https:\/\/espirita.store\/index.php?rest_route=%2Fwp%2Fv2%2Fmedia&parent=383"}],"wp:term":[{"taxonomy":"product_brand","embeddable":true,"href":"https:\/\/espirita.store\/index.php?rest_route=%2Fwp%2Fv2%2Fproduct_brand&post=383"},{"taxonomy":"product_cat","embeddable":true,"href":"https:\/\/espirita.store\/index.php?rest_route=%2Fwp%2Fv2%2Fproduct_cat&post=383"},{"taxonomy":"product_tag","embeddable":true,"href":"https:\/\/espirita.store\/index.php?rest_route=%2Fwp%2Fv2%2Fproduct_tag&post=383"}],"curies":[{"name":"wp","href":"https:\/\/api.w.org\/{rel}","templated":true}]}}