{"id":350,"date":"2025-07-16T03:09:39","date_gmt":"2025-07-16T02:09:39","guid":{"rendered":"https:\/\/espirita.store\/?post_type=product&#038;p=350"},"modified":"2025-08-13T01:56:03","modified_gmt":"2025-08-13T00:56:03","slug":"yukon-jack-original-recipe","status":"publish","type":"product","link":"https:\/\/espirita.store\/?product=yukon-jack-original-recipe","title":{"rendered":"Yukon Jack \u2013 Original Recipe"},"content":{"rendered":"<p style=\"text-align: center\">50\u202fml<\/p>\n<p style=\"text-align: center\">Licor canadiense con sabor a whisky y miel, conocido por su alta graduaci\u00f3n alcoh\u00f3lica y sabor dulce e intenso. Famoso por su lema \u201cOnly the strong survive\u201d. Ideal para quienes buscan una bebida fuerte y con un perfil dulce especiado.<\/p>\n<p style=\"text-align: center\" data-start=\"589\" data-end=\"607\"><strong data-start=\"589\" data-end=\"598\">Pa\u00eds:<\/strong> Canad\u00e1<\/p>\n<p style=\"text-align: center\" data-start=\"610\" data-end=\"653\"><strong data-start=\"610\" data-end=\"619\">Tipo:<\/strong> Licor con sabor a whisky y miel<\/p>\n<p style=\"text-align: center\" data-start=\"656\" data-end=\"704\"><strong data-start=\"656\" data-end=\"682\">Graduaci\u00f3n alcoh\u00f3lica:<\/strong> 100 Proof (50% ABV)<\/p>\n<p style=\"text-align: center\" data-start=\"707\" data-end=\"812\"><strong data-start=\"707\" data-end=\"717\">Sabor:<\/strong> Dulce y potente, con notas de <strong data-start=\"748\" data-end=\"756\">miel<\/strong>, <strong data-start=\"758\" data-end=\"770\">c\u00edtricos<\/strong>, <strong data-start=\"772\" data-end=\"784\">vainilla<\/strong> y un fondo c\u00e1lido de whisky<\/p>\n<p style=\"text-align: center\"><strong data-start=\"814\" data-end=\"828\">Maridajes:<\/strong><br data-start=\"828\" data-end=\"831\" \/>Carnes asadas o ahumadas, postres con nuez o caramelo, chocolate oscuro. Tambi\u00e9n se puede disfrutar solo, en shots o en c\u00f3cteles como el \u201cSnakebite\u201d (con Yukon Jack y jugo de lima).<\/p>\n","protected":false},"excerpt":{"rendered":"<p>50\u202fml Licor canadiense con sabor a whisky y miel, conocido por su alta graduaci\u00f3n alcoh\u00f3lica y sabor dulce e intenso. Famoso por su lema \u201cOnly the strong survive\u201d. Ideal para quienes buscan una bebida fuerte y con un perfil dulce especiado. Pa\u00eds: Canad\u00e1 Tipo: Licor con sabor a whisky y miel Graduaci\u00f3n alcoh\u00f3lica: 100 Proof [&hellip;]<\/p>\n","protected":false},"featured_media":351,"comment_status":"open","ping_status":"closed","template":"","meta":[],"product_brand":[],"product_cat":[41],"product_tag":[],"class_list":{"0":"post-350","1":"product","2":"type-product","3":"status-publish","4":"has-post-thumbnail","6":"product_cat-licor-saborizado","8":"first","9":"instock","10":"shipping-taxable","11":"purchasable","12":"product-type-simple"},"_links":{"self":[{"href":"https:\/\/espirita.store\/index.php?rest_route=\/wp\/v2\/product\/350","targetHints":{"allow":["GET"]}}],"collection":[{"href":"https:\/\/espirita.store\/index.php?rest_route=\/wp\/v2\/product"}],"about":[{"href":"https:\/\/espirita.store\/index.php?rest_route=\/wp\/v2\/types\/product"}],"replies":[{"embeddable":true,"href":"https:\/\/espirita.store\/index.php?rest_route=%2Fwp%2Fv2%2Fcomments&post=350"}],"wp:featuredmedia":[{"embeddable":true,"href":"https:\/\/espirita.store\/index.php?rest_route=\/wp\/v2\/media\/351"}],"wp:attachment":[{"href":"https:\/\/espirita.store\/index.php?rest_route=%2Fwp%2Fv2%2Fmedia&parent=350"}],"wp:term":[{"taxonomy":"product_brand","embeddable":true,"href":"https:\/\/espirita.store\/index.php?rest_route=%2Fwp%2Fv2%2Fproduct_brand&post=350"},{"taxonomy":"product_cat","embeddable":true,"href":"https:\/\/espirita.store\/index.php?rest_route=%2Fwp%2Fv2%2Fproduct_cat&post=350"},{"taxonomy":"product_tag","embeddable":true,"href":"https:\/\/espirita.store\/index.php?rest_route=%2Fwp%2Fv2%2Fproduct_tag&post=350"}],"curies":[{"name":"wp","href":"https:\/\/api.w.org\/{rel}","templated":true}]}}