{"id":345,"date":"2025-07-16T03:01:56","date_gmt":"2025-07-16T02:01:56","guid":{"rendered":"https:\/\/espirita.store\/?post_type=product&#038;p=345"},"modified":"2025-09-04T22:45:31","modified_gmt":"2025-09-04T21:45:31","slug":"southern-comfort-original","status":"publish","type":"product","link":"https:\/\/espirita.store\/?product=southern-comfort-original","title":{"rendered":"Southern Comfort Original"},"content":{"rendered":"<p style=\"text-align: center\">50\u202fml<\/p>\n<p style=\"text-align: center\">Licor estadounidense originario de Nueva Orleans. Mezcla suave y dulce con base alcoh\u00f3lica (originalmente whisky), aromatizada con especias y frutas. Ideal para quienes disfrutan bebidas c\u00e1lidas, vers\u00e1tiles y de sabor suave.<\/p>\n<p style=\"text-align: center\" data-start=\"590\" data-end=\"616\"><strong data-start=\"590\" data-end=\"599\">Pa\u00eds:<\/strong> Estados Unidos<\/p>\n<p style=\"text-align: center\" data-start=\"619\" data-end=\"666\"><strong data-start=\"619\" data-end=\"640\">Ciudad de origen:<\/strong> Nueva Orleans, Luisiana<\/p>\n<p style=\"text-align: center\" data-start=\"669\" data-end=\"701\"><strong data-start=\"669\" data-end=\"681\">Creador:<\/strong> M.W. Heron (1874)<\/p>\n<p style=\"text-align: center\" data-start=\"704\" data-end=\"760\"><strong data-start=\"704\" data-end=\"713\">Tipo:<\/strong> Licor con base de whisky y sabores naturales<\/p>\n<p style=\"text-align: center\" data-start=\"763\" data-end=\"839\"><strong data-start=\"763\" data-end=\"773\">Sabor:<\/strong> Vainilla, canela, frutas secas y caramelo, con un toque especiado<\/p>\n<p style=\"text-align: center\"><strong data-start=\"841\" data-end=\"855\">Maridajes:<\/strong><br data-start=\"855\" data-end=\"858\" \/>Postres como pastel de manzana o tarta de nuez, carnes ahumadas tipo BBQ, frutas secas o confitadas. Tambi\u00e9n ideal en c\u00f3cteles como Alabama Slammer o Southern Mule.<\/p>\n","protected":false},"excerpt":{"rendered":"<p>50\u202fml Licor estadounidense originario de Nueva Orleans. Mezcla suave y dulce con base alcoh\u00f3lica (originalmente whisky), aromatizada con especias y frutas. Ideal para quienes disfrutan bebidas c\u00e1lidas, vers\u00e1tiles y de sabor suave. Pa\u00eds: Estados Unidos Ciudad de origen: Nueva Orleans, Luisiana Creador: M.W. Heron (1874) Tipo: Licor con base de whisky y sabores naturales Sabor: [&hellip;]<\/p>\n","protected":false},"featured_media":950,"comment_status":"open","ping_status":"closed","template":"","meta":[],"product_brand":[],"product_cat":[41],"product_tag":[],"class_list":{"0":"post-345","1":"product","2":"type-product","3":"status-publish","4":"has-post-thumbnail","6":"product_cat-licor-saborizado","8":"first","9":"instock","10":"shipping-taxable","11":"purchasable","12":"product-type-simple"},"_links":{"self":[{"href":"https:\/\/espirita.store\/index.php?rest_route=\/wp\/v2\/product\/345","targetHints":{"allow":["GET"]}}],"collection":[{"href":"https:\/\/espirita.store\/index.php?rest_route=\/wp\/v2\/product"}],"about":[{"href":"https:\/\/espirita.store\/index.php?rest_route=\/wp\/v2\/types\/product"}],"replies":[{"embeddable":true,"href":"https:\/\/espirita.store\/index.php?rest_route=%2Fwp%2Fv2%2Fcomments&post=345"}],"wp:featuredmedia":[{"embeddable":true,"href":"https:\/\/espirita.store\/index.php?rest_route=\/wp\/v2\/media\/950"}],"wp:attachment":[{"href":"https:\/\/espirita.store\/index.php?rest_route=%2Fwp%2Fv2%2Fmedia&parent=345"}],"wp:term":[{"taxonomy":"product_brand","embeddable":true,"href":"https:\/\/espirita.store\/index.php?rest_route=%2Fwp%2Fv2%2Fproduct_brand&post=345"},{"taxonomy":"product_cat","embeddable":true,"href":"https:\/\/espirita.store\/index.php?rest_route=%2Fwp%2Fv2%2Fproduct_cat&post=345"},{"taxonomy":"product_tag","embeddable":true,"href":"https:\/\/espirita.store\/index.php?rest_route=%2Fwp%2Fv2%2Fproduct_tag&post=345"}],"curies":[{"name":"wp","href":"https:\/\/api.w.org\/{rel}","templated":true}]}}