{"id":326,"date":"2025-07-15T06:18:14","date_gmt":"2025-07-15T05:18:14","guid":{"rendered":"https:\/\/espirita.store\/?post_type=product&#038;p=326"},"modified":"2025-08-13T01:59:12","modified_gmt":"2025-08-13T00:59:12","slug":"schmitt-sohne-riesling-qba-crisp-fruity","status":"publish","type":"product","link":"https:\/\/espirita.store\/?product=schmitt-sohne-riesling-qba-crisp-fruity","title":{"rendered":"Schmitt S\u00f6hne Riesling QbA \u2013 Crisp &amp; Fruity"},"content":{"rendered":"<p style=\"text-align: center\">750\u202fml<\/p>\n<p style=\"text-align: center\">Vino blanco alem\u00e1n de la regi\u00f3n del Mosela. Riesling ligeramente dulce, muy arom\u00e1tico y refrescante. Ideal para quienes disfrutan vinos blancos ligeros y agradables.<\/p>\n<p style=\"text-align: center\"><strong>Pa\u00eds:<\/strong> Alemania<\/p>\n<p style=\"text-align: center\"><strong>Bodega:<\/strong> Schmitt S\u00f6hne<\/p>\n<p style=\"text-align: center\"><strong>Tipo:<\/strong> Vino blanco Riesling<\/p>\n<p style=\"text-align: center\"><strong>Sabor:<\/strong> Durazno, manzana verde, lima, con acidez equilibrada y dulzor ligero<\/p>\n<p style=\"text-align: center\"><strong>Maridajes:<\/strong><br \/>\nComida asi\u00e1tica (thai, sushi), queso azul, ensaladas c\u00edtricas<\/p>\n","protected":false},"excerpt":{"rendered":"<p>750\u202fml Vino blanco alem\u00e1n de la regi\u00f3n del Mosela. Riesling ligeramente dulce, muy arom\u00e1tico y refrescante. Ideal para quienes disfrutan vinos blancos ligeros y agradables. Pa\u00eds: Alemania Bodega: Schmitt S\u00f6hne Tipo: Vino blanco Riesling Sabor: Durazno, manzana verde, lima, con acidez equilibrada y dulzor ligero Maridajes: Comida asi\u00e1tica (thai, sushi), queso azul, ensaladas c\u00edtricas<\/p>\n","protected":false},"featured_media":343,"comment_status":"open","ping_status":"closed","template":"","meta":[],"product_brand":[],"product_cat":[30],"product_tag":[],"class_list":{"0":"post-326","1":"product","2":"type-product","3":"status-publish","4":"has-post-thumbnail","6":"product_cat-vino-blanco","8":"first","9":"instock","10":"shipping-taxable","11":"purchasable","12":"product-type-simple"},"_links":{"self":[{"href":"https:\/\/espirita.store\/index.php?rest_route=\/wp\/v2\/product\/326","targetHints":{"allow":["GET"]}}],"collection":[{"href":"https:\/\/espirita.store\/index.php?rest_route=\/wp\/v2\/product"}],"about":[{"href":"https:\/\/espirita.store\/index.php?rest_route=\/wp\/v2\/types\/product"}],"replies":[{"embeddable":true,"href":"https:\/\/espirita.store\/index.php?rest_route=%2Fwp%2Fv2%2Fcomments&post=326"}],"wp:featuredmedia":[{"embeddable":true,"href":"https:\/\/espirita.store\/index.php?rest_route=\/wp\/v2\/media\/343"}],"wp:attachment":[{"href":"https:\/\/espirita.store\/index.php?rest_route=%2Fwp%2Fv2%2Fmedia&parent=326"}],"wp:term":[{"taxonomy":"product_brand","embeddable":true,"href":"https:\/\/espirita.store\/index.php?rest_route=%2Fwp%2Fv2%2Fproduct_brand&post=326"},{"taxonomy":"product_cat","embeddable":true,"href":"https:\/\/espirita.store\/index.php?rest_route=%2Fwp%2Fv2%2Fproduct_cat&post=326"},{"taxonomy":"product_tag","embeddable":true,"href":"https:\/\/espirita.store\/index.php?rest_route=%2Fwp%2Fv2%2Fproduct_tag&post=326"}],"curies":[{"name":"wp","href":"https:\/\/api.w.org\/{rel}","templated":true}]}}