{"id":324,"date":"2025-07-15T06:13:33","date_gmt":"2025-07-15T05:13:33","guid":{"rendered":"https:\/\/espirita.store\/?post_type=product&#038;p=324"},"modified":"2025-08-13T02:05:27","modified_gmt":"2025-08-13T01:05:27","slug":"balbas-verdejo-2022","status":"publish","type":"product","link":"https:\/\/espirita.store\/?product=balbas-verdejo-2022","title":{"rendered":"Balb\u00e1s Verdejo 2022"},"content":{"rendered":"<p style=\"text-align: center\">750\u202fml<\/p>\n<p style=\"text-align: center\">Vino blanco joven y arom\u00e1tico de la D.O. Rueda, elaborado con uvas Verdejo. Muy fresco, con acidez viva y final ligeramente amargo, caracter\u00edstico de la variedad.<\/p>\n<p style=\"text-align: center\"><strong>Pa\u00eds:<\/strong> Espa\u00f1a<\/p>\n<p style=\"text-align: center\"><strong>Bodega:<\/strong> Balb\u00e1s<\/p>\n<p style=\"text-align: center\"><strong>Tipo:<\/strong> Vino blanco Verdejo<\/p>\n<p style=\"text-align: center\"><strong>Sabor:<\/strong> Frutas c\u00edtricas, manzana verde, hinojo y toques herbales<\/p>\n<p style=\"text-align: center\"><strong>Maridajes:<\/strong><br \/>\nMariscos, pescados a la plancha, tapas, quesos suaves<\/p>\n","protected":false},"excerpt":{"rendered":"<p>750\u202fml Vino blanco joven y arom\u00e1tico de la D.O. Rueda, elaborado con uvas Verdejo. Muy fresco, con acidez viva y final ligeramente amargo, caracter\u00edstico de la variedad. Pa\u00eds: Espa\u00f1a Bodega: Balb\u00e1s Tipo: Vino blanco Verdejo Sabor: Frutas c\u00edtricas, manzana verde, hinojo y toques herbales Maridajes: Mariscos, pescados a la plancha, tapas, quesos suaves<\/p>\n","protected":false},"featured_media":337,"comment_status":"open","ping_status":"closed","template":"","meta":[],"product_brand":[],"product_cat":[30],"product_tag":[],"class_list":{"0":"post-324","1":"product","2":"type-product","3":"status-publish","4":"has-post-thumbnail","6":"product_cat-vino-blanco","8":"first","9":"instock","10":"shipping-taxable","11":"purchasable","12":"product-type-simple"},"_links":{"self":[{"href":"https:\/\/espirita.store\/index.php?rest_route=\/wp\/v2\/product\/324","targetHints":{"allow":["GET"]}}],"collection":[{"href":"https:\/\/espirita.store\/index.php?rest_route=\/wp\/v2\/product"}],"about":[{"href":"https:\/\/espirita.store\/index.php?rest_route=\/wp\/v2\/types\/product"}],"replies":[{"embeddable":true,"href":"https:\/\/espirita.store\/index.php?rest_route=%2Fwp%2Fv2%2Fcomments&post=324"}],"wp:featuredmedia":[{"embeddable":true,"href":"https:\/\/espirita.store\/index.php?rest_route=\/wp\/v2\/media\/337"}],"wp:attachment":[{"href":"https:\/\/espirita.store\/index.php?rest_route=%2Fwp%2Fv2%2Fmedia&parent=324"}],"wp:term":[{"taxonomy":"product_brand","embeddable":true,"href":"https:\/\/espirita.store\/index.php?rest_route=%2Fwp%2Fv2%2Fproduct_brand&post=324"},{"taxonomy":"product_cat","embeddable":true,"href":"https:\/\/espirita.store\/index.php?rest_route=%2Fwp%2Fv2%2Fproduct_cat&post=324"},{"taxonomy":"product_tag","embeddable":true,"href":"https:\/\/espirita.store\/index.php?rest_route=%2Fwp%2Fv2%2Fproduct_tag&post=324"}],"curies":[{"name":"wp","href":"https:\/\/api.w.org\/{rel}","templated":true}]}}