{"id":322,"date":"2025-07-15T06:07:37","date_gmt":"2025-07-15T05:07:37","guid":{"rendered":"https:\/\/espirita.store\/?post_type=product&#038;p=322"},"modified":"2025-08-13T02:08:25","modified_gmt":"2025-08-13T01:08:25","slug":"leyda-rose-pinot-noir-2020","status":"publish","type":"product","link":"https:\/\/espirita.store\/?product=leyda-rose-pinot-noir-2020","title":{"rendered":"Leyda Ros\u00e9 Pinot Noir 2020"},"content":{"rendered":"<p style=\"text-align: center\">750\u202fml<\/p>\n<p style=\"text-align: center\">Ros\u00e9 elegante y seco elaborado 100\u202f% con Pinot Noir del Valle de Leyda. Estilo fresco, ideal para climas c\u00e1lidos.<\/p>\n<p style=\"text-align: center\"><strong>Pa\u00eds:<\/strong> Chile<\/p>\n<p style=\"text-align: center\"><strong>Bodega:<\/strong> Vi\u00f1a Leyda<\/p>\n<p style=\"text-align: center\"><strong>Tipo:<\/strong> Vino rosado seco<\/p>\n<p style=\"text-align: center\"><strong>Sabor:<\/strong> Frutillas, cereza, toques c\u00edtricos y florales<\/p>\n<p style=\"text-align: center\"><strong>Maridajes:<\/strong><br \/>\nEnsaladas frescas, sushi, pastas con mariscos<\/p>\n","protected":false},"excerpt":{"rendered":"<p>750\u202fml Ros\u00e9 elegante y seco elaborado 100\u202f% con Pinot Noir del Valle de Leyda. Estilo fresco, ideal para climas c\u00e1lidos. Pa\u00eds: Chile Bodega: Vi\u00f1a Leyda Tipo: Vino rosado seco Sabor: Frutillas, cereza, toques c\u00edtricos y florales Maridajes: Ensaladas frescas, sushi, pastas con mariscos<\/p>\n","protected":false},"featured_media":342,"comment_status":"open","ping_status":"closed","template":"","meta":[],"product_brand":[],"product_cat":[44],"product_tag":[],"class_list":{"0":"post-322","1":"product","2":"type-product","3":"status-publish","4":"has-post-thumbnail","6":"product_cat-vino-rosado","8":"first","9":"instock","10":"shipping-taxable","11":"purchasable","12":"product-type-simple"},"_links":{"self":[{"href":"https:\/\/espirita.store\/index.php?rest_route=\/wp\/v2\/product\/322","targetHints":{"allow":["GET"]}}],"collection":[{"href":"https:\/\/espirita.store\/index.php?rest_route=\/wp\/v2\/product"}],"about":[{"href":"https:\/\/espirita.store\/index.php?rest_route=\/wp\/v2\/types\/product"}],"replies":[{"embeddable":true,"href":"https:\/\/espirita.store\/index.php?rest_route=%2Fwp%2Fv2%2Fcomments&post=322"}],"wp:featuredmedia":[{"embeddable":true,"href":"https:\/\/espirita.store\/index.php?rest_route=\/wp\/v2\/media\/342"}],"wp:attachment":[{"href":"https:\/\/espirita.store\/index.php?rest_route=%2Fwp%2Fv2%2Fmedia&parent=322"}],"wp:term":[{"taxonomy":"product_brand","embeddable":true,"href":"https:\/\/espirita.store\/index.php?rest_route=%2Fwp%2Fv2%2Fproduct_brand&post=322"},{"taxonomy":"product_cat","embeddable":true,"href":"https:\/\/espirita.store\/index.php?rest_route=%2Fwp%2Fv2%2Fproduct_cat&post=322"},{"taxonomy":"product_tag","embeddable":true,"href":"https:\/\/espirita.store\/index.php?rest_route=%2Fwp%2Fv2%2Fproduct_tag&post=322"}],"curies":[{"name":"wp","href":"https:\/\/api.w.org\/{rel}","templated":true}]}}