{"id":320,"date":"2025-07-15T06:02:38","date_gmt":"2025-07-15T05:02:38","guid":{"rendered":"https:\/\/espirita.store\/?post_type=product&#038;p=320"},"modified":"2025-08-13T02:15:22","modified_gmt":"2025-08-13T01:15:22","slug":"zuccardi-q-malbec-2021","status":"publish","type":"product","link":"https:\/\/espirita.store\/?product=zuccardi-q-malbec-2021","title":{"rendered":"Zuccardi Q Malbec 2021"},"content":{"rendered":"<p style=\"text-align: center\">750\u202fml<\/p>\n<p style=\"text-align: center\">Malbec emblem\u00e1tico de la l\u00ednea Q, proveniente del Valle de Uco. Crianza en concreto y roble que equilibra potencia y fruta.<\/p>\n<p style=\"text-align: center\"><strong>Pa\u00eds:<\/strong> Argentina<\/p>\n<p style=\"text-align: center\"><strong>Bodega:<\/strong> Zuccardi<\/p>\n<p style=\"text-align: center\"><strong>Tipo:<\/strong> Vino tinto Malbec<\/p>\n<p style=\"text-align: center\"><strong>Sabor:<\/strong> Ciruela, mora, violetas, taninos firmes y fondo mineral<\/p>\n<p style=\"text-align: center\"><strong>Maridajes:<\/strong><br \/>\nAsado argentino, empanadas de carne, quesos semiduros<\/p>\n","protected":false},"excerpt":{"rendered":"<p>750\u202fml Malbec emblem\u00e1tico de la l\u00ednea Q, proveniente del Valle de Uco. Crianza en concreto y roble que equilibra potencia y fruta. Pa\u00eds: Argentina Bodega: Zuccardi Tipo: Vino tinto Malbec Sabor: Ciruela, mora, violetas, taninos firmes y fondo mineral Maridajes: Asado argentino, empanadas de carne, quesos semiduros<\/p>\n","protected":false},"featured_media":338,"comment_status":"open","ping_status":"closed","template":"","meta":[],"product_brand":[],"product_cat":[31],"product_tag":[],"class_list":{"0":"post-320","1":"product","2":"type-product","3":"status-publish","4":"has-post-thumbnail","6":"product_cat-vino-tinto","8":"first","9":"instock","10":"shipping-taxable","11":"purchasable","12":"product-type-simple"},"_links":{"self":[{"href":"https:\/\/espirita.store\/index.php?rest_route=\/wp\/v2\/product\/320","targetHints":{"allow":["GET"]}}],"collection":[{"href":"https:\/\/espirita.store\/index.php?rest_route=\/wp\/v2\/product"}],"about":[{"href":"https:\/\/espirita.store\/index.php?rest_route=\/wp\/v2\/types\/product"}],"replies":[{"embeddable":true,"href":"https:\/\/espirita.store\/index.php?rest_route=%2Fwp%2Fv2%2Fcomments&post=320"}],"wp:featuredmedia":[{"embeddable":true,"href":"https:\/\/espirita.store\/index.php?rest_route=\/wp\/v2\/media\/338"}],"wp:attachment":[{"href":"https:\/\/espirita.store\/index.php?rest_route=%2Fwp%2Fv2%2Fmedia&parent=320"}],"wp:term":[{"taxonomy":"product_brand","embeddable":true,"href":"https:\/\/espirita.store\/index.php?rest_route=%2Fwp%2Fv2%2Fproduct_brand&post=320"},{"taxonomy":"product_cat","embeddable":true,"href":"https:\/\/espirita.store\/index.php?rest_route=%2Fwp%2Fv2%2Fproduct_cat&post=320"},{"taxonomy":"product_tag","embeddable":true,"href":"https:\/\/espirita.store\/index.php?rest_route=%2Fwp%2Fv2%2Fproduct_tag&post=320"}],"curies":[{"name":"wp","href":"https:\/\/api.w.org\/{rel}","templated":true}]}}