{"id":317,"date":"2025-07-15T05:56:37","date_gmt":"2025-07-15T04:56:37","guid":{"rendered":"https:\/\/espirita.store\/?post_type=product&#038;p=317"},"modified":"2025-07-21T20:45:44","modified_gmt":"2025-07-21T19:45:44","slug":"montes-classic-series-sauvignon-blanc-2022","status":"publish","type":"product","link":"https:\/\/espirita.store\/?product=montes-classic-series-sauvignon-blanc-2022","title":{"rendered":"Montes Classic Series Sauvignon Blanc 2022"},"content":{"rendered":"<p style=\"text-align: center\">750 ML<\/p>\n<p style=\"text-align: center\">Vino blanco joven y refrescante, proveniente del Valle de Leyda. Muy arom\u00e1tico y con acidez vibrante.<\/p>\n<p style=\"text-align: center\"><strong>Pa\u00eds:<\/strong> Chile<\/p>\n<p style=\"text-align: center\"><strong>Bodega:<\/strong> Montes<\/p>\n<p style=\"text-align: center\"><strong>Tipo:<\/strong> Vino blanco Sauvignon Blanc<\/p>\n<p style=\"text-align: center\"><strong>Sabor:<\/strong> Maracuy\u00e1, lim\u00f3n, pomelo, hierba fresca<\/p>\n<p style=\"text-align: center\"><strong>Maridajes:<\/strong><br \/>\nCeviches, sushi, ensaladas verdes, mariscos<\/p>\n","protected":false},"excerpt":{"rendered":"<p>750 ML Vino blanco joven y refrescante, proveniente del Valle de Leyda. Muy arom\u00e1tico y con acidez vibrante. Pa\u00eds: Chile Bodega: Montes Tipo: Vino blanco Sauvignon Blanc Sabor: Maracuy\u00e1, lim\u00f3n, pomelo, hierba fresca Maridajes: Ceviches, sushi, ensaladas verdes, mariscos<\/p>\n","protected":false},"featured_media":381,"comment_status":"open","ping_status":"closed","template":"","meta":[],"product_brand":[],"product_cat":[30],"product_tag":[],"class_list":{"0":"post-317","1":"product","2":"type-product","3":"status-publish","4":"has-post-thumbnail","6":"product_cat-vino-blanco","8":"first","9":"instock","10":"shipping-taxable","11":"purchasable","12":"product-type-simple"},"_links":{"self":[{"href":"https:\/\/espirita.store\/index.php?rest_route=\/wp\/v2\/product\/317","targetHints":{"allow":["GET"]}}],"collection":[{"href":"https:\/\/espirita.store\/index.php?rest_route=\/wp\/v2\/product"}],"about":[{"href":"https:\/\/espirita.store\/index.php?rest_route=\/wp\/v2\/types\/product"}],"replies":[{"embeddable":true,"href":"https:\/\/espirita.store\/index.php?rest_route=%2Fwp%2Fv2%2Fcomments&post=317"}],"wp:featuredmedia":[{"embeddable":true,"href":"https:\/\/espirita.store\/index.php?rest_route=\/wp\/v2\/media\/381"}],"wp:attachment":[{"href":"https:\/\/espirita.store\/index.php?rest_route=%2Fwp%2Fv2%2Fmedia&parent=317"}],"wp:term":[{"taxonomy":"product_brand","embeddable":true,"href":"https:\/\/espirita.store\/index.php?rest_route=%2Fwp%2Fv2%2Fproduct_brand&post=317"},{"taxonomy":"product_cat","embeddable":true,"href":"https:\/\/espirita.store\/index.php?rest_route=%2Fwp%2Fv2%2Fproduct_cat&post=317"},{"taxonomy":"product_tag","embeddable":true,"href":"https:\/\/espirita.store\/index.php?rest_route=%2Fwp%2Fv2%2Fproduct_tag&post=317"}],"curies":[{"name":"wp","href":"https:\/\/api.w.org\/{rel}","templated":true}]}}