{"id":316,"date":"2025-07-15T05:55:26","date_gmt":"2025-07-15T04:55:26","guid":{"rendered":"https:\/\/espirita.store\/?post_type=product&#038;p=316"},"modified":"2025-08-13T02:17:12","modified_gmt":"2025-08-13T01:17:12","slug":"montes-classic-series-chardonnay-2022","status":"publish","type":"product","link":"https:\/\/espirita.store\/?product=montes-classic-series-chardonnay-2022","title":{"rendered":"Montes Classic Series Chardonnay 2022"},"content":{"rendered":"<p style=\"text-align: center\">750 ML<\/p>\n<p style=\"text-align: center\">Vino blanco chileno elaborado con uvas Chardonnay del Valle Central. Fresco y frutal, con ligera crianza en contacto con sus l\u00edas.<\/p>\n<p style=\"text-align: center\"><strong>Pa\u00eds:<\/strong> Chile<\/p>\n<p style=\"text-align: center\"><strong>Bodega:<\/strong> Montes<\/p>\n<p style=\"text-align: center\"><strong>Tipo:<\/strong> Vino blanco Chardonnay<\/p>\n<p style=\"text-align: center\"><strong>Sabor:<\/strong> Manzana verde, pi\u00f1a, mel\u00f3n, con toques de vainilla y mantequilla ligera<\/p>\n<p style=\"text-align: center\"><strong>Maridajes:<\/strong><br \/>\nPollo a la crema, pescados blancos, risottos suaves, quesos frescos<\/p>\n","protected":false},"excerpt":{"rendered":"<p>750 ML Vino blanco chileno elaborado con uvas Chardonnay del Valle Central. Fresco y frutal, con ligera crianza en contacto con sus l\u00edas. Pa\u00eds: Chile Bodega: Montes Tipo: Vino blanco Chardonnay Sabor: Manzana verde, pi\u00f1a, mel\u00f3n, con toques de vainilla y mantequilla ligera Maridajes: Pollo a la crema, pescados blancos, risottos suaves, quesos frescos<\/p>\n","protected":false},"featured_media":382,"comment_status":"open","ping_status":"closed","template":"","meta":[],"product_brand":[],"product_cat":[30],"product_tag":[],"class_list":{"0":"post-316","1":"product","2":"type-product","3":"status-publish","4":"has-post-thumbnail","6":"product_cat-vino-blanco","8":"first","9":"instock","10":"shipping-taxable","11":"purchasable","12":"product-type-simple"},"_links":{"self":[{"href":"https:\/\/espirita.store\/index.php?rest_route=\/wp\/v2\/product\/316","targetHints":{"allow":["GET"]}}],"collection":[{"href":"https:\/\/espirita.store\/index.php?rest_route=\/wp\/v2\/product"}],"about":[{"href":"https:\/\/espirita.store\/index.php?rest_route=\/wp\/v2\/types\/product"}],"replies":[{"embeddable":true,"href":"https:\/\/espirita.store\/index.php?rest_route=%2Fwp%2Fv2%2Fcomments&post=316"}],"wp:featuredmedia":[{"embeddable":true,"href":"https:\/\/espirita.store\/index.php?rest_route=\/wp\/v2\/media\/382"}],"wp:attachment":[{"href":"https:\/\/espirita.store\/index.php?rest_route=%2Fwp%2Fv2%2Fmedia&parent=316"}],"wp:term":[{"taxonomy":"product_brand","embeddable":true,"href":"https:\/\/espirita.store\/index.php?rest_route=%2Fwp%2Fv2%2Fproduct_brand&post=316"},{"taxonomy":"product_cat","embeddable":true,"href":"https:\/\/espirita.store\/index.php?rest_route=%2Fwp%2Fv2%2Fproduct_cat&post=316"},{"taxonomy":"product_tag","embeddable":true,"href":"https:\/\/espirita.store\/index.php?rest_route=%2Fwp%2Fv2%2Fproduct_tag&post=316"}],"curies":[{"name":"wp","href":"https:\/\/api.w.org\/{rel}","templated":true}]}}