{"id":315,"date":"2025-07-15T05:53:55","date_gmt":"2025-07-15T04:53:55","guid":{"rendered":"https:\/\/espirita.store\/?post_type=product&#038;p=315"},"modified":"2025-08-13T02:26:57","modified_gmt":"2025-08-13T01:26:57","slug":"balbas-barrica-5-tempranillo","status":"publish","type":"product","link":"https:\/\/espirita.store\/?product=balbas-barrica-5-tempranillo","title":{"rendered":"Balb\u00e1s Barrica 5 Tempranillo"},"content":{"rendered":"<p style=\"text-align: center\">750 ML<\/p>\n<p style=\"text-align: center\">Vino espa\u00f1ol de la Ribera del Duero con 5 meses en barrica. Tempranillo joven con buena estructura y notas sutiles de madera.<\/p>\n<p style=\"text-align: center\"><strong>Pa\u00eds:<\/strong> Espa\u00f1a<\/p>\n<p style=\"text-align: center\"><strong>Bodega:<\/strong> Balb\u00e1s<\/p>\n<p style=\"text-align: center\"><strong>Tipo:<\/strong> Vino tinto Tempranillo<\/p>\n<p style=\"text-align: center\"><strong>Sabor:<\/strong> Frutos rojos, vainilla, tostado suave, especias<\/p>\n<p style=\"text-align: center\"><strong>Maridajes:<\/strong><br \/>\nTapas, embutidos ib\u00e9ricos, carnes blancas al horno<\/p>\n","protected":false},"excerpt":{"rendered":"<p>750 ML Vino espa\u00f1ol de la Ribera del Duero con 5 meses en barrica. Tempranillo joven con buena estructura y notas sutiles de madera. Pa\u00eds: Espa\u00f1a Bodega: Balb\u00e1s Tipo: Vino tinto Tempranillo Sabor: Frutos rojos, vainilla, tostado suave, especias Maridajes: Tapas, embutidos ib\u00e9ricos, carnes blancas al horno<\/p>\n","protected":false},"featured_media":336,"comment_status":"open","ping_status":"closed","template":"","meta":[],"product_brand":[],"product_cat":[31],"product_tag":[],"class_list":{"0":"post-315","1":"product","2":"type-product","3":"status-publish","4":"has-post-thumbnail","6":"product_cat-vino-tinto","8":"first","9":"instock","10":"shipping-taxable","11":"purchasable","12":"product-type-simple"},"_links":{"self":[{"href":"https:\/\/espirita.store\/index.php?rest_route=\/wp\/v2\/product\/315","targetHints":{"allow":["GET"]}}],"collection":[{"href":"https:\/\/espirita.store\/index.php?rest_route=\/wp\/v2\/product"}],"about":[{"href":"https:\/\/espirita.store\/index.php?rest_route=\/wp\/v2\/types\/product"}],"replies":[{"embeddable":true,"href":"https:\/\/espirita.store\/index.php?rest_route=%2Fwp%2Fv2%2Fcomments&post=315"}],"wp:featuredmedia":[{"embeddable":true,"href":"https:\/\/espirita.store\/index.php?rest_route=\/wp\/v2\/media\/336"}],"wp:attachment":[{"href":"https:\/\/espirita.store\/index.php?rest_route=%2Fwp%2Fv2%2Fmedia&parent=315"}],"wp:term":[{"taxonomy":"product_brand","embeddable":true,"href":"https:\/\/espirita.store\/index.php?rest_route=%2Fwp%2Fv2%2Fproduct_brand&post=315"},{"taxonomy":"product_cat","embeddable":true,"href":"https:\/\/espirita.store\/index.php?rest_route=%2Fwp%2Fv2%2Fproduct_cat&post=315"},{"taxonomy":"product_tag","embeddable":true,"href":"https:\/\/espirita.store\/index.php?rest_route=%2Fwp%2Fv2%2Fproduct_tag&post=315"}],"curies":[{"name":"wp","href":"https:\/\/api.w.org\/{rel}","templated":true}]}}