{"id":314,"date":"2025-07-15T05:51:39","date_gmt":"2025-07-15T04:51:39","guid":{"rendered":"https:\/\/espirita.store\/?post_type=product&#038;p=314"},"modified":"2025-07-21T21:00:28","modified_gmt":"2025-07-21T20:00:28","slug":"sky-vine-cabernet-sauvignon-2019","status":"publish","type":"product","link":"https:\/\/espirita.store\/?product=sky-vine-cabernet-sauvignon-2019","title":{"rendered":"Sky &amp; Vine Cabernet Sauvignon 2019"},"content":{"rendered":"<p style=\"text-align: center\">750 ML<\/p>\n<p style=\"text-align: center\">Cabernet Sauvignon californiano elegante, envejecido en roble y con gran expresi\u00f3n frutal. De la regi\u00f3n de Napa Valley.<\/p>\n<p style=\"text-align: center\"><strong>Pa\u00eds:<\/strong> EE.\u202fUU. (California)<\/p>\n<p style=\"text-align: center\"><strong>Bodega:<\/strong> Sky and Vine<\/p>\n<p style=\"text-align: center\"><strong>Tipo:<\/strong> Vino tinto Cabernet Sauvignon<\/p>\n<p style=\"text-align: center\"><strong>Sabor:<\/strong> Cassis, ciruela, roble tostado, especias dulces<\/p>\n<p style=\"text-align: center\"><strong>Maridajes:<\/strong><br \/>\nSteak, costillas BBQ, hamburguesas gourmet<\/p>\n","protected":false},"excerpt":{"rendered":"<p>750 ML Cabernet Sauvignon californiano elegante, envejecido en roble y con gran expresi\u00f3n frutal. De la regi\u00f3n de Napa Valley. Pa\u00eds: EE.\u202fUU. (California) Bodega: Sky and Vine Tipo: Vino tinto Cabernet Sauvignon Sabor: Cassis, ciruela, roble tostado, especias dulces Maridajes: Steak, costillas BBQ, hamburguesas gourmet<\/p>\n","protected":false},"featured_media":335,"comment_status":"open","ping_status":"closed","template":"","meta":[],"product_brand":[],"product_cat":[31],"product_tag":[],"class_list":{"0":"post-314","1":"product","2":"type-product","3":"status-publish","4":"has-post-thumbnail","6":"product_cat-vino-tinto","8":"first","9":"instock","10":"shipping-taxable","11":"purchasable","12":"product-type-simple"},"_links":{"self":[{"href":"https:\/\/espirita.store\/index.php?rest_route=\/wp\/v2\/product\/314","targetHints":{"allow":["GET"]}}],"collection":[{"href":"https:\/\/espirita.store\/index.php?rest_route=\/wp\/v2\/product"}],"about":[{"href":"https:\/\/espirita.store\/index.php?rest_route=\/wp\/v2\/types\/product"}],"replies":[{"embeddable":true,"href":"https:\/\/espirita.store\/index.php?rest_route=%2Fwp%2Fv2%2Fcomments&post=314"}],"wp:featuredmedia":[{"embeddable":true,"href":"https:\/\/espirita.store\/index.php?rest_route=\/wp\/v2\/media\/335"}],"wp:attachment":[{"href":"https:\/\/espirita.store\/index.php?rest_route=%2Fwp%2Fv2%2Fmedia&parent=314"}],"wp:term":[{"taxonomy":"product_brand","embeddable":true,"href":"https:\/\/espirita.store\/index.php?rest_route=%2Fwp%2Fv2%2Fproduct_brand&post=314"},{"taxonomy":"product_cat","embeddable":true,"href":"https:\/\/espirita.store\/index.php?rest_route=%2Fwp%2Fv2%2Fproduct_cat&post=314"},{"taxonomy":"product_tag","embeddable":true,"href":"https:\/\/espirita.store\/index.php?rest_route=%2Fwp%2Fv2%2Fproduct_tag&post=314"}],"curies":[{"name":"wp","href":"https:\/\/api.w.org\/{rel}","templated":true}]}}