{"id":312,"date":"2025-07-15T05:43:49","date_gmt":"2025-07-15T04:43:49","guid":{"rendered":"https:\/\/espirita.store\/?post_type=product&#038;p=312"},"modified":"2025-07-21T20:54:17","modified_gmt":"2025-07-21T19:54:17","slug":"montes-alpha-carmenere-2018","status":"publish","type":"product","link":"https:\/\/espirita.store\/?product=montes-alpha-carmenere-2018","title":{"rendered":"Montes Alpha Carmen\u00e8re 2018"},"content":{"rendered":"<p style=\"text-align: center\">750 ML<\/p>\n<p style=\"text-align: center\">Uno de los Carm\u00e9n\u00e8re m\u00e1s reconocidos de Chile, del Valle de Colchagua. Envejecido 12 meses en barrica de roble franc\u00e9s.<\/p>\n<p style=\"text-align: center\"><strong>Pa\u00eds:<\/strong> Chile<\/p>\n<p style=\"text-align: center\"><strong>Bodega:<\/strong> Montes<\/p>\n<p style=\"text-align: center\"><strong>Tipo:<\/strong> Vino tinto Carmen\u00e8re<\/p>\n<p style=\"text-align: center\"><strong>Sabor:<\/strong> Frutas negras, pimiento rojo, especias, tabaco y cuero<\/p>\n<p style=\"text-align: center\"><strong>Maridajes:<\/strong><br \/>\nPlatos con especias suaves, carnes rojas, embutidos<\/p>\n","protected":false},"excerpt":{"rendered":"<p>750 ML Uno de los Carm\u00e9n\u00e8re m\u00e1s reconocidos de Chile, del Valle de Colchagua. Envejecido 12 meses en barrica de roble franc\u00e9s. Pa\u00eds: Chile Bodega: Montes Tipo: Vino tinto Carmen\u00e8re Sabor: Frutas negras, pimiento rojo, especias, tabaco y cuero Maridajes: Platos con especias suaves, carnes rojas, embutidos<\/p>\n","protected":false},"featured_media":333,"comment_status":"open","ping_status":"closed","template":"","meta":[],"product_brand":[],"product_cat":[31],"product_tag":[],"class_list":{"0":"post-312","1":"product","2":"type-product","3":"status-publish","4":"has-post-thumbnail","6":"product_cat-vino-tinto","8":"first","9":"instock","10":"shipping-taxable","11":"purchasable","12":"product-type-simple"},"_links":{"self":[{"href":"https:\/\/espirita.store\/index.php?rest_route=\/wp\/v2\/product\/312","targetHints":{"allow":["GET"]}}],"collection":[{"href":"https:\/\/espirita.store\/index.php?rest_route=\/wp\/v2\/product"}],"about":[{"href":"https:\/\/espirita.store\/index.php?rest_route=\/wp\/v2\/types\/product"}],"replies":[{"embeddable":true,"href":"https:\/\/espirita.store\/index.php?rest_route=%2Fwp%2Fv2%2Fcomments&post=312"}],"wp:featuredmedia":[{"embeddable":true,"href":"https:\/\/espirita.store\/index.php?rest_route=\/wp\/v2\/media\/333"}],"wp:attachment":[{"href":"https:\/\/espirita.store\/index.php?rest_route=%2Fwp%2Fv2%2Fmedia&parent=312"}],"wp:term":[{"taxonomy":"product_brand","embeddable":true,"href":"https:\/\/espirita.store\/index.php?rest_route=%2Fwp%2Fv2%2Fproduct_brand&post=312"},{"taxonomy":"product_cat","embeddable":true,"href":"https:\/\/espirita.store\/index.php?rest_route=%2Fwp%2Fv2%2Fproduct_cat&post=312"},{"taxonomy":"product_tag","embeddable":true,"href":"https:\/\/espirita.store\/index.php?rest_route=%2Fwp%2Fv2%2Fproduct_tag&post=312"}],"curies":[{"name":"wp","href":"https:\/\/api.w.org\/{rel}","templated":true}]}}