{"id":311,"date":"2025-07-15T05:25:32","date_gmt":"2025-07-15T04:25:32","guid":{"rendered":"https:\/\/espirita.store\/?post_type=product&#038;p=311"},"modified":"2025-07-21T20:56:40","modified_gmt":"2025-07-21T19:56:40","slug":"montes-limited-selection-pinot-noir-2022","status":"publish","type":"product","link":"https:\/\/espirita.store\/?product=montes-limited-selection-pinot-noir-2022","title":{"rendered":"Montes Limited Selection Pinot Noir 2022"},"content":{"rendered":"<p style=\"text-align: center\">750 ML<\/p>\n<p style=\"text-align: center\">Pinot Noir joven y expresivo del Valle de Casablanca, con crianza breve para conservar frescura y fruta.<\/p>\n<p style=\"text-align: center\"><strong>Pa\u00eds:<\/strong> Chile<\/p>\n<p style=\"text-align: center\"><strong>Bodega:<\/strong> Montes<\/p>\n<p style=\"text-align: center\"><strong>Tipo:<\/strong> Vino tinto Pinot Noir<\/p>\n<p style=\"text-align: center\"><strong>Sabor:<\/strong> Cereza \u00e1cida, frambuesa, toques herbales y ligeramente tostado<\/p>\n<p style=\"text-align: center\"><strong>Maridajes:<\/strong><br \/>\nSalm\u00f3n, pato, ensaladas tibias, pasta con champi\u00f1ones<\/p>\n","protected":false},"excerpt":{"rendered":"<p>750 ML Pinot Noir joven y expresivo del Valle de Casablanca, con crianza breve para conservar frescura y fruta. Pa\u00eds: Chile Bodega: Montes Tipo: Vino tinto Pinot Noir Sabor: Cereza \u00e1cida, frambuesa, toques herbales y ligeramente tostado Maridajes: Salm\u00f3n, pato, ensaladas tibias, pasta con champi\u00f1ones<\/p>\n","protected":false},"featured_media":332,"comment_status":"open","ping_status":"closed","template":"","meta":[],"product_brand":[],"product_cat":[31],"product_tag":[],"class_list":{"0":"post-311","1":"product","2":"type-product","3":"status-publish","4":"has-post-thumbnail","6":"product_cat-vino-tinto","8":"first","9":"instock","10":"shipping-taxable","11":"purchasable","12":"product-type-simple"},"_links":{"self":[{"href":"https:\/\/espirita.store\/index.php?rest_route=\/wp\/v2\/product\/311","targetHints":{"allow":["GET"]}}],"collection":[{"href":"https:\/\/espirita.store\/index.php?rest_route=\/wp\/v2\/product"}],"about":[{"href":"https:\/\/espirita.store\/index.php?rest_route=\/wp\/v2\/types\/product"}],"replies":[{"embeddable":true,"href":"https:\/\/espirita.store\/index.php?rest_route=%2Fwp%2Fv2%2Fcomments&post=311"}],"wp:featuredmedia":[{"embeddable":true,"href":"https:\/\/espirita.store\/index.php?rest_route=\/wp\/v2\/media\/332"}],"wp:attachment":[{"href":"https:\/\/espirita.store\/index.php?rest_route=%2Fwp%2Fv2%2Fmedia&parent=311"}],"wp:term":[{"taxonomy":"product_brand","embeddable":true,"href":"https:\/\/espirita.store\/index.php?rest_route=%2Fwp%2Fv2%2Fproduct_brand&post=311"},{"taxonomy":"product_cat","embeddable":true,"href":"https:\/\/espirita.store\/index.php?rest_route=%2Fwp%2Fv2%2Fproduct_cat&post=311"},{"taxonomy":"product_tag","embeddable":true,"href":"https:\/\/espirita.store\/index.php?rest_route=%2Fwp%2Fv2%2Fproduct_tag&post=311"}],"curies":[{"name":"wp","href":"https:\/\/api.w.org\/{rel}","templated":true}]}}