{"id":310,"date":"2025-07-15T05:23:19","date_gmt":"2025-07-15T04:23:19","guid":{"rendered":"https:\/\/espirita.store\/?post_type=product&#038;p=310"},"modified":"2025-08-13T02:39:27","modified_gmt":"2025-08-13T01:39:27","slug":"montes-alpha-syrah-2018","status":"publish","type":"product","link":"https:\/\/espirita.store\/?product=montes-alpha-syrah-2018","title":{"rendered":"Montes Alpha Syrah 2018"},"content":{"rendered":"<p style=\"text-align: center\">750 ML<\/p>\n<p style=\"text-align: center\">Vino tinto chileno premium elaborado con uvas Syrah del Valle de Colchagua. Envejecido en barricas de roble franc\u00e9s por 12 meses. Ideal para paladares exigentes.<\/p>\n<p style=\"text-align: center\"><strong>Pa\u00eds:<\/strong> Chile<\/p>\n<p style=\"text-align: center\"><strong>Bodega:<\/strong> Montes<\/p>\n<p style=\"text-align: center\"><strong>Tipo:<\/strong> Vino tinto Syrah<\/p>\n<p style=\"text-align: center\"><strong>Sabor:<\/strong> Notas de mora, ar\u00e1ndanos, especias, cuero y chocolate oscuro<\/p>\n<p style=\"text-align: center\"><strong>Maridajes:<\/strong><br \/>\nCordero, carne asada, quesos curados, platos con especias<\/p>\n","protected":false},"excerpt":{"rendered":"<p>750 ML Vino tinto chileno premium elaborado con uvas Syrah del Valle de Colchagua. Envejecido en barricas de roble franc\u00e9s por 12 meses. Ideal para paladares exigentes. Pa\u00eds: Chile Bodega: Montes Tipo: Vino tinto Syrah Sabor: Notas de mora, ar\u00e1ndanos, especias, cuero y chocolate oscuro Maridajes: Cordero, carne asada, quesos curados, platos con especias<\/p>\n","protected":false},"featured_media":378,"comment_status":"open","ping_status":"closed","template":"","meta":[],"product_brand":[],"product_cat":[31],"product_tag":[],"class_list":{"0":"post-310","1":"product","2":"type-product","3":"status-publish","4":"has-post-thumbnail","6":"product_cat-vino-tinto","8":"first","9":"instock","10":"shipping-taxable","11":"purchasable","12":"product-type-simple"},"_links":{"self":[{"href":"https:\/\/espirita.store\/index.php?rest_route=\/wp\/v2\/product\/310","targetHints":{"allow":["GET"]}}],"collection":[{"href":"https:\/\/espirita.store\/index.php?rest_route=\/wp\/v2\/product"}],"about":[{"href":"https:\/\/espirita.store\/index.php?rest_route=\/wp\/v2\/types\/product"}],"replies":[{"embeddable":true,"href":"https:\/\/espirita.store\/index.php?rest_route=%2Fwp%2Fv2%2Fcomments&post=310"}],"wp:featuredmedia":[{"embeddable":true,"href":"https:\/\/espirita.store\/index.php?rest_route=\/wp\/v2\/media\/378"}],"wp:attachment":[{"href":"https:\/\/espirita.store\/index.php?rest_route=%2Fwp%2Fv2%2Fmedia&parent=310"}],"wp:term":[{"taxonomy":"product_brand","embeddable":true,"href":"https:\/\/espirita.store\/index.php?rest_route=%2Fwp%2Fv2%2Fproduct_brand&post=310"},{"taxonomy":"product_cat","embeddable":true,"href":"https:\/\/espirita.store\/index.php?rest_route=%2Fwp%2Fv2%2Fproduct_cat&post=310"},{"taxonomy":"product_tag","embeddable":true,"href":"https:\/\/espirita.store\/index.php?rest_route=%2Fwp%2Fv2%2Fproduct_tag&post=310"}],"curies":[{"name":"wp","href":"https:\/\/api.w.org\/{rel}","templated":true}]}}