{"id":304,"date":"2025-07-14T10:25:09","date_gmt":"2025-07-14T09:25:09","guid":{"rendered":"https:\/\/espirita.store\/?post_type=product&#038;p=304"},"modified":"2025-09-04T21:56:09","modified_gmt":"2025-09-04T20:56:09","slug":"margaritaville-silver-tequila","status":"publish","type":"product","link":"https:\/\/espirita.store\/?product=margaritaville-silver-tequila","title":{"rendered":"Margaritaville Silver Tequila"},"content":{"rendered":"<p style=\"text-align: center\">50\u202fml<\/p>\n<p style=\"text-align: center\">Tequila blanco hecho 100\u202f% con agave azul. Ideal para margaritas y otros c\u00f3cteles tropicales.<\/p>\n<p style=\"text-align: center\"><strong>Pa\u00eds:<\/strong> M\u00e9xico<\/p>\n<p style=\"text-align: center\"><strong>Marca:<\/strong> Margaritaville<\/p>\n<p style=\"text-align: center\"><strong>Tipo:<\/strong> Tequila blanco<\/p>\n<p style=\"text-align: center\"><strong>Sabor:<\/strong> Agave fresco, c\u00edtricos, toque herbal<\/p>\n<p style=\"text-align: center\"><strong>Maridajes:<\/strong><br \/>\nGuacamole, camarones al ajillo, ensaladas tropicales<\/p>\n","protected":false},"excerpt":{"rendered":"<p>50\u202fml Tequila blanco hecho 100\u202f% con agave azul. Ideal para margaritas y otros c\u00f3cteles tropicales. Pa\u00eds: M\u00e9xico Marca: Margaritaville Tipo: Tequila blanco Sabor: Agave fresco, c\u00edtricos, toque herbal Maridajes: Guacamole, camarones al ajillo, ensaladas tropicales<\/p>\n","protected":false},"featured_media":937,"comment_status":"open","ping_status":"closed","template":"","meta":[],"product_brand":[],"product_cat":[57],"product_tag":[],"class_list":{"0":"post-304","1":"product","2":"type-product","3":"status-publish","4":"has-post-thumbnail","6":"product_cat-tequila","8":"first","9":"instock","10":"shipping-taxable","11":"purchasable","12":"product-type-simple"},"_links":{"self":[{"href":"https:\/\/espirita.store\/index.php?rest_route=\/wp\/v2\/product\/304","targetHints":{"allow":["GET"]}}],"collection":[{"href":"https:\/\/espirita.store\/index.php?rest_route=\/wp\/v2\/product"}],"about":[{"href":"https:\/\/espirita.store\/index.php?rest_route=\/wp\/v2\/types\/product"}],"replies":[{"embeddable":true,"href":"https:\/\/espirita.store\/index.php?rest_route=%2Fwp%2Fv2%2Fcomments&post=304"}],"wp:featuredmedia":[{"embeddable":true,"href":"https:\/\/espirita.store\/index.php?rest_route=\/wp\/v2\/media\/937"}],"wp:attachment":[{"href":"https:\/\/espirita.store\/index.php?rest_route=%2Fwp%2Fv2%2Fmedia&parent=304"}],"wp:term":[{"taxonomy":"product_brand","embeddable":true,"href":"https:\/\/espirita.store\/index.php?rest_route=%2Fwp%2Fv2%2Fproduct_brand&post=304"},{"taxonomy":"product_cat","embeddable":true,"href":"https:\/\/espirita.store\/index.php?rest_route=%2Fwp%2Fv2%2Fproduct_cat&post=304"},{"taxonomy":"product_tag","embeddable":true,"href":"https:\/\/espirita.store\/index.php?rest_route=%2Fwp%2Fv2%2Fproduct_tag&post=304"}],"curies":[{"name":"wp","href":"https:\/\/api.w.org\/{rel}","templated":true}]}}