{"id":300,"date":"2025-07-14T10:16:56","date_gmt":"2025-07-14T09:16:56","guid":{"rendered":"https:\/\/espirita.store\/?post_type=product&#038;p=300"},"modified":"2025-09-04T22:38:34","modified_gmt":"2025-09-04T21:38:34","slug":"fireball-cinnamon-whisky","status":"publish","type":"product","link":"https:\/\/espirita.store\/?product=fireball-cinnamon-whisky","title":{"rendered":"Fireball Cinnamon Whisky"},"content":{"rendered":"<p style=\"text-align: center\">50 ML<\/p>\n<p style=\"text-align: center\">Whisky canadiense infusionado con sabor a canela ardiente. Famoso por su perfil picante y dulce, ideal para shots o mezclas atrevidas.<\/p>\n<p style=\"text-align: center\"><strong>Pa\u00eds:<\/strong> Canad\u00e1<\/p>\n<p style=\"text-align: center\"><strong>Marca:<\/strong> Fireball<\/p>\n<p style=\"text-align: center\"><strong>Tipo:<\/strong> Whisky saborizado<\/p>\n<p style=\"text-align: center\"><strong>Sabor:<\/strong> Intensa canela dulce y especiada, con un final c\u00e1lido<\/p>\n<p style=\"text-align: center\"><strong>Maridajes:<\/strong><br \/>\nManzanas asadas, postres con canela, pretzels salados<\/p>\n","protected":false},"excerpt":{"rendered":"<p>50 ML Whisky canadiense infusionado con sabor a canela ardiente. Famoso por su perfil picante y dulce, ideal para shots o mezclas atrevidas. Pa\u00eds: Canad\u00e1 Marca: Fireball Tipo: Whisky saborizado Sabor: Intensa canela dulce y especiada, con un final c\u00e1lido Maridajes: Manzanas asadas, postres con canela, pretzels salados<\/p>\n","protected":false},"featured_media":942,"comment_status":"open","ping_status":"closed","template":"","meta":[],"product_brand":[],"product_cat":[48],"product_tag":[],"class_list":{"0":"post-300","1":"product","2":"type-product","3":"status-publish","4":"has-post-thumbnail","6":"product_cat-whiskey","8":"first","9":"instock","10":"shipping-taxable","11":"purchasable","12":"product-type-simple"},"_links":{"self":[{"href":"https:\/\/espirita.store\/index.php?rest_route=\/wp\/v2\/product\/300","targetHints":{"allow":["GET"]}}],"collection":[{"href":"https:\/\/espirita.store\/index.php?rest_route=\/wp\/v2\/product"}],"about":[{"href":"https:\/\/espirita.store\/index.php?rest_route=\/wp\/v2\/types\/product"}],"replies":[{"embeddable":true,"href":"https:\/\/espirita.store\/index.php?rest_route=%2Fwp%2Fv2%2Fcomments&post=300"}],"wp:featuredmedia":[{"embeddable":true,"href":"https:\/\/espirita.store\/index.php?rest_route=\/wp\/v2\/media\/942"}],"wp:attachment":[{"href":"https:\/\/espirita.store\/index.php?rest_route=%2Fwp%2Fv2%2Fmedia&parent=300"}],"wp:term":[{"taxonomy":"product_brand","embeddable":true,"href":"https:\/\/espirita.store\/index.php?rest_route=%2Fwp%2Fv2%2Fproduct_brand&post=300"},{"taxonomy":"product_cat","embeddable":true,"href":"https:\/\/espirita.store\/index.php?rest_route=%2Fwp%2Fv2%2Fproduct_cat&post=300"},{"taxonomy":"product_tag","embeddable":true,"href":"https:\/\/espirita.store\/index.php?rest_route=%2Fwp%2Fv2%2Fproduct_tag&post=300"}],"curies":[{"name":"wp","href":"https:\/\/api.w.org\/{rel}","templated":true}]}}