{"id":299,"date":"2025-07-14T10:15:45","date_gmt":"2025-07-14T09:15:45","guid":{"rendered":"https:\/\/espirita.store\/?post_type=product&#038;p=299"},"modified":"2025-09-04T22:39:13","modified_gmt":"2025-09-04T21:39:13","slug":"buchanans-deluxe-12-years-scotch-whisky","status":"publish","type":"product","link":"https:\/\/espirita.store\/?product=buchanans-deluxe-12-years-scotch-whisky","title":{"rendered":"Buchanan\u2019s Deluxe 12 Years Scotch Whisky"},"content":{"rendered":"<p style=\"text-align: center\">50 ML<\/p>\n<p style=\"text-align: center\">Whisky escoc\u00e9s blended a\u00f1ejado por 12 a\u00f1os. Reconocido por su suavidad, elegancia y perfil equilibrado, perfecto para tomar solo o con hielo.<\/p>\n<p style=\"text-align: center\"><strong>Pa\u00eds:<\/strong> Escocia<\/p>\n<p style=\"text-align: center\"><strong>Marca:<\/strong> Buchanan\u2019s<\/p>\n<p style=\"text-align: center\"><strong>Tipo:<\/strong> Whisky blended<\/p>\n<p style=\"text-align: center\"><strong>Sabor:<\/strong> Miel, frutas secas, madera suave y un toque de humo<\/p>\n<p style=\"text-align: center\"><strong>Maridajes:<\/strong><br \/>\nQuesos curados, carnes rojas, chocolate oscuro<\/p>\n","protected":false},"excerpt":{"rendered":"<p>50 ML Whisky escoc\u00e9s blended a\u00f1ejado por 12 a\u00f1os. Reconocido por su suavidad, elegancia y perfil equilibrado, perfecto para tomar solo o con hielo. Pa\u00eds: Escocia Marca: Buchanan\u2019s Tipo: Whisky blended Sabor: Miel, frutas secas, madera suave y un toque de humo Maridajes: Quesos curados, carnes rojas, chocolate oscuro<\/p>\n","protected":false},"featured_media":943,"comment_status":"open","ping_status":"closed","template":"","meta":[],"product_brand":[],"product_cat":[48],"product_tag":[],"class_list":{"0":"post-299","1":"product","2":"type-product","3":"status-publish","4":"has-post-thumbnail","6":"product_cat-whiskey","8":"first","9":"instock","10":"shipping-taxable","11":"purchasable","12":"product-type-simple"},"_links":{"self":[{"href":"https:\/\/espirita.store\/index.php?rest_route=\/wp\/v2\/product\/299","targetHints":{"allow":["GET"]}}],"collection":[{"href":"https:\/\/espirita.store\/index.php?rest_route=\/wp\/v2\/product"}],"about":[{"href":"https:\/\/espirita.store\/index.php?rest_route=\/wp\/v2\/types\/product"}],"replies":[{"embeddable":true,"href":"https:\/\/espirita.store\/index.php?rest_route=%2Fwp%2Fv2%2Fcomments&post=299"}],"wp:featuredmedia":[{"embeddable":true,"href":"https:\/\/espirita.store\/index.php?rest_route=\/wp\/v2\/media\/943"}],"wp:attachment":[{"href":"https:\/\/espirita.store\/index.php?rest_route=%2Fwp%2Fv2%2Fmedia&parent=299"}],"wp:term":[{"taxonomy":"product_brand","embeddable":true,"href":"https:\/\/espirita.store\/index.php?rest_route=%2Fwp%2Fv2%2Fproduct_brand&post=299"},{"taxonomy":"product_cat","embeddable":true,"href":"https:\/\/espirita.store\/index.php?rest_route=%2Fwp%2Fv2%2Fproduct_cat&post=299"},{"taxonomy":"product_tag","embeddable":true,"href":"https:\/\/espirita.store\/index.php?rest_route=%2Fwp%2Fv2%2Fproduct_tag&post=299"}],"curies":[{"name":"wp","href":"https:\/\/api.w.org\/{rel}","templated":true}]}}