{"id":298,"date":"2025-07-14T10:11:34","date_gmt":"2025-07-14T09:11:34","guid":{"rendered":"https:\/\/espirita.store\/?post_type=product&#038;p=298"},"modified":"2025-10-18T01:15:36","modified_gmt":"2025-10-18T00:15:36","slug":"buchanans-pineapple","status":"publish","type":"product","link":"https:\/\/espirita.store\/?product=buchanans-pineapple","title":{"rendered":"Buchanan\u2019s Pineapple"},"content":{"rendered":"<p style=\"text-align: center\">50ML<\/p>\n<p style=\"text-align: center\">Fusi\u00f3n innovadora del cl\u00e1sico whisky Buchanan\u2019s con jugoso sabor a pi\u00f1a. Ideal para quienes buscan un perfil m\u00e1s tropical y vers\u00e1til en cocteler\u00eda.<\/p>\n<p style=\"text-align: center\"><strong>Pa\u00eds:<\/strong> Escocia (mezclado con saborizantes)<\/p>\n<p style=\"text-align: center\"><strong>Marca:<\/strong> Buchanan\u2019s<\/p>\n<p style=\"text-align: center\"><strong>Tipo:<\/strong> Whisky saborizado<\/p>\n<p style=\"text-align: center\"><strong>Sabor:<\/strong> Pi\u00f1a madura, toques de vainilla y roble dulce<\/p>\n<p style=\"text-align: center\"><strong>Maridajes:<\/strong><br \/>\nBrochetas de cerdo, camarones glaseados, postres con coco o frutas tropicales<\/p>\n","protected":false},"excerpt":{"rendered":"<p>50ML Fusi\u00f3n innovadora del cl\u00e1sico whisky Buchanan\u2019s con jugoso sabor a pi\u00f1a. Ideal para quienes buscan un perfil m\u00e1s tropical y vers\u00e1til en cocteler\u00eda. Pa\u00eds: Escocia (mezclado con saborizantes) Marca: Buchanan\u2019s Tipo: Whisky saborizado Sabor: Pi\u00f1a madura, toques de vainilla y roble dulce Maridajes: Brochetas de cerdo, camarones glaseados, postres con coco o frutas tropicales<\/p>\n","protected":false},"featured_media":944,"comment_status":"open","ping_status":"closed","template":"","meta":[],"product_brand":[],"product_cat":[48],"product_tag":[],"class_list":{"0":"post-298","1":"product","2":"type-product","3":"status-publish","4":"has-post-thumbnail","6":"product_cat-whiskey","8":"first","9":"instock","10":"shipping-taxable","11":"purchasable","12":"product-type-simple"},"_links":{"self":[{"href":"https:\/\/espirita.store\/index.php?rest_route=\/wp\/v2\/product\/298","targetHints":{"allow":["GET"]}}],"collection":[{"href":"https:\/\/espirita.store\/index.php?rest_route=\/wp\/v2\/product"}],"about":[{"href":"https:\/\/espirita.store\/index.php?rest_route=\/wp\/v2\/types\/product"}],"replies":[{"embeddable":true,"href":"https:\/\/espirita.store\/index.php?rest_route=%2Fwp%2Fv2%2Fcomments&post=298"}],"wp:featuredmedia":[{"embeddable":true,"href":"https:\/\/espirita.store\/index.php?rest_route=\/wp\/v2\/media\/944"}],"wp:attachment":[{"href":"https:\/\/espirita.store\/index.php?rest_route=%2Fwp%2Fv2%2Fmedia&parent=298"}],"wp:term":[{"taxonomy":"product_brand","embeddable":true,"href":"https:\/\/espirita.store\/index.php?rest_route=%2Fwp%2Fv2%2Fproduct_brand&post=298"},{"taxonomy":"product_cat","embeddable":true,"href":"https:\/\/espirita.store\/index.php?rest_route=%2Fwp%2Fv2%2Fproduct_cat&post=298"},{"taxonomy":"product_tag","embeddable":true,"href":"https:\/\/espirita.store\/index.php?rest_route=%2Fwp%2Fv2%2Fproduct_tag&post=298"}],"curies":[{"name":"wp","href":"https:\/\/api.w.org\/{rel}","templated":true}]}}