{"id":296,"date":"2025-07-14T10:04:13","date_gmt":"2025-07-14T09:04:13","guid":{"rendered":"https:\/\/espirita.store\/?post_type=product&#038;p=296"},"modified":"2025-09-04T22:41:14","modified_gmt":"2025-09-04T21:41:14","slug":"familia-camarena-reposado-tequila","status":"publish","type":"product","link":"https:\/\/espirita.store\/?product=familia-camarena-reposado-tequila","title":{"rendered":"Familia Camarena Reposado Tequila"},"content":{"rendered":"<p style=\"text-align: center\">50ML<\/p>\n<p style=\"text-align: center\">Tequila 100\u202f% agave azul cultivado en los Altos de Jalisco, envejecido por al menos 60 d\u00edas en barricas de roble para lograr suavidad y complejidad.<\/p>\n<p style=\"text-align: center\"><strong>Pa\u00eds:<\/strong> M\u00e9xico<\/p>\n<p style=\"text-align: center\"><strong>Marca:<\/strong> Familia Camarena<\/p>\n<p style=\"text-align: center\"><strong>Tipo<\/strong>: Tequila reposado<\/p>\n<p style=\"text-align: center\"><strong>Sabor:<\/strong> Suave, con notas de caramelo, vainilla, canela y roble tostado<\/p>\n<p style=\"text-align: center\"><strong>Maridajes:<\/strong><\/p>\n<p style=\"text-align: center\">Tacos de res, enchiladas, quesos curados<\/p>\n","protected":false},"excerpt":{"rendered":"<p>50ML Tequila 100\u202f% agave azul cultivado en los Altos de Jalisco, envejecido por al menos 60 d\u00edas en barricas de roble para lograr suavidad y complejidad. Pa\u00eds: M\u00e9xico Marca: Familia Camarena Tipo: Tequila reposado Sabor: Suave, con notas de caramelo, vainilla, canela y roble tostado Maridajes: Tacos de res, enchiladas, quesos curados<\/p>\n","protected":false},"featured_media":946,"comment_status":"open","ping_status":"closed","template":"","meta":[],"product_brand":[],"product_cat":[57],"product_tag":[],"class_list":{"0":"post-296","1":"product","2":"type-product","3":"status-publish","4":"has-post-thumbnail","6":"product_cat-tequila","8":"first","9":"instock","10":"shipping-taxable","11":"purchasable","12":"product-type-simple"},"_links":{"self":[{"href":"https:\/\/espirita.store\/index.php?rest_route=\/wp\/v2\/product\/296","targetHints":{"allow":["GET"]}}],"collection":[{"href":"https:\/\/espirita.store\/index.php?rest_route=\/wp\/v2\/product"}],"about":[{"href":"https:\/\/espirita.store\/index.php?rest_route=\/wp\/v2\/types\/product"}],"replies":[{"embeddable":true,"href":"https:\/\/espirita.store\/index.php?rest_route=%2Fwp%2Fv2%2Fcomments&post=296"}],"wp:featuredmedia":[{"embeddable":true,"href":"https:\/\/espirita.store\/index.php?rest_route=\/wp\/v2\/media\/946"}],"wp:attachment":[{"href":"https:\/\/espirita.store\/index.php?rest_route=%2Fwp%2Fv2%2Fmedia&parent=296"}],"wp:term":[{"taxonomy":"product_brand","embeddable":true,"href":"https:\/\/espirita.store\/index.php?rest_route=%2Fwp%2Fv2%2Fproduct_brand&post=296"},{"taxonomy":"product_cat","embeddable":true,"href":"https:\/\/espirita.store\/index.php?rest_route=%2Fwp%2Fv2%2Fproduct_cat&post=296"},{"taxonomy":"product_tag","embeddable":true,"href":"https:\/\/espirita.store\/index.php?rest_route=%2Fwp%2Fv2%2Fproduct_tag&post=296"}],"curies":[{"name":"wp","href":"https:\/\/api.w.org\/{rel}","templated":true}]}}