{"id":295,"date":"2025-07-14T08:14:18","date_gmt":"2025-07-14T07:14:18","guid":{"rendered":"https:\/\/espirita.store\/?post_type=product&#038;p=295"},"modified":"2025-09-04T22:42:02","modified_gmt":"2025-09-04T21:42:02","slug":"el-jimador-reposado-tequila","status":"publish","type":"product","link":"https:\/\/espirita.store\/?product=el-jimador-reposado-tequila","title":{"rendered":"El Jimador Reposado Tequila"},"content":{"rendered":"<p style=\"text-align: center\">50 ML<\/p>\n<p style=\"text-align: center\">Hecho con agave azul 100\u202f% y envejecido durante dos meses en barricas de roble blanco americano. Es el tequila m\u00e1s vendido en M\u00e9xico por su sabor suave y accesible.<\/p>\n<p style=\"text-align: center\"><strong>Pa\u00eds:<\/strong> M\u00e9xico<\/p>\n<p style=\"text-align: center\"><strong>Marca:<\/strong> El Jimador<\/p>\n<p style=\"text-align: center\"><strong>Tipo:<\/strong> Tequila reposado<\/p>\n<p style=\"text-align: center\"><strong>Sabor<\/strong>: Notas de vainilla, caramelo, madera ligera y especias<\/p>\n<p style=\"text-align: center\"><strong>Maridajes:<\/strong><\/p>\n<p style=\"text-align: center\">Carnes a la parrilla, tacos de barbacoa, frijoles charros<\/p>\n","protected":false},"excerpt":{"rendered":"<p>50 ML Hecho con agave azul 100\u202f% y envejecido durante dos meses en barricas de roble blanco americano. Es el tequila m\u00e1s vendido en M\u00e9xico por su sabor suave y accesible. Pa\u00eds: M\u00e9xico Marca: El Jimador Tipo: Tequila reposado Sabor: Notas de vainilla, caramelo, madera ligera y especias Maridajes: Carnes a la parrilla, tacos de [&hellip;]<\/p>\n","protected":false},"featured_media":947,"comment_status":"open","ping_status":"closed","template":"","meta":[],"product_brand":[],"product_cat":[57],"product_tag":[],"class_list":{"0":"post-295","1":"product","2":"type-product","3":"status-publish","4":"has-post-thumbnail","6":"product_cat-tequila","8":"first","9":"instock","10":"shipping-taxable","11":"purchasable","12":"product-type-simple"},"_links":{"self":[{"href":"https:\/\/espirita.store\/index.php?rest_route=\/wp\/v2\/product\/295","targetHints":{"allow":["GET"]}}],"collection":[{"href":"https:\/\/espirita.store\/index.php?rest_route=\/wp\/v2\/product"}],"about":[{"href":"https:\/\/espirita.store\/index.php?rest_route=\/wp\/v2\/types\/product"}],"replies":[{"embeddable":true,"href":"https:\/\/espirita.store\/index.php?rest_route=%2Fwp%2Fv2%2Fcomments&post=295"}],"wp:featuredmedia":[{"embeddable":true,"href":"https:\/\/espirita.store\/index.php?rest_route=\/wp\/v2\/media\/947"}],"wp:attachment":[{"href":"https:\/\/espirita.store\/index.php?rest_route=%2Fwp%2Fv2%2Fmedia&parent=295"}],"wp:term":[{"taxonomy":"product_brand","embeddable":true,"href":"https:\/\/espirita.store\/index.php?rest_route=%2Fwp%2Fv2%2Fproduct_brand&post=295"},{"taxonomy":"product_cat","embeddable":true,"href":"https:\/\/espirita.store\/index.php?rest_route=%2Fwp%2Fv2%2Fproduct_cat&post=295"},{"taxonomy":"product_tag","embeddable":true,"href":"https:\/\/espirita.store\/index.php?rest_route=%2Fwp%2Fv2%2Fproduct_tag&post=295"}],"curies":[{"name":"wp","href":"https:\/\/api.w.org\/{rel}","templated":true}]}}