{"id":293,"date":"2025-07-14T08:12:34","date_gmt":"2025-07-14T07:12:34","guid":{"rendered":"https:\/\/espirita.store\/?post_type=product&#038;p=293"},"modified":"2025-09-04T22:43:52","modified_gmt":"2025-09-04T21:43:52","slug":"1800-blanco-tequila","status":"publish","type":"product","link":"https:\/\/espirita.store\/?product=1800-blanco-tequila","title":{"rendered":"1800 Blanco Tequila"},"content":{"rendered":"<p style=\"text-align: center\">50ML<\/p>\n<p style=\"text-align: center\">Tequila 100\u202f% agave azul, sin a\u00f1ejamiento, destilado cuidadosamente para conservar el sabor puro y fresco del agave. Ideal para cocteler\u00eda o tomarlo solo.<\/p>\n<p style=\"text-align: center\"><strong>Pa\u00eds<\/strong>: Jalisco, M\u00e9xico<\/p>\n<p style=\"text-align: center\"><strong>Marca:<\/strong> 1800<\/p>\n<p style=\"text-align: center\"><strong>Tipo:<\/strong> Tequila blanco<\/p>\n<p style=\"text-align: center\"><strong>Sabor:<\/strong> Agave cocido, c\u00edtricos y un toque herbal fresco<\/p>\n<p style=\"text-align: center\"><strong>Maridajes:<\/strong><\/p>\n<p style=\"text-align: center\">Mariscos, ceviches, guacamole, sushi<\/p>\n","protected":false},"excerpt":{"rendered":"<p>50ML Tequila 100\u202f% agave azul, sin a\u00f1ejamiento, destilado cuidadosamente para conservar el sabor puro y fresco del agave. Ideal para cocteler\u00eda o tomarlo solo. Pa\u00eds: Jalisco, M\u00e9xico Marca: 1800 Tipo: Tequila blanco Sabor: Agave cocido, c\u00edtricos y un toque herbal fresco Maridajes: Mariscos, ceviches, guacamole, sushi<\/p>\n","protected":false},"featured_media":948,"comment_status":"open","ping_status":"closed","template":"","meta":[],"product_brand":[],"product_cat":[57],"product_tag":[],"class_list":{"0":"post-293","1":"product","2":"type-product","3":"status-publish","4":"has-post-thumbnail","6":"product_cat-tequila","8":"first","9":"instock","10":"shipping-taxable","11":"purchasable","12":"product-type-simple"},"_links":{"self":[{"href":"https:\/\/espirita.store\/index.php?rest_route=\/wp\/v2\/product\/293","targetHints":{"allow":["GET"]}}],"collection":[{"href":"https:\/\/espirita.store\/index.php?rest_route=\/wp\/v2\/product"}],"about":[{"href":"https:\/\/espirita.store\/index.php?rest_route=\/wp\/v2\/types\/product"}],"replies":[{"embeddable":true,"href":"https:\/\/espirita.store\/index.php?rest_route=%2Fwp%2Fv2%2Fcomments&post=293"}],"wp:featuredmedia":[{"embeddable":true,"href":"https:\/\/espirita.store\/index.php?rest_route=\/wp\/v2\/media\/948"}],"wp:attachment":[{"href":"https:\/\/espirita.store\/index.php?rest_route=%2Fwp%2Fv2%2Fmedia&parent=293"}],"wp:term":[{"taxonomy":"product_brand","embeddable":true,"href":"https:\/\/espirita.store\/index.php?rest_route=%2Fwp%2Fv2%2Fproduct_brand&post=293"},{"taxonomy":"product_cat","embeddable":true,"href":"https:\/\/espirita.store\/index.php?rest_route=%2Fwp%2Fv2%2Fproduct_cat&post=293"},{"taxonomy":"product_tag","embeddable":true,"href":"https:\/\/espirita.store\/index.php?rest_route=%2Fwp%2Fv2%2Fproduct_tag&post=293"}],"curies":[{"name":"wp","href":"https:\/\/api.w.org\/{rel}","templated":true}]}}