{"id":291,"date":"2025-07-14T06:24:09","date_gmt":"2025-07-14T05:24:09","guid":{"rendered":"https:\/\/espirita.store\/?post_type=product&#038;p=291"},"modified":"2025-09-04T22:44:23","modified_gmt":"2025-09-04T21:44:23","slug":"1800-reposado-tequila","status":"publish","type":"product","link":"https:\/\/espirita.store\/?product=1800-reposado-tequila","title":{"rendered":"1800 Reposado Tequila"},"content":{"rendered":"<p style=\"text-align: center\">Elaborado 100\u202f% con agave azul Weber. Envejecido durante un m\u00ednimo de 6 meses en barricas de roble americano y franc\u00e9s, lo que le otorga un sabor m\u00e1s suave y complejo.<\/p>\n<p style=\"text-align: center\"><strong>Pa\u00eds:<\/strong> Jalisco, M\u00e9xico<\/p>\n<p style=\"text-align: center\"><strong>Marca:<\/strong> 1800<\/p>\n<p style=\"text-align: center\"><strong>Tipo:<\/strong> Tequila reposado<\/p>\n<p style=\"text-align: center\"><strong>Sabor:<\/strong> Toques de caramelo, vainilla y especias, con un fondo amaderado suave<\/p>\n<p style=\"text-align: center\"><strong>Maridajes:<\/strong><\/p>\n<p style=\"text-align: center\">Tacos al pastor, carnes asadas, quesos semicurados<\/p>\n","protected":false},"excerpt":{"rendered":"<p>Elaborado 100\u202f% con agave azul Weber. Envejecido durante un m\u00ednimo de 6 meses en barricas de roble americano y franc\u00e9s, lo que le otorga un sabor m\u00e1s suave y complejo. Pa\u00eds: Jalisco, M\u00e9xico Marca: 1800 Tipo: Tequila reposado Sabor: Toques de caramelo, vainilla y especias, con un fondo amaderado suave Maridajes: Tacos al pastor, carnes [&hellip;]<\/p>\n","protected":false},"featured_media":949,"comment_status":"open","ping_status":"closed","template":"","meta":[],"product_brand":[],"product_cat":[57],"product_tag":[],"class_list":{"0":"post-291","1":"product","2":"type-product","3":"status-publish","4":"has-post-thumbnail","6":"product_cat-tequila","8":"first","9":"instock","10":"shipping-taxable","11":"purchasable","12":"product-type-simple"},"_links":{"self":[{"href":"https:\/\/espirita.store\/index.php?rest_route=\/wp\/v2\/product\/291","targetHints":{"allow":["GET"]}}],"collection":[{"href":"https:\/\/espirita.store\/index.php?rest_route=\/wp\/v2\/product"}],"about":[{"href":"https:\/\/espirita.store\/index.php?rest_route=\/wp\/v2\/types\/product"}],"replies":[{"embeddable":true,"href":"https:\/\/espirita.store\/index.php?rest_route=%2Fwp%2Fv2%2Fcomments&post=291"}],"wp:featuredmedia":[{"embeddable":true,"href":"https:\/\/espirita.store\/index.php?rest_route=\/wp\/v2\/media\/949"}],"wp:attachment":[{"href":"https:\/\/espirita.store\/index.php?rest_route=%2Fwp%2Fv2%2Fmedia&parent=291"}],"wp:term":[{"taxonomy":"product_brand","embeddable":true,"href":"https:\/\/espirita.store\/index.php?rest_route=%2Fwp%2Fv2%2Fproduct_brand&post=291"},{"taxonomy":"product_cat","embeddable":true,"href":"https:\/\/espirita.store\/index.php?rest_route=%2Fwp%2Fv2%2Fproduct_cat&post=291"},{"taxonomy":"product_tag","embeddable":true,"href":"https:\/\/espirita.store\/index.php?rest_route=%2Fwp%2Fv2%2Fproduct_tag&post=291"}],"curies":[{"name":"wp","href":"https:\/\/api.w.org\/{rel}","templated":true}]}}