{"id":289,"date":"2025-07-14T06:20:59","date_gmt":"2025-07-14T05:20:59","guid":{"rendered":"https:\/\/espirita.store\/?post_type=product&#038;p=289"},"modified":"2025-09-15T20:25:20","modified_gmt":"2025-09-15T19:25:20","slug":"don-julio-1942-anejo-tequila","status":"publish","type":"product","link":"https:\/\/espirita.store\/?product=don-julio-1942-anejo-tequila","title":{"rendered":"Don Julio 1942 A\u00f1ejo Tequila"},"content":{"rendered":"<p style=\"text-align: center\">50 ML<\/p>\n<p style=\"text-align: center\">Este tequila es una edici\u00f3n especial creada en homenaje al a\u00f1o en que Don Julio Gonz\u00e1lez comenz\u00f3 su trayectoria tequilera. Elaborado con agave azul 100\u202f% puro y a\u00f1ejado en barricas de roble blanco americano por un m\u00ednimo de 2 a\u00f1os y medio, ofrece un perfil refinado y elegante.<\/p>\n<p style=\"text-align: center\"><strong>Pa\u00eds:<\/strong> Jalisco, M\u00e9xico<\/p>\n<p style=\"text-align: center\"><strong>Marca<\/strong>: Don Julio<\/p>\n<p style=\"text-align: center\"><strong>Tipo:<\/strong> Tequila a\u00f1ejo<\/p>\n<p style=\"text-align: center\"><strong>Sabor:<\/strong> Notas suaves de vainilla, caramelo, chocolate, roble tostado y especias dulces<\/p>\n<p style=\"text-align: center\"><strong>Maridajes:<\/strong><\/p>\n<p style=\"text-align: center\">Postres con chocolate oscuro, carnes rojas, quesos curados<\/p>\n","protected":false},"excerpt":{"rendered":"<p>50 ML Este tequila es una edici\u00f3n especial creada en homenaje al a\u00f1o en que Don Julio Gonz\u00e1lez comenz\u00f3 su trayectoria tequilera. Elaborado con agave azul 100\u202f% puro y a\u00f1ejado en barricas de roble blanco americano por un m\u00ednimo de 2 a\u00f1os y medio, ofrece un perfil refinado y elegante. Pa\u00eds: Jalisco, M\u00e9xico Marca: Don [&hellip;]<\/p>\n","protected":false},"featured_media":290,"comment_status":"open","ping_status":"closed","template":"","meta":[],"product_brand":[],"product_cat":[57],"product_tag":[],"class_list":{"0":"post-289","1":"product","2":"type-product","3":"status-publish","4":"has-post-thumbnail","6":"product_cat-tequila","8":"first","9":"instock","10":"shipping-taxable","11":"purchasable","12":"product-type-simple"},"_links":{"self":[{"href":"https:\/\/espirita.store\/index.php?rest_route=\/wp\/v2\/product\/289","targetHints":{"allow":["GET"]}}],"collection":[{"href":"https:\/\/espirita.store\/index.php?rest_route=\/wp\/v2\/product"}],"about":[{"href":"https:\/\/espirita.store\/index.php?rest_route=\/wp\/v2\/types\/product"}],"replies":[{"embeddable":true,"href":"https:\/\/espirita.store\/index.php?rest_route=%2Fwp%2Fv2%2Fcomments&post=289"}],"wp:featuredmedia":[{"embeddable":true,"href":"https:\/\/espirita.store\/index.php?rest_route=\/wp\/v2\/media\/290"}],"wp:attachment":[{"href":"https:\/\/espirita.store\/index.php?rest_route=%2Fwp%2Fv2%2Fmedia&parent=289"}],"wp:term":[{"taxonomy":"product_brand","embeddable":true,"href":"https:\/\/espirita.store\/index.php?rest_route=%2Fwp%2Fv2%2Fproduct_brand&post=289"},{"taxonomy":"product_cat","embeddable":true,"href":"https:\/\/espirita.store\/index.php?rest_route=%2Fwp%2Fv2%2Fproduct_cat&post=289"},{"taxonomy":"product_tag","embeddable":true,"href":"https:\/\/espirita.store\/index.php?rest_route=%2Fwp%2Fv2%2Fproduct_tag&post=289"}],"curies":[{"name":"wp","href":"https:\/\/api.w.org\/{rel}","templated":true}]}}