{"id":285,"date":"2025-07-14T06:07:55","date_gmt":"2025-07-14T05:07:55","guid":{"rendered":"https:\/\/espirita.store\/?post_type=product&#038;p=285"},"modified":"2025-08-29T21:48:44","modified_gmt":"2025-08-29T20:48:44","slug":"patron-tequila-blanco","status":"publish","type":"product","link":"https:\/\/espirita.store\/?product=patron-tequila-blanco","title":{"rendered":"Patr\u00f3n Tequila Blanco"},"content":{"rendered":"<p style=\"text-align: center\">50 ml<\/p>\n<p style=\"text-align: center\">Tequila ultra premium hecho 100\u202f% de agave azul Weber. Se elabora de forma artesanal con un proceso cuidadoso de cocci\u00f3n, fermentaci\u00f3n y doble destilaci\u00f3n para conservar su pureza y frescura. No se a\u00f1eja, lo que permite apreciar el sabor natural del agave.<\/p>\n<p style=\"text-align: center\"><strong>Pa\u00eds:<\/strong> Jalisco, M\u00e9xico<\/p>\n<p style=\"text-align: center\"><strong>Marca:<\/strong> Patr\u00f3n<\/p>\n<p style=\"text-align: center\"><strong>Tipo:<\/strong> Tequila blanco (silver)<\/p>\n<p style=\"text-align: center\"><strong>Sabor:<\/strong> Agave fresco con notas c\u00edtricas, herbales y un toque de pimienta blanca<\/p>\n<p style=\"text-align: center\"><strong>Maridajes<\/strong><\/p>\n<p style=\"text-align: center\">Ceviches, mariscos frescos, sushi, ensaladas con c\u00edtricos<\/p>\n","protected":false},"excerpt":{"rendered":"<p>50 ml Tequila ultra premium hecho 100\u202f% de agave azul Weber. Se elabora de forma artesanal con un proceso cuidadoso de cocci\u00f3n, fermentaci\u00f3n y doble destilaci\u00f3n para conservar su pureza y frescura. No se a\u00f1eja, lo que permite apreciar el sabor natural del agave. Pa\u00eds: Jalisco, M\u00e9xico Marca: Patr\u00f3n Tipo: Tequila blanco (silver) Sabor: Agave [&hellip;]<\/p>\n","protected":false},"featured_media":363,"comment_status":"open","ping_status":"closed","template":"","meta":[],"product_brand":[],"product_cat":[57],"product_tag":[],"class_list":{"0":"post-285","1":"product","2":"type-product","3":"status-publish","4":"has-post-thumbnail","6":"product_cat-tequila","8":"first","9":"instock","10":"shipping-taxable","11":"purchasable","12":"product-type-simple"},"_links":{"self":[{"href":"https:\/\/espirita.store\/index.php?rest_route=\/wp\/v2\/product\/285","targetHints":{"allow":["GET"]}}],"collection":[{"href":"https:\/\/espirita.store\/index.php?rest_route=\/wp\/v2\/product"}],"about":[{"href":"https:\/\/espirita.store\/index.php?rest_route=\/wp\/v2\/types\/product"}],"replies":[{"embeddable":true,"href":"https:\/\/espirita.store\/index.php?rest_route=%2Fwp%2Fv2%2Fcomments&post=285"}],"wp:featuredmedia":[{"embeddable":true,"href":"https:\/\/espirita.store\/index.php?rest_route=\/wp\/v2\/media\/363"}],"wp:attachment":[{"href":"https:\/\/espirita.store\/index.php?rest_route=%2Fwp%2Fv2%2Fmedia&parent=285"}],"wp:term":[{"taxonomy":"product_brand","embeddable":true,"href":"https:\/\/espirita.store\/index.php?rest_route=%2Fwp%2Fv2%2Fproduct_brand&post=285"},{"taxonomy":"product_cat","embeddable":true,"href":"https:\/\/espirita.store\/index.php?rest_route=%2Fwp%2Fv2%2Fproduct_cat&post=285"},{"taxonomy":"product_tag","embeddable":true,"href":"https:\/\/espirita.store\/index.php?rest_route=%2Fwp%2Fv2%2Fproduct_tag&post=285"}],"curies":[{"name":"wp","href":"https:\/\/api.w.org\/{rel}","templated":true}]}}