{"id":283,"date":"2025-07-14T05:56:55","date_gmt":"2025-07-14T04:56:55","guid":{"rendered":"https:\/\/espirita.store\/?post_type=product&#038;p=283"},"modified":"2025-08-29T21:48:57","modified_gmt":"2025-08-29T20:48:57","slug":"patron-anejo-tequila","status":"publish","type":"product","link":"https:\/\/espirita.store\/?product=patron-anejo-tequila","title":{"rendered":"Patr\u00f3n A\u00f1ejo Tequila"},"content":{"rendered":"<p style=\"text-align: center\">50 ML<\/p>\n<p style=\"text-align: center\">Elaborado con agave azul Weber 100\u202f% puro, utilizando un proceso tradicional de cocci\u00f3n en hornos de piedra y destilaci\u00f3n en peque\u00f1os alambiques de cobre. Envejecido en barricas de roble durante al menos 12 meses.<\/p>\n<p style=\"text-align: center\"><strong>Pa\u00eds:<\/strong> Jalisco, M\u00e9xico<\/p>\n<p style=\"text-align: center\"><strong>Marca:<\/strong> Patr\u00f3n<\/p>\n<p style=\"text-align: center\"><strong>Tipo:<\/strong> Tequila a\u00f1ejo<\/p>\n<p style=\"text-align: center\"><strong>Sabor:<\/strong> Madera de roble con notas de vainilla, pasas, miel y un toque de especias<\/p>\n<p style=\"text-align: center\"><strong>Maridajes<\/strong><\/p>\n<p style=\"text-align: center\">Chocolate amargo, quesos maduros, carnes a la parrilla<\/p>\n","protected":false},"excerpt":{"rendered":"<p>50 ML Elaborado con agave azul Weber 100\u202f% puro, utilizando un proceso tradicional de cocci\u00f3n en hornos de piedra y destilaci\u00f3n en peque\u00f1os alambiques de cobre. Envejecido en barricas de roble durante al menos 12 meses. Pa\u00eds: Jalisco, M\u00e9xico Marca: Patr\u00f3n Tipo: Tequila a\u00f1ejo Sabor: Madera de roble con notas de vainilla, pasas, miel y [&hellip;]<\/p>\n","protected":false},"featured_media":362,"comment_status":"open","ping_status":"closed","template":"","meta":[],"product_brand":[],"product_cat":[57],"product_tag":[],"class_list":{"0":"post-283","1":"product","2":"type-product","3":"status-publish","4":"has-post-thumbnail","6":"product_cat-tequila","8":"first","9":"instock","10":"shipping-taxable","11":"purchasable","12":"product-type-simple"},"_links":{"self":[{"href":"https:\/\/espirita.store\/index.php?rest_route=\/wp\/v2\/product\/283","targetHints":{"allow":["GET"]}}],"collection":[{"href":"https:\/\/espirita.store\/index.php?rest_route=\/wp\/v2\/product"}],"about":[{"href":"https:\/\/espirita.store\/index.php?rest_route=\/wp\/v2\/types\/product"}],"replies":[{"embeddable":true,"href":"https:\/\/espirita.store\/index.php?rest_route=%2Fwp%2Fv2%2Fcomments&post=283"}],"wp:featuredmedia":[{"embeddable":true,"href":"https:\/\/espirita.store\/index.php?rest_route=\/wp\/v2\/media\/362"}],"wp:attachment":[{"href":"https:\/\/espirita.store\/index.php?rest_route=%2Fwp%2Fv2%2Fmedia&parent=283"}],"wp:term":[{"taxonomy":"product_brand","embeddable":true,"href":"https:\/\/espirita.store\/index.php?rest_route=%2Fwp%2Fv2%2Fproduct_brand&post=283"},{"taxonomy":"product_cat","embeddable":true,"href":"https:\/\/espirita.store\/index.php?rest_route=%2Fwp%2Fv2%2Fproduct_cat&post=283"},{"taxonomy":"product_tag","embeddable":true,"href":"https:\/\/espirita.store\/index.php?rest_route=%2Fwp%2Fv2%2Fproduct_tag&post=283"}],"curies":[{"name":"wp","href":"https:\/\/api.w.org\/{rel}","templated":true}]}}