{"id":241,"date":"2024-07-11T15:20:13","date_gmt":"2024-07-11T14:20:13","guid":{"rendered":"https:\/\/espirita.store\/?post_type=product&#038;p=241"},"modified":"2025-08-29T21:51:36","modified_gmt":"2025-08-29T20:51:36","slug":"kim-crawford-sauvignon-blanc","status":"publish","type":"product","link":"https:\/\/espirita.store\/?product=kim-crawford-sauvignon-blanc","title":{"rendered":"Kim Crawford Sauvignon Blanc"},"content":{"rendered":"<p style=\"text-align: center\">Marlborough Nueva Zelanda &#8211; En Nariz, Un Bouquet de Citricos Y Frutas Tropicales respandados por notas herbaceas caractericas. Un Vino exuberante, rebosante de sabores a Pi\u00f1a Y Fruta de Hueso con un toque herbaceo en boca. al fianl es fresco y Picante<\/p>\n<p style=\"text-align: center\">AGRIOS &#8211; PI\u00d1A &#8211; LIMON<\/p>\n<p style=\"text-align: center\"><b>Pa\u00eds : Nueva Zelanda<\/b><br \/>\nTipo De Vino: Kim Crawford<br \/>\nEstilo: Crujiente<br \/>\nCuerpo: De cuerpo Mediano<\/p>\n<p style=\"text-align: center\"><b>Region: Marlborough<\/b><br \/>\nTipo de Vino : Vino Blanco<br \/>\nVarietal: Sauvignon Blanc<br \/>\nGusto: Citricos, Pi\u00f1a,\u00a0Lim\u00f3n<\/p>\n<p style=\"text-align: center\"><b>Maridaje<\/b><br \/>\nPollo, Mariscos, Vegetales a la parrilla<\/p>\n","protected":false},"excerpt":{"rendered":"<p>Marlborough Nueva Zelanda &#8211; En Nariz, Un Bouquet de Citricos Y Frutas Tropicales respandados por notas herbaceas caractericas. Un Vino exuberante, rebosante de sabores a Pi\u00f1a Y Fruta de Hueso con un toque herbaceo en boca. al fianl es fresco y Picante AGRIOS &#8211; PI\u00d1A &#8211; LIMON Pa\u00eds : Nueva Zelanda Tipo De Vino: Kim [&hellip;]<\/p>\n","protected":false},"featured_media":215,"comment_status":"open","ping_status":"closed","template":"","meta":[],"product_brand":[],"product_cat":[30],"product_tag":[],"class_list":{"0":"post-241","1":"product","2":"type-product","3":"status-publish","4":"has-post-thumbnail","6":"product_cat-vino-blanco","8":"first","9":"instock","10":"shipping-taxable","11":"purchasable","12":"product-type-simple"},"_links":{"self":[{"href":"https:\/\/espirita.store\/index.php?rest_route=\/wp\/v2\/product\/241","targetHints":{"allow":["GET"]}}],"collection":[{"href":"https:\/\/espirita.store\/index.php?rest_route=\/wp\/v2\/product"}],"about":[{"href":"https:\/\/espirita.store\/index.php?rest_route=\/wp\/v2\/types\/product"}],"replies":[{"embeddable":true,"href":"https:\/\/espirita.store\/index.php?rest_route=%2Fwp%2Fv2%2Fcomments&post=241"}],"wp:featuredmedia":[{"embeddable":true,"href":"https:\/\/espirita.store\/index.php?rest_route=\/wp\/v2\/media\/215"}],"wp:attachment":[{"href":"https:\/\/espirita.store\/index.php?rest_route=%2Fwp%2Fv2%2Fmedia&parent=241"}],"wp:term":[{"taxonomy":"product_brand","embeddable":true,"href":"https:\/\/espirita.store\/index.php?rest_route=%2Fwp%2Fv2%2Fproduct_brand&post=241"},{"taxonomy":"product_cat","embeddable":true,"href":"https:\/\/espirita.store\/index.php?rest_route=%2Fwp%2Fv2%2Fproduct_cat&post=241"},{"taxonomy":"product_tag","embeddable":true,"href":"https:\/\/espirita.store\/index.php?rest_route=%2Fwp%2Fv2%2Fproduct_tag&post=241"}],"curies":[{"name":"wp","href":"https:\/\/api.w.org\/{rel}","templated":true}]}}