{"id":240,"date":"2024-07-11T15:13:49","date_gmt":"2024-07-11T14:13:49","guid":{"rendered":"https:\/\/espirita.store\/?post_type=product&#038;p=240"},"modified":"2025-07-16T04:28:11","modified_gmt":"2025-07-16T03:28:11","slug":"coppola-diamont-claret","status":"publish","type":"product","link":"https:\/\/espirita.store\/?product=coppola-diamont-claret","title":{"rendered":"Francis Coppola Diamond Collection Claret"},"content":{"rendered":"<p style=\"text-align: center\">750\u202fml<\/p>\n<p style=\"text-align: center\"><br data-start=\"1664\" data-end=\"1667\" \/>Vino tinto seco de estilo bordel\u00e9s, elaborado en California. Complejo, elegante y con cuerpo, ideal para maridar con comidas m\u00e1s estructuradas o para ocasiones especiales.<\/p>\n<p style=\"text-align: center\">\n<p style=\"text-align: center\" data-start=\"1870\" data-end=\"1909\"><strong data-start=\"1870\" data-end=\"1879\">Pa\u00eds:<\/strong> Estados Unidos (California)<\/p>\n<p style=\"text-align: center\" data-start=\"1912\" data-end=\"1953\"><strong data-start=\"1912\" data-end=\"1923\">Bodega:<\/strong> Francis Ford Coppola Winery<\/p>\n<p style=\"text-align: center\" data-start=\"1956\" data-end=\"2070\"><strong data-start=\"1956\" data-end=\"1965\">Tipo:<\/strong> Vino tinto seco (mezcla tipo Claret: principalmente Cabernet Sauvignon con Merlot, Petit Verdot, etc.)<\/p>\n<p style=\"text-align: center\" data-start=\"2073\" data-end=\"2148\"><strong data-start=\"2073\" data-end=\"2083\">Sabor:<\/strong> Cassis, cereza negra, roble tostado, especias y taninos firmes<\/p>\n<p style=\"text-align: center\" data-start=\"2151\" data-end=\"2206\"><strong data-start=\"2151\" data-end=\"2177\">Graduaci\u00f3n alcoh\u00f3lica:<\/strong> Aproximadamente 13.5\u201314% ABV<\/p>\n<p style=\"text-align: center\"><strong data-start=\"2208\" data-end=\"2222\">Maridajes:<\/strong><br data-start=\"2222\" data-end=\"2225\" \/>Carnes rojas, costillas a la barbacoa, pastas con salsas robustas, quesos curados.<\/p>\n","protected":false},"excerpt":{"rendered":"<p>750\u202fml Vino tinto seco de estilo bordel\u00e9s, elaborado en California. Complejo, elegante y con cuerpo, ideal para maridar con comidas m\u00e1s estructuradas o para ocasiones especiales. Pa\u00eds: Estados Unidos (California) Bodega: Francis Ford Coppola Winery Tipo: Vino tinto seco (mezcla tipo Claret: principalmente Cabernet Sauvignon con Merlot, Petit Verdot, etc.) Sabor: Cassis, cereza negra, roble [&hellip;]<\/p>\n","protected":false},"featured_media":211,"comment_status":"open","ping_status":"closed","template":"","meta":[],"product_brand":[],"product_cat":[31],"product_tag":[],"class_list":{"0":"post-240","1":"product","2":"type-product","3":"status-publish","4":"has-post-thumbnail","6":"product_cat-vino-tinto","8":"first","9":"instock","10":"shipping-taxable","11":"purchasable","12":"product-type-simple"},"_links":{"self":[{"href":"https:\/\/espirita.store\/index.php?rest_route=\/wp\/v2\/product\/240","targetHints":{"allow":["GET"]}}],"collection":[{"href":"https:\/\/espirita.store\/index.php?rest_route=\/wp\/v2\/product"}],"about":[{"href":"https:\/\/espirita.store\/index.php?rest_route=\/wp\/v2\/types\/product"}],"replies":[{"embeddable":true,"href":"https:\/\/espirita.store\/index.php?rest_route=%2Fwp%2Fv2%2Fcomments&post=240"}],"wp:featuredmedia":[{"embeddable":true,"href":"https:\/\/espirita.store\/index.php?rest_route=\/wp\/v2\/media\/211"}],"wp:attachment":[{"href":"https:\/\/espirita.store\/index.php?rest_route=%2Fwp%2Fv2%2Fmedia&parent=240"}],"wp:term":[{"taxonomy":"product_brand","embeddable":true,"href":"https:\/\/espirita.store\/index.php?rest_route=%2Fwp%2Fv2%2Fproduct_brand&post=240"},{"taxonomy":"product_cat","embeddable":true,"href":"https:\/\/espirita.store\/index.php?rest_route=%2Fwp%2Fv2%2Fproduct_cat&post=240"},{"taxonomy":"product_tag","embeddable":true,"href":"https:\/\/espirita.store\/index.php?rest_route=%2Fwp%2Fv2%2Fproduct_tag&post=240"}],"curies":[{"name":"wp","href":"https:\/\/api.w.org\/{rel}","templated":true}]}}