{"id":236,"date":"2024-07-11T15:04:30","date_gmt":"2024-07-11T14:04:30","guid":{"rendered":"https:\/\/espirita.store\/?post_type=product&#038;p=236"},"modified":"2025-07-16T04:02:44","modified_gmt":"2025-07-16T03:02:44","slug":"stella-blueberry","status":"publish","type":"product","link":"https:\/\/espirita.store\/?product=stella-blueberry","title":{"rendered":"Stella Rosa Blueberry"},"content":{"rendered":"<p style=\"text-align: center\">750\u202fml<\/p>\n<p style=\"text-align: center\">Vino tinto semidulce y ligeramente espumoso con sabor a ar\u00e1ndano maduro. De cuerpo ligero y afrutado, perfecto para quienes disfrutan vinos suaves, dulces y con notas frutales intensas.<\/p>\n<p style=\"text-align: center\" data-start=\"428\" data-end=\"446\"><strong data-start=\"428\" data-end=\"437\">Pa\u00eds:<\/strong> Italia<\/p>\n<p style=\"text-align: center\" data-start=\"449\" data-end=\"499\"><strong data-start=\"449\" data-end=\"460\">Bodega:<\/strong> Stella Rosa (by Riboli Family Wines)<\/p>\n<p style=\"text-align: center\" data-start=\"502\" data-end=\"548\"><strong data-start=\"502\" data-end=\"511\">Tipo:<\/strong> Vino tinto aromatizado \/ Frizzante<\/p>\n<p style=\"text-align: center\" data-start=\"551\" data-end=\"619\"><strong data-start=\"551\" data-end=\"561\">Sabor:<\/strong> Ar\u00e1ndano fresco, con notas dulces y \u00e1cidas equilibradas<\/p>\n<p style=\"text-align: center\" data-start=\"622\" data-end=\"671\"><strong data-start=\"622\" data-end=\"648\">Graduaci\u00f3n alcoh\u00f3lica:<\/strong> Aproximadamente 5% ABV<\/p>\n<p style=\"text-align: center\"><strong data-start=\"673\" data-end=\"687\">Maridajes:<\/strong><br data-start=\"687\" data-end=\"690\" \/>Quesos cremosos, postres de frutos rojos, pasteles de chocolate, carnes fr\u00edas o como bebida refrescante para tardes calurosas.<\/p>\n","protected":false},"excerpt":{"rendered":"<p>750\u202fml Vino tinto semidulce y ligeramente espumoso con sabor a ar\u00e1ndano maduro. De cuerpo ligero y afrutado, perfecto para quienes disfrutan vinos suaves, dulces y con notas frutales intensas. Pa\u00eds: Italia Bodega: Stella Rosa (by Riboli Family Wines) Tipo: Vino tinto aromatizado \/ Frizzante Sabor: Ar\u00e1ndano fresco, con notas dulces y \u00e1cidas equilibradas Graduaci\u00f3n alcoh\u00f3lica: [&hellip;]<\/p>\n","protected":false},"featured_media":229,"comment_status":"open","ping_status":"closed","template":"","meta":[],"product_brand":[],"product_cat":[31],"product_tag":[],"class_list":{"0":"post-236","1":"product","2":"type-product","3":"status-publish","4":"has-post-thumbnail","6":"product_cat-vino-tinto","8":"first","9":"instock","10":"shipping-taxable","11":"purchasable","12":"product-type-simple"},"_links":{"self":[{"href":"https:\/\/espirita.store\/index.php?rest_route=\/wp\/v2\/product\/236","targetHints":{"allow":["GET"]}}],"collection":[{"href":"https:\/\/espirita.store\/index.php?rest_route=\/wp\/v2\/product"}],"about":[{"href":"https:\/\/espirita.store\/index.php?rest_route=\/wp\/v2\/types\/product"}],"replies":[{"embeddable":true,"href":"https:\/\/espirita.store\/index.php?rest_route=%2Fwp%2Fv2%2Fcomments&post=236"}],"wp:featuredmedia":[{"embeddable":true,"href":"https:\/\/espirita.store\/index.php?rest_route=\/wp\/v2\/media\/229"}],"wp:attachment":[{"href":"https:\/\/espirita.store\/index.php?rest_route=%2Fwp%2Fv2%2Fmedia&parent=236"}],"wp:term":[{"taxonomy":"product_brand","embeddable":true,"href":"https:\/\/espirita.store\/index.php?rest_route=%2Fwp%2Fv2%2Fproduct_brand&post=236"},{"taxonomy":"product_cat","embeddable":true,"href":"https:\/\/espirita.store\/index.php?rest_route=%2Fwp%2Fv2%2Fproduct_cat&post=236"},{"taxonomy":"product_tag","embeddable":true,"href":"https:\/\/espirita.store\/index.php?rest_route=%2Fwp%2Fv2%2Fproduct_tag&post=236"}],"curies":[{"name":"wp","href":"https:\/\/api.w.org\/{rel}","templated":true}]}}